{"id":7865,"date":"2024-01-03T14:52:22","date_gmt":"2024-01-03T13:52:22","guid":{"rendered":"https:\/\/antykilion.pl\/?post_type=product&#038;p=7865"},"modified":"2024-08-07T14:16:27","modified_gmt":"2024-08-07T12:16:27","slug":"omega-damska-genewa-18-karatowe-zloto-z-bransoletka-z-18-karatowego-zlota","status":"publish","type":"product","link":"https:\/\/antykilion.pl\/fr\/product\/omega-damska-genewa-18-karatowe-zloto-z-bransoletka-z-18-karatowego-zlota\/","title":{"rendered":"OMEGA damska, Genewa, 18-karatowe z\u0142oto z bransoletk\u0105 z 18-karatowego z\u0142ota"},"content":{"rendered":"","protected":false},"excerpt":{"rendered":"<p>OMEGA damska, Genewa, 18-karatowe z\u0142oto z bransoletk\u0105 z 18-karatowego z\u0142ota<\/p>\n<p>MECHANIZM:\u00a0Zegarek wyposa\u017cony jest w sygnowany, oryginalny mechanizm OMEGA Geneva z naci\u0105giem manualnym. Mechanizm jest w doskona\u0142ej kondycji, po przegl\u0105dzie zegarmistrzowskim, zosta\u0142 oczyszczony i przygotowany do pracy na kolejne d\u0142ugie lata, gwarancja 2 lata<\/p>\n<p>KOPERTA:\u00a0Oryginalna, sygnowana i numerowana, wykonana z\u00a0litego z\u0142ota pr\u00f3by 18K \/ 750.<\/p>\n<p>DEKIEL:\u00a0Oryginalny, wykonany z\u00a0litego z\u0142ota pr\u00f3by 18K \/ 750, wciskany, sygnowany i numerowany.<\/p>\n<p>WYMIARY: szeroko\u015b\u0107 z koronk\u0105 19mm, bez koronki 17mm, grubo\u015b\u0107 ze szk\u0142em 7mm.<\/p>\n<p>TARCZA: Oryginalna, szampa\u0144ska tarcza OMEGA, z nak\u0142adanymi prostymi indeksami, w bardzo dobrym, widocznym na zdj\u0119ciach stanie &#8211; nigdy nie poddawana renowacji.<\/p>\n<p>WSKAZ\u00d3WKI:\u00a0Oryginalne, z\u0142ote, cz\u0119\u015bciowo malowane na czarno.<\/p>\n<p>KORONKA:\u00a0Oryginalna koronka OMEGA z logo producenta.<\/p>\n<p>SZK\u0141O:\u00a0Oryginalne, szafirowe szk\u0142o.<\/p>\n<p>BRANSOLETA:\u00a0Oryginalna, sygnowana, zintegrowana bransoleta Omega wykonana z litego z\u0142ota pr\u00f3by 18K \/ 750, o regulacji d\u0142ugo\u015bci w zakresie ok.<\/p>\n<p>PUDE\u0141KO: Nowe, orginalne Omegi<\/p>\n<p>Waga ca\u0142kowita : .23,32 grama<\/p>\n<p>Beau !!!<\/p>","protected":false},"featured_media":7866,"comment_status":"closed","ping_status":"closed","template":"","meta":[],"product_cat":[65,66,68,51],"product_tag":[],"class_list":{"0":"post-7865","1":"product","2":"type-product","3":"status-publish","4":"has-post-thumbnail","6":"product_cat-bizuteria","7":"product_cat-zegarki","8":"product_cat-zegarki-nareczne-zegary","9":"product_cat-zegary","11":"entry","12":"has-media","14":"first","15":"instock","16":"taxable","17":"shipping-taxable","18":"purchasable","19":"product-type-simple","20":"has-product-nav","21":"col","22":"span_1_of_3","23":"owp-content-center","24":"owp-thumbs-layout-horizontal","25":"owp-btn-normal","26":"owp-tabs-layout-horizontal"},"aioseo_notices":[],"_links":{"self":[{"href":"https:\/\/antykilion.pl\/fr\/wp-json\/wp\/v2\/product\/7865","targetHints":{"allow":["GET"]}}],"collection":[{"href":"https:\/\/antykilion.pl\/fr\/wp-json\/wp\/v2\/product"}],"about":[{"href":"https:\/\/antykilion.pl\/fr\/wp-json\/wp\/v2\/types\/product"}],"replies":[{"embeddable":true,"href":"https:\/\/antykilion.pl\/fr\/wp-json\/wp\/v2\/comments?post=7865"}],"wp:featuredmedia":[{"embeddable":true,"href":"https:\/\/antykilion.pl\/fr\/wp-json\/wp\/v2\/media\/7866"}],"wp:attachment":[{"href":"https:\/\/antykilion.pl\/fr\/wp-json\/wp\/v2\/media?parent=7865"}],"wp:term":[{"taxonomy":"product_cat","embeddable":true,"href":"https:\/\/antykilion.pl\/fr\/wp-json\/wp\/v2\/product_cat?post=7865"},{"taxonomy":"product_tag","embeddable":true,"href":"https:\/\/antykilion.pl\/fr\/wp-json\/wp\/v2\/product_tag?post=7865"}],"curies":[{"name":"wp","href":"https:\/\/api.w.org\/{rel}","templated":true}]}}