{"id":7978,"date":"2024-03-22T07:51:45","date_gmt":"2024-03-22T06:51:45","guid":{"rendered":"https:\/\/antykilion.pl\/?post_type=product&#038;p=7978"},"modified":"2025-02-15T15:34:41","modified_gmt":"2025-02-15T14:34:41","slug":"piekny-stary-gramofon-z-bordowa-tuba-ok-1915-rok","status":"publish","type":"product","link":"https:\/\/antykilion.pl\/fr\/product\/piekny-stary-gramofon-z-bordowa-tuba-ok-1915-rok\/","title":{"rendered":"Pi\u0119kny stary gramofon, z bordow\u0105 tub\u0105, ok. 1915 rok"},"content":{"rendered":"","protected":false},"excerpt":{"rendered":"<p>Pi\u0119kny stary gramofon, z bordow\u0105 tub\u0105, ok. 1915 rok<\/p>\n<p>Gramofon patefon z malowan\u0105 na kremowo bordow\u0105 tub\u0105 o \u015brednicy ok. 50 cm, oryginalnie zachowan\u0105.<\/p>\n<p>Fabricant inconnu, ann\u00e9e de production: environ 1900\/1915.<\/p>\n<p>L&#039;\u00e9quipement a un m\u00e9canisme d&#039;origine qui fonctionne, est complet et pr\u00eat pour la lecture.<\/p>\n<p>Il est purifi\u00e9<\/p>\n<p>Une bo\u00eete en bois de 31 cm sur 31 cm<\/p>\n<p>Wysoko\u015b\u0107 z tub\u0105 67 cm<\/p>\n<p>Gramofon patefon, posiada regulator obrot\u00f3w (z boku), hamulec, korbk\u0119 i g\u0142owic\u0119.<\/p>\n<p>Materia\u0142: drewno i metal<\/p>\n<p>Stan bardzo dobry orginalny lekka patyna i w pe\u0142ni sprawny, bardzo \u0142adnie gra<\/p>","protected":false},"featured_media":7979,"comment_status":"closed","ping_status":"closed","template":"","meta":[],"product_cat":[16,55],"product_tag":[],"class_list":{"0":"post-7978","1":"product","2":"type-product","3":"status-publish","4":"has-post-thumbnail","6":"product_cat-inne","7":"product_cat-varia","9":"entry","10":"has-media","12":"first","13":"instock","14":"taxable","15":"shipping-taxable","16":"purchasable","17":"product-type-simple","18":"has-product-nav","19":"col","20":"span_1_of_3","21":"owp-content-center","22":"owp-thumbs-layout-horizontal","23":"owp-btn-normal","24":"owp-tabs-layout-horizontal"},"aioseo_notices":[],"_links":{"self":[{"href":"https:\/\/antykilion.pl\/fr\/wp-json\/wp\/v2\/product\/7978","targetHints":{"allow":["GET"]}}],"collection":[{"href":"https:\/\/antykilion.pl\/fr\/wp-json\/wp\/v2\/product"}],"about":[{"href":"https:\/\/antykilion.pl\/fr\/wp-json\/wp\/v2\/types\/product"}],"replies":[{"embeddable":true,"href":"https:\/\/antykilion.pl\/fr\/wp-json\/wp\/v2\/comments?post=7978"}],"wp:featuredmedia":[{"embeddable":true,"href":"https:\/\/antykilion.pl\/fr\/wp-json\/wp\/v2\/media\/7979"}],"wp:attachment":[{"href":"https:\/\/antykilion.pl\/fr\/wp-json\/wp\/v2\/media?parent=7978"}],"wp:term":[{"taxonomy":"product_cat","embeddable":true,"href":"https:\/\/antykilion.pl\/fr\/wp-json\/wp\/v2\/product_cat?post=7978"},{"taxonomy":"product_tag","embeddable":true,"href":"https:\/\/antykilion.pl\/fr\/wp-json\/wp\/v2\/product_tag?post=7978"}],"curies":[{"name":"wp","href":"https:\/\/api.w.org\/{rel}","templated":true}]}}