{"id":8109,"date":"2024-04-14T18:28:51","date_gmt":"2024-04-14T16:28:51","guid":{"rendered":"https:\/\/antykilion.pl\/?post_type=product&#038;p=8109"},"modified":"2024-04-14T18:28:52","modified_gmt":"2024-04-14T16:28:52","slug":"egbert-lievensz-van-der-poel-delft-1621-1664-rotterdam-prace-na-farmie","status":"publish","type":"product","link":"https:\/\/antykilion.pl\/fr\/product\/egbert-lievensz-van-der-poel-delft-1621-1664-rotterdam-prace-na-farmie\/","title":{"rendered":"EGBERT LIEVENSZ VAN DER POEL (Delft 1621 \u20131664 Rotterdam) prace na farmie"},"content":{"rendered":"","protected":false},"excerpt":{"rendered":"<p>EGBERT LIEVENSZ VAN DER POEL (Delft 1621 \u20131664 Rotterdam) prace na farmie<\/p>\n<p>Van der Poel urodzi\u0142 si\u0119 w Delft, jednak kojarzy si\u0119 go g\u0142\u00f3wnie z Rotterdamem, gdzie, jak si\u0119 przypuszcza, odbywa\u0142 nauk\u0119 w pracowni Cornelisa Saftlevena1. W 1650 roku artysta wst\u0105pi\u0142 do cechu \u015bw. \u0141ukasza w Delft, jednak po niszczycielsk\u0105 eksplozj\u0119 prochowni w dniu 12 pa\u017adziernika 1654 roku, w wyniku kt\u00f3rej straci\u0142 dziecko, zdecydowa\u0142 si\u0119 na sta\u0142e opu\u015bci\u0107 miasto i osiedli\u0107 si\u0119 w Rotterdamie. Zainteresowanie Van der Poela katastrofami, kt\u00f3re znalaz\u0142o odzwierciedlenie w po\u017carach jego wioski, jest r\u00f3wnie\u017c widoczne na wielu obrazach, kt\u00f3re namalowa\u0142 przedstawiaj\u0105cych eksplozj\u0119 prochu w jego rodzinnym mie\u015bcie. Najwyra\u017aniej istnia\u0142 o\u017cywiony rynek dla tego rodzaju scen, siedemnastowiecznej odmiany dzisiejszej \u201eturystyki po katastrofach\u201d. Ale to przede wszystkim jego brandjes (ogniska), jak je nazywano, uczyni\u0142y go s\u0142awnym. W swoich czasach by\u0142 nawet uznawany za najlepszego \u201emalarza ognia\u201d w Holandii. W\u015br\u00f3d jego zwolennik\u00f3w s\u0105 Adam de Colonia, Willem Gillisz Kool i Cornelis Snellinck. Znana jest niewielka liczba obraz\u00f3w, kt\u00f3re Van der Poel namalowa\u0142 przed katastrof\u0105 prochow\u0105, na ten okres datuje si\u0119 tak\u017ce obecne dzie\u0142o, namalowane w drugiej po\u0142owie lat czterdziestych XVII wieku. Mo\u017cna go por\u00f3wna\u0107 do sygnowanego Pejza\u017cu z folwarkiem nad rzek\u0105, datowanego na 1647 r., zachowanego w Kunsthistorisches Museum w Wiedniu, wielko\u015bci niemal identycznej z naszym obrazem (il.2). Obraz wiede\u0144ski znajdowa\u0142 si\u0119 w zbiorach arcyksi\u0119cia Leopolda Wilhelma i wzmiankowany jest w jego inwentarzu z 1659 r. NABYTE PRZEZ MUZEUM WESTFRIES W HOORN 1. O arty\u015bcie zob. A. Goldschmidt, \u201eEgbert van der Poel und Adriaen van der Poel\u201d, Oud Holland 40 (1923), s. 23. 57-66 oraz Allgemeines K\u00fcnstlerlexikon: die bildenden K\u00fcnstler aller Zeiten und V\u00f6lker Saura, Monachium 1992, t. 8, s. 56. 2. Panel, 58,5 x 83 cm, nr inw. NIE. GG 579; Martina Haja (red.), Die Gem\u00e4ldegalerie des Kunsthistorischen Museums in Wien: Verzeichnis der Gem\u00e4lde, Wiede\u0144 1991, s. 25. 96, tablica 518<\/p>\n<p>Technika: olej na desce<\/p>\n<p>Stan: bardzo dobry, kiedy\u015b naprawiana deska\u00a0<\/p>\n<p>Sygnatura: Nie znaleziono pochodzenie z bardzo dobrej kolekcji zakupiony 1927 r w Angielko- Szweckiej galerii liczne nalepki na rewersie deski.<\/p>\n<p>Wymiary:\u00a0 deska 58 cm na 83 cm + rama<\/p>\n<p>Do ka\u017cdego przedmiotu Galeria wystawia certyfikat.<\/p>","protected":false},"featured_media":8111,"comment_status":"closed","ping_status":"closed","template":"","meta":[],"product_cat":[41,39,40],"product_tag":[],"class_list":{"0":"post-8109","1":"product","2":"type-product","3":"status-publish","4":"has-post-thumbnail","6":"product_cat-malarstwo-dawne","7":"product_cat-dziela-sztuki","8":"product_cat-malarstwo","10":"entry","11":"has-media","13":"first","14":"instock","15":"taxable","16":"shipping-taxable","17":"purchasable","18":"product-type-simple","19":"has-product-nav","20":"col","21":"span_1_of_3","22":"owp-content-center","23":"owp-thumbs-layout-horizontal","24":"owp-btn-normal","25":"owp-tabs-layout-horizontal"},"aioseo_notices":[],"_links":{"self":[{"href":"https:\/\/antykilion.pl\/fr\/wp-json\/wp\/v2\/product\/8109","targetHints":{"allow":["GET"]}}],"collection":[{"href":"https:\/\/antykilion.pl\/fr\/wp-json\/wp\/v2\/product"}],"about":[{"href":"https:\/\/antykilion.pl\/fr\/wp-json\/wp\/v2\/types\/product"}],"replies":[{"embeddable":true,"href":"https:\/\/antykilion.pl\/fr\/wp-json\/wp\/v2\/comments?post=8109"}],"wp:featuredmedia":[{"embeddable":true,"href":"https:\/\/antykilion.pl\/fr\/wp-json\/wp\/v2\/media\/8111"}],"wp:attachment":[{"href":"https:\/\/antykilion.pl\/fr\/wp-json\/wp\/v2\/media?parent=8109"}],"wp:term":[{"taxonomy":"product_cat","embeddable":true,"href":"https:\/\/antykilion.pl\/fr\/wp-json\/wp\/v2\/product_cat?post=8109"},{"taxonomy":"product_tag","embeddable":true,"href":"https:\/\/antykilion.pl\/fr\/wp-json\/wp\/v2\/product_tag?post=8109"}],"curies":[{"name":"wp","href":"https:\/\/api.w.org\/{rel}","templated":true}]}}