{"id":8116,"date":"2024-04-18T13:41:52","date_gmt":"2024-04-18T11:41:52","guid":{"rendered":"https:\/\/antykilion.pl\/?post_type=product&#038;p=8116"},"modified":"2024-04-18T13:41:53","modified_gmt":"2024-04-18T11:41:53","slug":"miklos-mihalovits-akt-mlodej-dziewczyny-piekny-i-ogromny","status":"publish","type":"product","link":"https:\/\/antykilion.pl\/fr\/product\/miklos-mihalovits-akt-mlodej-dziewczyny-piekny-i-ogromny\/","title":{"rendered":"Miklos Mihalovits akt m\u0142odej dziewczyny  Pi\u0119kny i ogromny"},"content":{"rendered":"","protected":false},"excerpt":{"rendered":"<p>Miklos Mihalovits (1888 \u2013 1960), akt m\u0142odej dziewczyny.<\/p>\n<p>Beau!<\/p>\n<p>Technique: huile sur toile<\/p>\n<p>Condition: petits points sous forme d&#039;\u00e9claboussures de peinture<\/p>\n<p>Signature: coin inf\u00e9rieur gauche<\/p>\n<p>Wymiary: z ram\u0105 130 cm na 110 cm<\/p>\n<p>Vous trouverez ci-dessous des informations sur l&#039;artiste.<\/p>\n<p>Malarz. Studiowa\u0142 sztuk\u0119 w Budapeszcie, w Szkole Sztuk Stosowanych i w Szkole Mistrzowskiej Bencz\u00far. Odby\u0142 wyjazd studyjny do W\u0142och i Niemiec. Jeden z za\u0142o\u017cycieli Salonu Narodowego. Opr\u00f3cz obraz\u00f3w malowa\u0142 tak\u017ce freski i wykonywa\u0142 szklane okna. W 1929 roku mia\u0142 wystaw\u0119 zbiorcz\u0105 w M\u0171csarnok. Nagrody: Otrzyma\u0142 nagrod\u0119 jubileuszow\u0105 im. J\u00f3zsefa Ferenca w 1927 r. i nagrod\u0119 Vaszary w 1934 r.<\/p>","protected":false},"featured_media":8117,"comment_status":"closed","ping_status":"closed","template":"","meta":[],"product_cat":[41,39,40],"product_tag":[],"class_list":{"0":"post-8116","1":"product","2":"type-product","3":"status-publish","4":"has-post-thumbnail","6":"product_cat-malarstwo-dawne","7":"product_cat-dziela-sztuki","8":"product_cat-malarstwo","10":"entry","11":"has-media","13":"first","14":"instock","15":"taxable","16":"shipping-taxable","17":"purchasable","18":"product-type-simple","19":"has-product-nav","20":"col","21":"span_1_of_3","22":"owp-content-center","23":"owp-thumbs-layout-horizontal","24":"owp-btn-normal","25":"owp-tabs-layout-horizontal"},"aioseo_notices":[],"_links":{"self":[{"href":"https:\/\/antykilion.pl\/fr\/wp-json\/wp\/v2\/product\/8116","targetHints":{"allow":["GET"]}}],"collection":[{"href":"https:\/\/antykilion.pl\/fr\/wp-json\/wp\/v2\/product"}],"about":[{"href":"https:\/\/antykilion.pl\/fr\/wp-json\/wp\/v2\/types\/product"}],"replies":[{"embeddable":true,"href":"https:\/\/antykilion.pl\/fr\/wp-json\/wp\/v2\/comments?post=8116"}],"wp:featuredmedia":[{"embeddable":true,"href":"https:\/\/antykilion.pl\/fr\/wp-json\/wp\/v2\/media\/8117"}],"wp:attachment":[{"href":"https:\/\/antykilion.pl\/fr\/wp-json\/wp\/v2\/media?parent=8116"}],"wp:term":[{"taxonomy":"product_cat","embeddable":true,"href":"https:\/\/antykilion.pl\/fr\/wp-json\/wp\/v2\/product_cat?post=8116"},{"taxonomy":"product_tag","embeddable":true,"href":"https:\/\/antykilion.pl\/fr\/wp-json\/wp\/v2\/product_tag?post=8116"}],"curies":[{"name":"wp","href":"https:\/\/api.w.org\/{rel}","templated":true}]}}