{"id":8222,"date":"2024-05-12T15:22:28","date_gmt":"2024-05-12T13:22:28","guid":{"rendered":"https:\/\/antykilion.pl\/?post_type=product&#038;p=8222"},"modified":"2024-05-12T15:22:28","modified_gmt":"2024-05-12T13:22:28","slug":"stolik-konsolowy-w-stylu-rokoko-xix-w-zlocony-z-marmurem-obledny","status":"publish","type":"product","link":"https:\/\/antykilion.pl\/fr\/product\/stolik-konsolowy-w-stylu-rokoko-xix-w-zlocony-z-marmurem-obledny\/","title":{"rendered":"Stolik konsolowy w stylu rokoko XIX w z\u0142ocony z marmurem ob\u0142\u0119dny !!!"},"content":{"rendered":"","protected":false},"excerpt":{"rendered":"<p>Stolik konsolowy w stylu rokoko XIX w z\u0142ocony z marmurem ob\u0142\u0119dny !!!<\/p>\n<p>z blatem zbli\u017conym do prostok\u0105ta, falistym w zarysie, wspartym na czterech kabriolowych nogach, spi\u0119tych krzy\u017cakiem, rze\u017abionym, z\u0142oconym. Blat tak zwany r\u00f3\u017cowy marmur herbaciany, ze z\u0142oconym obramieniem i profilowanym obrze\u017cem, Oskrzynienie u do\u0142u fali\u015bcie wyci\u0119te, szerokie ozdobione wraz z nogami o poszerzonych kolanach ceownicami esownicami, li\u015b\u0107mi;<\/p>\n<p>Mebel, plastycznie i bogato rze\u017abiony,\u00a0 bardzo dekoracyjny. Lecz trzeba wiedzie\u0107, \u017ce stolik na tak cieniutkich nogach nie b\u0119dzie masywnym sto\u0142em i zarazem mocno stabilnym sto\u0142em.<\/p>\n<p>Stan: Bardzo dobry orgiinalny , oczywi\u015bcie wida\u0107 drobne \u015blady u\u017cytkowania<\/p>\n<p>Pochodzenie: Pochodzenie: Kolekcja Andreasa Beurmanna, Sala Kominkowa,\u00a0 Pa\u0142ac Gut Hasselburg.<\/p>\n<p>Pokazano w: \u201eM\u00e4rchentraum Hasselburg\u201d, s. 54.<\/p>\n<p>Materia\u0142: buczyna z\u0142ocona<\/p>\n<p>Wymiary: Wysoko\u015b\u0107 83 cm, d\u0142ugo\u015b\u0107 86 cm, szer. 53 cm<\/p>\n<p>Stolik niesamowicie elegancki w formie.<\/p>","protected":false},"featured_media":8223,"comment_status":"closed","ping_status":"closed","template":"","meta":[],"product_cat":[17,33],"product_tag":[],"class_list":{"0":"post-8222","1":"product","2":"type-product","3":"status-publish","4":"has-post-thumbnail","6":"product_cat-meble","7":"product_cat-stoly-stoliki","9":"entry","10":"has-media","12":"first","13":"instock","14":"taxable","15":"shipping-taxable","16":"purchasable","17":"product-type-simple","18":"has-product-nav","19":"col","20":"span_1_of_3","21":"owp-content-center","22":"owp-thumbs-layout-horizontal","23":"owp-btn-normal","24":"owp-tabs-layout-horizontal"},"aioseo_notices":[],"_links":{"self":[{"href":"https:\/\/antykilion.pl\/fr\/wp-json\/wp\/v2\/product\/8222","targetHints":{"allow":["GET"]}}],"collection":[{"href":"https:\/\/antykilion.pl\/fr\/wp-json\/wp\/v2\/product"}],"about":[{"href":"https:\/\/antykilion.pl\/fr\/wp-json\/wp\/v2\/types\/product"}],"replies":[{"embeddable":true,"href":"https:\/\/antykilion.pl\/fr\/wp-json\/wp\/v2\/comments?post=8222"}],"wp:featuredmedia":[{"embeddable":true,"href":"https:\/\/antykilion.pl\/fr\/wp-json\/wp\/v2\/media\/8223"}],"wp:attachment":[{"href":"https:\/\/antykilion.pl\/fr\/wp-json\/wp\/v2\/media?parent=8222"}],"wp:term":[{"taxonomy":"product_cat","embeddable":true,"href":"https:\/\/antykilion.pl\/fr\/wp-json\/wp\/v2\/product_cat?post=8222"},{"taxonomy":"product_tag","embeddable":true,"href":"https:\/\/antykilion.pl\/fr\/wp-json\/wp\/v2\/product_tag?post=8222"}],"curies":[{"name":"wp","href":"https:\/\/api.w.org\/{rel}","templated":true}]}}