{"id":8232,"date":"2024-05-12T15:56:09","date_gmt":"2024-05-12T13:56:09","guid":{"rendered":"https:\/\/antykilion.pl\/?post_type=product&#038;p=8232"},"modified":"2024-05-12T15:56:10","modified_gmt":"2024-05-12T13:56:10","slug":"stol-w-stylu-empirowym-xix-w-1820-r-brazy-zlocone-obledny","status":"publish","type":"product","link":"https:\/\/antykilion.pl\/fr\/product\/stol-w-stylu-empirowym-xix-w-1820-r-brazy-zlocone-obledny\/","title":{"rendered":"St\u00f3\u0142 w stylu empirowym XIX w 1820 r br\u0105zy z\u0142ocone ob\u0142\u0119dny !!!"},"content":{"rendered":"","protected":false},"excerpt":{"rendered":"<p>St\u00f3\u0142 w stylu empirowym XIX w 1820 r br\u0105zy z\u0142ocone ob\u0142\u0119dny !!!<\/p>\n<p>z okr\u0105g\u0142ym, blatem wsparty na trzech toczonych tralkach, umieszczonych na tr\u00f3jbocznej platformie, o prostych bokach i \u015bci\u0119tych naro\u017cach. Na kostkach \u0142\u0105cz\u0105cych nogi z oskrzynieniem &#8211; oraz nad kapitelem i podstaw\u0105, wyt\u0142oczenie liry z br\u0105zu z\u0142oconego.<\/p>\n<p>Pochodzenie:\u00a0 Francja<\/p>\n<p>Stan: bardzo dobry po wcze\u015bniejszej konserwacji,\u00a0 widoczne bardzo minimalne \u015blady u\u017cytkowania<\/p>\n<p>Okleiny maho\u0144 piramidalny, oraz br\u0105zy z\u0142ocone<\/p>\n<p>Wymiary: wysoko\u015b\u0107 76 cm, \u015brednica blatu 90 cm<\/p>\n<p>Pi\u0119kny Pa\u0142acowy mebel, bardzo wysokiej klasy ogromnie poszukiwany na rynku antykwarycznym !!!<\/p>","protected":false},"featured_media":8233,"comment_status":"closed","ping_status":"closed","template":"","meta":[],"product_cat":[17,33],"product_tag":[],"class_list":{"0":"post-8232","1":"product","2":"type-product","3":"status-publish","4":"has-post-thumbnail","6":"product_cat-meble","7":"product_cat-stoly-stoliki","9":"entry","10":"has-media","12":"first","13":"instock","14":"taxable","15":"shipping-taxable","16":"purchasable","17":"product-type-simple","18":"has-product-nav","19":"col","20":"span_1_of_3","21":"owp-content-center","22":"owp-thumbs-layout-horizontal","23":"owp-btn-normal","24":"owp-tabs-layout-horizontal"},"aioseo_notices":[],"_links":{"self":[{"href":"https:\/\/antykilion.pl\/fr\/wp-json\/wp\/v2\/product\/8232","targetHints":{"allow":["GET"]}}],"collection":[{"href":"https:\/\/antykilion.pl\/fr\/wp-json\/wp\/v2\/product"}],"about":[{"href":"https:\/\/antykilion.pl\/fr\/wp-json\/wp\/v2\/types\/product"}],"replies":[{"embeddable":true,"href":"https:\/\/antykilion.pl\/fr\/wp-json\/wp\/v2\/comments?post=8232"}],"wp:featuredmedia":[{"embeddable":true,"href":"https:\/\/antykilion.pl\/fr\/wp-json\/wp\/v2\/media\/8233"}],"wp:attachment":[{"href":"https:\/\/antykilion.pl\/fr\/wp-json\/wp\/v2\/media?parent=8232"}],"wp:term":[{"taxonomy":"product_cat","embeddable":true,"href":"https:\/\/antykilion.pl\/fr\/wp-json\/wp\/v2\/product_cat?post=8232"},{"taxonomy":"product_tag","embeddable":true,"href":"https:\/\/antykilion.pl\/fr\/wp-json\/wp\/v2\/product_tag?post=8232"}],"curies":[{"name":"wp","href":"https:\/\/api.w.org\/{rel}","templated":true}]}}