{"id":826,"date":"2020-02-02T14:02:13","date_gmt":"2020-02-02T13:02:13","guid":{"rendered":"https:\/\/antykilion.pl\/?post_type=product&#038;p=826"},"modified":"2025-02-28T15:54:40","modified_gmt":"2025-02-28T14:54:40","slug":"pierre-de-clausade-french-1910-1976","status":"publish","type":"product","link":"https:\/\/antykilion.pl\/fr\/product\/pierre-de-clausade-french-1910-1976\/","title":{"rendered":"Pierre de Clausade (fran\u00e7ais, 1910-1976)"},"content":{"rendered":"<p>Biographie - Pierre de Clausade [1910\u20131975]<\/p>\n<p>Pierre de Clausade est n\u00e9 \u00e0 Paris le 15 avril 1910. Pierre de Clausade n&#039;a commenc\u00e9 \u00e0 peindre pour des expositions qu&#039;\u00e0 l&#039;\u00e2ge de 31 ans. Cela est d\u00fb \u00e0 sa volont\u00e9 de d\u00e9velopper une technique compl\u00e8tement individuelle qui a n\u00e9cessit\u00e9 une exp\u00e9rimentation sans fin pendant de nombreuses ann\u00e9es. En 1943, l&#039;artiste organise sa premi\u00e8re exposition \u00e0 Paris. Ce fut un \u00e9norme succ\u00e8s et des r\u00e9sultats similaires furent obtenus \u00e0 partir d&#039;expositions ult\u00e9rieures qu&#039;il organisa les ann\u00e9es suivantes. La renomm\u00e9e de Pierre de Clausade se r\u00e9pandit rapidement dans toute l&#039;Europe et atteignit bient\u00f4t l&#039;Am\u00e9rique. Dans les ann\u00e9es 1930, 1940 et 1950, il entreprit \u00e9galement des travaux commerciaux, notamment la lithographie des huiles Esso et le &quot;Gala des Bataillons du ciel&quot;<br \/>\nList\u00e9:<\/p>\n<p>Bient\u00f4t, il expose \u00e0 Paris (Le Salon, Beaux-Arts 1942, 1943, 1944, 1946, 1947, 1948),<\/p>\n<p>Londres, New York, Montr\u00e9al, Rio de Janeiro, Sao Paulo, Lisbonne, Alexandrie, LeCaire, Beyrouth et Vienne. Clausade \u00e9tait membre du Salon d&#039;Hiver et a \u00e9galement fr\u00e9quemment expos\u00e9 \u00e0 la Soci\u00e9t\u00e9 Nationale des Beaux Arts. Des exemples du travail de Clausade peuvent \u00eatre trouv\u00e9s dans les mus\u00e9es de Boston et de Minneapolis.<br \/>\nQu&#039;a peint Pierre de Clausade?<\/p>\n<p>Pierre de Clausade a principalement peint des paysages c\u00f4tiers fran\u00e7ais avec des th\u00e8mes tels que &quot;Normandie&quot;, &quot;Passage de Loire&quot;, &quot;Bords De La Loire&quot;, &quot;La C\u00f4te Bretagne&quot;, &quot;Sc\u00e8ne De Campagne&quot; et &quot;Dans La Dordogne&quot;. Certains ont de simples bateaux de p\u00eache. Cependant, il a \u00e9galement peint Paris avec des titres tels que `` Neige sur Notre Dame &#039;&#039; et `` Pont Neuf &#039;&#039;, et Venise avec des titres tels que `` St. Georges Venise \u00bbet\u00ab Santa Maria Della Salute \u00bb. Ses nus, \u0153uvres publicitaires et portraits sont rarement vus.<\/p>","protected":false},"excerpt":{"rendered":"<p>Pierre de Clausade (fran\u00e7ais, 1910-1976)<br \/>\nBelle peinture de tr\u00e8s grande qualit\u00e9, couleurs aux tons pastels.<br \/>\nTechnique: huile sur toile, cadre d&#039;origine.<br \/>\nStan: obraz po profesjonalnej konserwacji<br \/>\nDimensions: avec un cadre 114 cm par 87 cm<br \/>\nci-dessous la biographie de l&#039;artiste et des informations sur ses \u0153uvres <\/p>","protected":false},"featured_media":5646,"comment_status":"closed","ping_status":"closed","template":"","meta":[],"product_cat":[41,39,40],"product_tag":[],"class_list":{"0":"post-826","1":"product","2":"type-product","3":"status-publish","4":"has-post-thumbnail","6":"product_cat-malarstwo-dawne","7":"product_cat-dziela-sztuki","8":"product_cat-malarstwo","10":"entry","11":"has-media","13":"first","14":"instock","15":"taxable","16":"shipping-taxable","17":"purchasable","18":"product-type-simple","19":"has-product-nav","20":"col","21":"span_1_of_3","22":"owp-content-center","23":"owp-thumbs-layout-horizontal","24":"owp-btn-normal","25":"owp-tabs-layout-horizontal"},"aioseo_notices":[],"_links":{"self":[{"href":"https:\/\/antykilion.pl\/fr\/wp-json\/wp\/v2\/product\/826","targetHints":{"allow":["GET"]}}],"collection":[{"href":"https:\/\/antykilion.pl\/fr\/wp-json\/wp\/v2\/product"}],"about":[{"href":"https:\/\/antykilion.pl\/fr\/wp-json\/wp\/v2\/types\/product"}],"replies":[{"embeddable":true,"href":"https:\/\/antykilion.pl\/fr\/wp-json\/wp\/v2\/comments?post=826"}],"wp:featuredmedia":[{"embeddable":true,"href":"https:\/\/antykilion.pl\/fr\/wp-json\/wp\/v2\/media\/5646"}],"wp:attachment":[{"href":"https:\/\/antykilion.pl\/fr\/wp-json\/wp\/v2\/media?parent=826"}],"wp:term":[{"taxonomy":"product_cat","embeddable":true,"href":"https:\/\/antykilion.pl\/fr\/wp-json\/wp\/v2\/product_cat?post=826"},{"taxonomy":"product_tag","embeddable":true,"href":"https:\/\/antykilion.pl\/fr\/wp-json\/wp\/v2\/product_tag?post=826"}],"curies":[{"name":"wp","href":"https:\/\/api.w.org\/{rel}","templated":true}]}}