{"id":8262,"date":"2024-05-12T18:42:45","date_gmt":"2024-05-12T16:42:45","guid":{"rendered":"https:\/\/antykilion.pl\/?post_type=product&#038;p=8262"},"modified":"2026-03-14T13:08:30","modified_gmt":"2026-03-14T12:08:30","slug":"szafka-bielizniarka-w-stylu-biedermeier-xix-w-okolo-1830-r-piekna","status":"publish","type":"product","link":"https:\/\/antykilion.pl\/fr\/product\/szafka-bielizniarka-w-stylu-biedermeier-xix-w-okolo-1830-r-piekna\/","title":{"rendered":"Szafka, bieli\u017aniarka w stylu Biedermeier XIX w, oko\u0142o 1830 r Pi\u0119kna !!!"},"content":{"rendered":"","protected":false},"excerpt":{"rendered":"<p>Szafka, bieli\u017aniarka w stylu Biedermeier XIX w, oko\u0142o 1830 r Pi\u0119kna !!!<\/p>\n<p>podstawa na planie prostok\u0105ta, z szerokim, profilowanym gzymsem, cok\u00f3\u0142 prostopad\u0142o\u015bcienny, z g\u0142\u0119bok\u0105 szuflad\u0105 u do\u0142u; wy\u017cej szafka z wybrzuszonymi cylindrycznie drzwiczkami; po bokach pilastry; nad szafk\u0105 szuflada; zwie\u0144czenie z wydatnym, profilowanym gzymsem i schodkow\u0105 struktur\u0105 &#8211; z p\u00f3\u0142kolistym blatem na\u0142o\u017conym na prostok\u0105tn\u0105 plint\u0119;<\/p>\n<p>Stan: Bardzo dobry konstrukcyjnie, fornir w ca\u0142o\u015bci lecz wiek zadzia\u0142a\u0142 na niekorzy\u015b\u0107 politury wybarwienia i wyblakni\u0119cia po na\u0142o\u017ceniu nowej mebel na pewno zyska.<\/p>\n<p>Pochodzenie: Polska lub Niemcy<\/p>\n<p>Mat\u00e9riel: acajou<\/p>\n<p>Wymiary: d\u0142ugo\u015b\u0107 75 cm, g\u0142\u0119boko\u015b\u0107 51 cm, wysoko\u015b\u0107 152 cm<\/p>\n<p>Polecam bardzo atrakcyjna cena mebla, warto zainwestowa\u0107 !!!<\/p>","protected":false},"featured_media":8263,"comment_status":"closed","ping_status":"closed","template":"","meta":[],"product_cat":[26,17,34],"product_tag":[],"class_list":{"0":"post-8262","1":"product","2":"type-product","3":"status-publish","4":"has-post-thumbnail","6":"product_cat-komody","7":"product_cat-meble","8":"product_cat-szafy","10":"entry","11":"has-media","13":"first","14":"instock","15":"taxable","16":"shipping-taxable","17":"purchasable","18":"product-type-simple","19":"has-product-nav","20":"col","21":"span_1_of_3","22":"owp-content-center","23":"owp-thumbs-layout-horizontal","24":"owp-btn-normal","25":"owp-tabs-layout-horizontal"},"aioseo_notices":[],"_links":{"self":[{"href":"https:\/\/antykilion.pl\/fr\/wp-json\/wp\/v2\/product\/8262","targetHints":{"allow":["GET"]}}],"collection":[{"href":"https:\/\/antykilion.pl\/fr\/wp-json\/wp\/v2\/product"}],"about":[{"href":"https:\/\/antykilion.pl\/fr\/wp-json\/wp\/v2\/types\/product"}],"replies":[{"embeddable":true,"href":"https:\/\/antykilion.pl\/fr\/wp-json\/wp\/v2\/comments?post=8262"}],"wp:featuredmedia":[{"embeddable":true,"href":"https:\/\/antykilion.pl\/fr\/wp-json\/wp\/v2\/media\/8263"}],"wp:attachment":[{"href":"https:\/\/antykilion.pl\/fr\/wp-json\/wp\/v2\/media?parent=8262"}],"wp:term":[{"taxonomy":"product_cat","embeddable":true,"href":"https:\/\/antykilion.pl\/fr\/wp-json\/wp\/v2\/product_cat?post=8262"},{"taxonomy":"product_tag","embeddable":true,"href":"https:\/\/antykilion.pl\/fr\/wp-json\/wp\/v2\/product_tag?post=8262"}],"curies":[{"name":"wp","href":"https:\/\/api.w.org\/{rel}","templated":true}]}}