{"id":8302,"date":"2024-05-18T11:33:12","date_gmt":"2024-05-18T09:33:12","guid":{"rendered":"https:\/\/antykilion.pl\/?post_type=product&#038;p=8302"},"modified":"2026-03-14T12:58:08","modified_gmt":"2026-03-14T11:58:08","slug":"stolik-pomocniczy-zlocony-w-stylu-ludwika-xvi-koniec-xix-w","status":"publish","type":"product","link":"https:\/\/antykilion.pl\/fr\/product\/stolik-pomocniczy-zlocony-w-stylu-ludwika-xvi-koniec-xix-w\/","title":{"rendered":"Stolik pomocniczy z\u0142ocony w stylu Ludwika XVI koniec XIX w"},"content":{"rendered":"","protected":false},"excerpt":{"rendered":"<p>Stolik pomocniczy z\u0142ocony w stylu Ludwika XVI koniec XIX w<\/p>\n<p>Table<\/p>\n<p>avec une dalle de marbre, soutenue sur quatre pieds tourn\u00e9s, orn\u00e9e de canaux, attach\u00e9e par une croix avec des bras en forme de boucle;<\/p>\n<p>Materia\u0142: konstrukcja \u2013 buczyna, polichromia, z\u0142ocenia, marmur<\/p>\n<p>Pochodzenie: Europa \u015brodkowa Francja, oko\u0142o 1870 r<\/p>\n<p>Stan: bardzo dobry, orginalny, bardzo dobry, widoczne \u015blady u\u017cytkowania<\/p>\n<p>Wymiary: wysoko\u015b\u0107 75 cm, szeroko\u015b\u0107 74 cm<\/p>\n<p>Un beau meuble de palais!<\/p>","protected":false},"featured_media":8303,"comment_status":"closed","ping_status":"closed","template":"","meta":[],"product_cat":[17,33],"product_tag":[],"class_list":{"0":"post-8302","1":"product","2":"type-product","3":"status-publish","4":"has-post-thumbnail","6":"product_cat-meble","7":"product_cat-stoly-stoliki","9":"entry","10":"has-media","12":"first","13":"instock","14":"taxable","15":"shipping-taxable","16":"purchasable","17":"product-type-simple","18":"has-product-nav","19":"col","20":"span_1_of_3","21":"owp-content-center","22":"owp-thumbs-layout-horizontal","23":"owp-btn-normal","24":"owp-tabs-layout-horizontal"},"aioseo_notices":[],"_links":{"self":[{"href":"https:\/\/antykilion.pl\/fr\/wp-json\/wp\/v2\/product\/8302","targetHints":{"allow":["GET"]}}],"collection":[{"href":"https:\/\/antykilion.pl\/fr\/wp-json\/wp\/v2\/product"}],"about":[{"href":"https:\/\/antykilion.pl\/fr\/wp-json\/wp\/v2\/types\/product"}],"replies":[{"embeddable":true,"href":"https:\/\/antykilion.pl\/fr\/wp-json\/wp\/v2\/comments?post=8302"}],"wp:featuredmedia":[{"embeddable":true,"href":"https:\/\/antykilion.pl\/fr\/wp-json\/wp\/v2\/media\/8303"}],"wp:attachment":[{"href":"https:\/\/antykilion.pl\/fr\/wp-json\/wp\/v2\/media?parent=8302"}],"wp:term":[{"taxonomy":"product_cat","embeddable":true,"href":"https:\/\/antykilion.pl\/fr\/wp-json\/wp\/v2\/product_cat?post=8302"},{"taxonomy":"product_tag","embeddable":true,"href":"https:\/\/antykilion.pl\/fr\/wp-json\/wp\/v2\/product_tag?post=8302"}],"curies":[{"name":"wp","href":"https:\/\/api.w.org\/{rel}","templated":true}]}}