{"id":8306,"date":"2024-05-18T13:13:25","date_gmt":"2024-05-18T11:13:25","guid":{"rendered":"https:\/\/antykilion.pl\/?post_type=product&#038;p=8306"},"modified":"2026-04-08T12:14:31","modified_gmt":"2026-04-08T10:14:31","slug":"david-teniers-the-younger-1610-1690-zabawa-w-karczmie-xvii-w-przypisywany","status":"publish","type":"product","link":"https:\/\/antykilion.pl\/fr\/product\/david-teniers-the-younger-1610-1690-zabawa-w-karczmie-xvii-w-przypisywany\/","title":{"rendered":"David Teniers the Younger 1610\u20131690, Zabawa w Karczmie XVII w przypisywany"},"content":{"rendered":"","protected":false},"excerpt":{"rendered":"<p>David Teniers the Younger 1610\u20131690, Zabawa w Karczmie XVII w przypisywany<\/p>\n<p>Na blejtramie liczne piecz\u0119ci zapewne inwentarzowe, min DT oraz numeracje ponadto zapis o\u0142\u00f3wkiem Dawid Teniers.<\/p>\n<p>Bez dw\u00f3ch zda\u0144 praca wskazuje na Dawida Teniersa.<\/p>\n<p>Po ni\u017cej kilka bardzo dobrych link\u00f3w do jego prac.<\/p>\n<p>Technique: huile sur toile<\/p>\n<p>\u00c9tat: tr\u00e8s bon, petites r\u00e9parations<\/p>\n<p>Sygnatura: Nie znaleziono, liczne oznaczenia na blejtramie<\/p>\n<p>Wymiary:\u00a0 p\u0142\u00f3tno 58 cm na 82 cm z ram\u0105\u00a0 oko\u0142o 98 cm na 75 cm<\/p>\n<p>Do ka\u017cdego przedmiotu Galeria wystawia certyfikat.<\/p>\n<p>https:\/\/en.m.wikipedia.org\/wiki\/File:David_Teniers_II_-_Le_dejeuner_jambon.jpg<\/p>\n<p>https:\/\/www.liechtensteincollections.at\/en\/artists\/david-teniers-the-younger<\/p>\n<p>https:\/\/cdn2.picryl.com\/photo\/1645\/12\/31\/interior-of-inn-with-dancing-peasants-by-david-teniers-ii-e04da0-1024.jpg<\/p>\n<p>https:\/\/www.artsy.net\/artwork\/david-teniers-ii-peasants-celebrating-twelfth-night<\/p>\n<p>David Teniers II (ochrz. 15 grudnia 1610 w Antwerpii, zm. 25 kwietnia 1690 w Brukseli) \u2013 malarz i grafik flamandzki okresu baroku, przedstawiciel malarstwa rodzajowego.<\/p>\n<p>By\u0142 najbardziej znanym cz\u0142onkiem rodu malarzy flamandzkich. Malarzami byli tak\u017ce jego ojciec \u2013 David Teniers I (starszy) (1582\u20131649), stryj \u2013 Julien Teniers I (1572\u20131615), te\u015b\u0107 \u2013 Jan Breughel Aksamitny (1568\u20131625), siostrzeniec \u2013 Jan van Kessel St. (1626\u20131679), trzej bracia \u2013 Julien Teniers II (1616\u20131649), Abraham Teniers (1629\u20131670) i Theodoor Teniers (1619\u20131697) oraz syn \u2013 David Teniers III (1638\u20131685).<\/p>\n<p>Terminowa\u0142 u swojego ojca Davida Teniersa (starszego). W 1632 wst\u0105pi\u0142 jako mistrz (wijnmeester)[a] do gildii \u015bw. \u0141ukasza w Antwerpii. W 1637 o\u017ceni\u0142 si\u0119 z Anne Brueghel, c\u00f3rk\u0105 Jana Brueghla Aksamitnego. \u015awiadkiem na jego \u015blubie by\u0142 Peter Paul Rubens. Pierwsze swoje prace podpisywa\u0142 tak jak reszta rodziny (ojciec, bracia, syn), a wi\u0119c Tenier (flamandzka wersja imienia walo\u0144skiego Taisnier pozosta\u0142a po przodkach wywodz\u0105cych si\u0119 z Ath). By\u0142 bardzo muzykalny i gra\u0142 na skrzypcach.<\/p>\n<p>W 1650 przeni\u00f3s\u0142 si\u0119 do Brukseli. Od 1647 pe\u0142ni\u0142 funkcj\u0119 kustosza galerii arcyksi\u0119cia Leopolda Wilhelma, regenta Niderland\u00f3w, znanego kolekcjonera dzie\u0142 sztuki. W 1651 zosta\u0142 malarzem dworskim. Skopiowa\u0142 wtedy, z my\u015bl\u0105 o reprodukcjach graficznych, w zmniejszonej skali, 244 obrazy z galerii arcyksi\u0119cia w pa\u0142acu Coudenberg. Katalog z rycinami Theatrum pictorum Davidis Teniers Antwerpiensis wydano w 1660. Po wyje\u017adzie arcyksi\u0119cia do Wiednia w 1651 zosta\u0142 malarzem dworskim u jego nast\u0119pcy, Don Juana syna Filipa IV Habsburga.<\/p>\n<p>Wkr\u00f3tce po \u015bmierci swej pierwszej \u017cony po\u015blubi\u0142 w 1656 Isabell\u0119 de Fren, c\u00f3rk\u0119 sekretarza Rady Brabancji. Wykorzystuj\u0105c to oraz powo\u0142uj\u0105c si\u0119 na przypadki innych s\u0142awnych malarzy, kt\u00f3rzy wcze\u015bniej uzyskali szlachectwo (Rubens i van Dyck), usi\u0142owa\u0142 uzyska\u0107 tytu\u0142 szlachecki. Kr\u00f3l zgodzi\u0142 si\u0119, ale pod warunkiem, \u017ce Teniers przestanie zajmowa\u0107 si\u0119 handlem obrazami. Do tego nie dosz\u0142o, ale Teniers z w\u0142asnej inicjatywy za\u0142o\u017cy\u0142 Akademi\u0119 Sztuk Pi\u0119knych w Antwerpii. W 26 stycznia 1663 akademia zosta\u0142a uznana przez kr\u00f3la, natomiast Teniers zosta\u0142 jej pierwszym dyrektorem i wreszcie otrzyma\u0142 upragniony tytu\u0142 szlachecki.<\/p>\n<p>Na\u015bladowcami Teniersa byli m.in.: David Ryckaert III (1612\u20131661), Erasmus de Bie (1629\u20131675), Gillis van Tilborgh (ok. 1625 \u2013 ok. 1678), Simon de Vos (1603\u20131676), Willem van Herp (1614\u20131677) oraz Mattheus van Helmont (1623 \u2013 ok. 1680).<\/p>\n<p>Cr\u00e9ation<\/p>\n<p>By\u0142 artyst\u0105 bardzo p\u0142odnym i wszechstronnym. Pozostawi\u0142 ok. 2000 obraz\u00f3w (wliczaj\u0105c w to kopie, repliki i na\u015bladownictwa[b], przewa\u017cnie niewielkich rozmiar\u00f3w, malowanych na drewnie, p\u0142\u00f3tnie lub miedzi. Malowa\u0142 sceny rodzajowe, religijne, mitologiczne, historyczne, alegoryczne, pejza\u017ce, portrety, martwe natury oraz tzw. singeries \u2013 scenki przedstawiaj\u0105ce ma\u0142py przebrane za ludzi, wyszydzaj\u0105ce ludzk\u0105 g\u0142upot\u0119 (Ma\u0142pi bankiet, Ma\u0142py w kuchni, Ma\u0142pi malarz). G\u0142\u00f3wn\u0105 jego specjalno\u015bci\u0105 by\u0142y scenki rodzajowe z \u017cycia r\u00f3\u017cnych warstw spo\u0142ecznych, g\u0142\u00f3wnie wie\u015bniak\u00f3w, we wn\u0119trzach (kuchnie, gospody, stajnie, wartownie) lub na wolnym powietrzu (kiermasze, festyny, jarmarki, odpusty, gry towarzyskie, wesela). By\u0142 autorem 12 niewielkich p\u0142yt miedzianych (27\u00a0\u00d7\u00a039\u00a0cm), przedstawiaj\u0105cych histori\u0119 Armidy z poematu Torquata Tassa \u201eJerozolima wyzwolona\u201d (obecnie w Prado). Projektowa\u0142 te\u017c tapiserie. W pierwszym okresie tw\u00f3rczo\u015bci pozostawa\u0142 pod wp\u0142ywem Jana Brueghla St. (sabaty czarownic, liczne Kuszenia \u015bw. Antoniego), p\u00f3\u017aniej oddzia\u0142a\u0142 na niego przede wszystkim Adriaen Brouwer.<\/p>\n<p>By\u0142 znakomitym malarzem \u201egabinet\u00f3w amator\u00f3w\u201d. Ten gatunek malarstwa narodzi\u0142 si\u0119 w latach 1620\u20131640 jako specjalno\u015b\u0107 artystycznego rodu antwerpskiego Francken\u00f3w. \u0141\u0105czy\u0142 w sobie elementy widoku wn\u0119trza, sceny rodzajowej i portretu. Stanowi\u0142 cenny dokument artystycznych gust\u00f3w epoki. Tworzyli je m.in.: Hieronymous Francken II (1578\u20131623), Frans Francken M\u0142odszy (1581\u20131642), Willem van Haecht (1593\u20131637), Hans Jordaens III (1595\u20131643). Teniers namalowa\u0142 10 obraz\u00f3w ukazuj\u0105cych galeri\u0119 arcyksi\u0119cia Leopolda Wilhelma.<\/p>\n<p>Jego obrazy cechuje wyrafinowana kolorystyka, trafne wyczucie formy i perspektywy powietrznej oraz \u015bwiat\u0142ocienia. Tw\u00f3rczo\u015b\u0107 Teniersa ma du\u017c\u0105 warto\u015b\u0107 dokumentarn\u0105, przede wszystkim dla badaczy dziej\u00f3w kultury materialnej i kolekcjonerstwa.<\/p>\n<p>Jego zleceniodawcami byli m.in. biskup Brugii \u2013 Antoine Triest, nast\u0119pca arcyksi\u0119cia Leopolda Wilhelma \u2013 Don Juan d\u2019Asturia, ksi\u0105\u017c\u0119 Wilhelm II Ora\u0144ski, kr\u00f3l Hiszpanii Filip IV oraz kr\u00f3lowa szwedzka Krystyna.<\/p>\n<p>Najwi\u0119ksze kolekcje dzie\u0142 Teniersa posiadaj\u0105 muzea: Prado (ok. 50), Luwr (ok. 40) oraz Ermita\u017c (ok. 30). Kilka jego obraz\u00f3w znajduje si\u0119 r\u00f3wnie\u017c w zbiorach polskich (Chrystus Zmartwychwsta\u0142y nad jeziorem Genezaret, Daniel w jaskini lw\u00f3w, Ekstaza \u015bw. Franciszka, Krajobraz z Cyganami, Kuchnia, Operacja, Sprzedawca w\u00f3dki, \u015amiej\u0105cy si\u0119 ch\u0142op, Wiejski doktor).<\/p>\n<p>Wybrane dzie\u0142a<\/p>\n<p>\u015amiej\u0105cy si\u0119 ch\u0142op \u2013 1631, 24,5\u00a0\u00d7\u00a032\u00a0cm, Muzeum Narodowe w Warszawie<br \/>\nWie\u015bniacy graj\u0105cy w karty \u2013 1633, 24,5\u00a0\u00d7\u00a032\u00a0cm, Museum der Bildenden K\u00fcnste, Lipsk<br \/>\nMa\u0142py w wartowni \u2013 ok. 1633, 41,5\u00a0\u00d7\u00a058\u00a0cm, Mauritshuis, Haga<br \/>\nTowarzystwo przy m\u0142ynie \u2013 1634, 37\u00a0\u00d7\u00a056,5\u00a0cm, Gem\u00e4ldegalerie, Berlin<br \/>\nWie\u015bniacy \u015bwi\u0119tuj\u0105cy dwunast\u0105 noc \u2013 1635, 47\u00a0\u00d7\u00a070\u00a0cm, National Gallery of Art, Waszyngton<br \/>\nPalacze we wn\u0119trzu \u2013 ok. 1637, 39\u00a0\u00d7\u00a037\u00a0cm, Muzeum Thyssen-Bornemisza, Madryt<br \/>\nWielki wiejski kiermasz z dwiema ta\u0144cz\u0105cymi parami \u2013 ok. 1638, 135\u00a0\u00d7\u00a0214\u00a0cm, Galeria Obraz\u00f3w Starych Mistrz\u00f3w w Dre\u017anie<br \/>\nG\u0142upek \u2013 ok. 1640, Muzeum Sztuk Pi\u0119knych im. Puszkina w Moskwie<br \/>\nKr\u00f3l pije (\u015awi\u0119to Trzech Kr\u00f3li) \u2013 ok. 1640 58\u00a0\u00d7\u00a070\u00a0cm, Prado, Madryt<br \/>\nKiermasz flamandzki \u2013 1640, 32\u00a0\u00d7\u00a058,5\u00a0cm, Gem\u00e4ldegalerie, Berlin<br \/>\nPok\u0142on Trzech Kr\u00f3li \u2013 1640, Muzeum Narodowe we Wroc\u0142awiu<br \/>\nStaruszka obieraj\u0105ca gruszki \u2013 po 1640, 48,6\u00a0\u00d7\u00a066,5\u00a0cm, National Gallery w Londynie<br \/>\nSzlifierz \u2013 po 1640, 42\u00a0\u00d7\u00a030\u00a0cm, Luwr, Pary\u017c<br \/>\nKrajobraz z Cyganami \u2013 1641, 61\u00a0\u00d7\u00a084\u00a0cm, Muzeum Narodowe w Warszawie<br \/>\nMalarz w swojej pracowni \u2013 1641, 25\u00a0\u00d7\u00a021,5\u00a0cm., Ermita\u017c, Sankt Petersburg,<br \/>\nWartownia\u2013 1641, 61\u00a0\u00d7\u00a094,5\u00a0cm., Rijksmuseum, Amsterdam,<br \/>\nDentysta \u2013 1640\u20131650, 35\u00a0\u00d7\u00a030,5\u00a0cm, Galeria Obraz\u00f3w Starych Mistrz\u00f3w w Dre\u017anie<br \/>\nKuszenie \u015bw. Antoniego \u2013 1640\u20131650, 22\u00a0\u00d7\u00a016\u00a0cm, Luwr, Pary\u017c<br \/>\nGaleria arcyksi\u0119cia Leopolda Wilhelma w Brukseli \u2013 1641, 96\u00a0\u00d7\u00a0128\u00a0cm, Staatsgalerie, Schleissheim<br \/>\nPortret antwerpskiej gwardii cywilnej \u2013 1643, 135\u00a0\u00d7\u00a0183\u00a0cm, Ermita\u017c, Sankt Petersburg,<br \/>\nDobra kuchnia \u2013 1644, 75\u00a0\u00d7\u00a078\u00a0cm, Mauritshuis, Haga<br \/>\nWn\u0119trze kuchni \u2013 1644, 57\u00a0\u00d7\u00a078\u00a0cm, Mauritshuis, Haga<br \/>\nSyn marnotrawny \u2013 1644, 70\u00a0\u00d7\u00a089\u00a0cm, Luwr, Pary\u017c<br \/>\nKuszenie \u015bw. Antoniego \u2013 po 1645, 27,5\u00a0\u00d7\u00a037,5\u00a0cm, Galeria Obraz\u00f3w Starych Mistrz\u00f3w w Dre\u017anie<br \/>\nKuszenie \u015bw. Antoniego \u2013 54\u00a0\u00d7\u00a074,5\u00a0cm, Kr\u00f3lewskie Muzea Sztuk Pi\u0119knych, Bruksela<br \/>\nMa\u0142py w kuchni \u2013 ok. 1645, 30\u00a0\u00d7\u00a050\u00a0cm, Ermita\u017c, Sankt Petersburg<br \/>\nKuszenie \u015bw. Antoniego w grocie \u2013 ok. 1645, 69\u00a0\u00d7\u00a086\u00a0cm, Galeria Obraz\u00f3w Starych Mistrz\u00f3w w Dre\u017anie<br \/>\nUwolnienie \u015bw. Piotra z wi\u0119zienia \u2013 ok. 1645, 58\u00a0\u00d7\u00a078\u00a0cm, Galeria Obraz\u00f3w Starych Mistrz\u00f3w w Dre\u017anie<br \/>\nArtysta z muzykuj\u0105c\u0105 rodzin\u0105 \u2013 1645\u20131646, 38\u00a0\u00d7\u00a058\u00a0cm, Gem\u00e4ldegalerie, Berlin<br \/>\nTaniec ch\u0142opski przed gospod\u0105 \u2013 1645\u20131650, 135\u00a0\u00d7\u00a0205\u00a0cm, Royal Collection, Windsor<br \/>\nMartwa natura \u2013 1645\u20131650, 52\u00a0\u00d7\u00a068,5\u00a0cm, Koninklijk Museum voor Schone Kunsten, Antwerpia<br \/>\nZaparcie si\u0119 Piotra \u2013 1646, 37\u00a0\u00d7\u00a052,\u00a0Luwr<br \/>\nBogacz prowadzony do piek\u0142a \u2013 ok. 1647, 48\u00a0\u00d7\u00a069\u00a0cm, National Gallery w Londynie<br \/>\nKuszenie \u015bw. Antoniego \u2013 ok. 1647, 54\u00a0\u00d7\u00a075\u00a0cm, Kr\u00f3lewskie Muzea Sztuk Pi\u0119knych, Bruksela<br \/>\nAlchemik \u2013 ok. 1650, 26,5\u00a0\u00d7\u00a037,5\u00a0cm, Mauritshuis, Haga<br \/>\nAlchemik \u2013 32\u00a0\u00d7\u00a024\u00a0cm, Museum der Bildenden K\u00fcnste, Lipsk<br \/>\nKiermasz wiejski \u2013 ok. 1650, 78\u00a0\u00d7\u00a0106\u00a0cm, Rijksmuseum, Amsterdam<br \/>\n\u015awi\u0119to na wsi \u2013 ok. 1650, 69\u00a0\u00d7\u00a086\u00a0cm, Prado, Madryt<br \/>\nWiejska gospoda \u2013 ok. 1650, 33\u00a0\u00d7\u00a054\u00a0cm, Staatliches Museum, Schwerin<br \/>\nStary wie\u015bniak zalecaj\u0105cy si\u0119 do dziewki kuchennej \u2013 po 1650, 43\u00a0\u00d7\u00a065\u00a0cm, National Gallery w Londynie<br \/>\nDaniel w jaskini lw\u00f3w \u2013 1650\u20131660, 35,5\u00a0\u00d7\u00a050,\u00a05\u00a0cm, Muzeum Narodowe w Warszawie<br \/>\nArcyksi\u0105\u017c\u0119 Leopold Wilhelm na polowaniu na czaple \u2013 1650\u20131660, 82\u00a0\u00d7\u00a0120\u00a0cm, Luwr, Pary\u017c<br \/>\nGaleria arcyksi\u0119cia Leopolda Wilhelma w Brukseli \u2013 1651, Petworth House, Petworth<br \/>\nArcyksi\u0105\u017c\u0119 Leopold Wilhelm w swojej galerii \u2013 1651\u20131653, 106\u00a0\u00d7\u00a0129\u00a0cm, Prado, Madryt<br \/>\nArcyksi\u0105\u017c\u0119 Leopold Wilhelm w swojej galerii \u2013 1651\u20131653, 73,5\u00a0\u00d7\u00a088\u00a0cm, Museo L\u00e1zaro Galdiano, Madryt<br \/>\nArcyksi\u0105\u017c\u0119 Leopold Wilhelm w swojej galerii w Brukseli \u2013 1651, 96\u00a0\u00d7\u00a0129\u00a0cm, Kr\u00f3lewskie Muzea Sztuk Pi\u0119knych, Bruksela<br \/>\nArcyksi\u0105\u017c\u0119 Leopold Wilhelm w swojej galerii w Brukseli \u2013 106\u00a0\u00d7\u00a0129\u00a0cm, Kunsthistorisches Museum, Wiede\u0144<br \/>\nKiermasz flamandzki \u2013 1652, 157\u00a0\u00d7\u00a0221\u00a0cm, Kr\u00f3lewskie Muzea Sztuk Pi\u0119knych, Bruksela<br \/>\nOfiara Abrahama \u2013 1653, 132 \u00d7 103\u00a0cm, Kunsthistorisches Museum, Wiede\u0144<br \/>\nOperacja \u2013 ok. 1655, 24,5\u00a0\u00d7\u00a019,5\u00a0cm, Galeria Malarstwa i Rze\u017aby Muzeum Narodowego w Poznaniu<br \/>\nScena w Tawernie \u2013 1658, 48,7\u00a0\u00d7\u00a068,7\u00a0cm, National Gallery of Art, Waszyngton<br \/>\nMa\u0142pi bankiet \u2013 1660, 25\u00a0\u00d7\u00a034\u00a0cm, Prado, Madryt<br \/>\nWie\u015bniacy graj\u0105cy w kr\u0119gle przed gospod\u0105 \u2013 ok. 1660, 120\u00a0\u00d7\u00a0198\u00a0cm, National Gallery w Londynie<br \/>\nKuszenie \u015bw. Antoniego \u2013 ok. 1670, 55\u00a0\u00d7\u00a069\u00a0cm, Prado, Madryt<br \/>\nPowr\u00f3t z polowania \u2013 1670, 28\u00a0\u00d7\u00a035\u00a0cm, Koninklijk Museum voor Schone Kunsten, Antwerpia<br \/>\nArmida przed Godfrydem de Bouillon \u2013 27\u00a0\u00d7\u00a039\u00a0cm, Prado, Madryt<br \/>\nChrystus Zmartwychwsta\u0142y nad jeziorem Genezaret \u2013 69,5\u00a0\u00d7\u00a087,5\u00a0cm, Muzeum Narodowe w Kielcach<br \/>\nDaniel w jaskini lw\u00f3w \u2013 35,5\u00a0\u00d7\u00a050,5\u00a0cm, Muzeum Narodowe w Warszawie<br \/>\nGospoda pod lipami \u2013 44,5\u00a0\u00d7\u00a037,5\u00a0cm, Museum der Bildenden K\u00fcnste, Lipsk<br \/>\nGospoda wiejska \u2013 19\u00a0\u00d7\u00a026,5\u00a0cm, Wallraf-Richartz-Museum, Kolonia<br \/>\nKarczma nad rzek\u0105 \u2013 49\u00a0\u00d7\u00a071\u00a0cm, Galeria Obraz\u00f3w Starych Mistrz\u00f3w w Dre\u017anie<br \/>\nKrajobraz wiejski \u2013 29,4\u00a0\u00d7\u00a025,5\u00a0cm, Wallraf-Richartz-Museum, Kolonia<br \/>\nKrajobraz z Cyganami \u2013 177\u00a0\u00d7\u00a0239\u00a0cm, Prado, Madryt<br \/>\nKrajobraz z ko\u015bcio\u0142em na wzg\u00f3rzu \u2013 17\u00a0\u00d7\u00a025\u00a0cm, Luwr, Pary\u017c<br \/>\nKrajobraz z pasterzami przy ognisku \u2013 38\u00a0\u00d7\u00a055\u00a0cm, Galeria Obraz\u00f3w Starych Mistrz\u00f3w w Dre\u017anie<br \/>\nKrajobraz z pustelnikami \u2013 177\u00a0\u00d7\u00a0230\u00a0cm, Prado, Madryt<br \/>\nKrajobraz z rybakami \u2013 40\u00a0\u00d7\u00a063,5\u00a0cm, Gem\u00e4ldegalerie, Berlin<br \/>\nKrajobraz z t\u0119cz\u0105 \u2013 28\u00a0\u00d7\u00a039\u00a0cm, Gem\u00e4ldegalerie, Berlin<br \/>\nKsi\u0105\u017cki i globus astronomiczny \u2013 52\u00a0\u00d7\u00a068,5\u00a0cm, Kr\u00f3lewskie Muzea Sztuk Pi\u0119knych, Bruksela<br \/>\nKuszenie \u015bw. Antoniego \u2013 22\u00a0\u00d7\u00a016,5\u00a0cm, Gem\u00e4ldegalerie, Berlin<br \/>\nKuszenie \u015bw. Antoniego \u2013 52,5\u00a0\u00d7\u00a081,5\u00a0cm, Wallraf-Richartz-Museum, Kolonia<br \/>\nKuszenie \u015bw. Antoniego \u2013 60\u00a0\u00d7\u00a083\u00a0cm, Galeria Narodowa, Praga<br \/>\nMa\u0142pi malarz \u2013 24\u00a0\u00d7\u00a032\u00a0cm, Prado, Madryt<br \/>\nMa\u0142pi rze\u017abiarz \u2013 23\u00a0\u00d7\u00a032\u00a0cm, Prado, Madryt<br \/>\nNeptun i Amfitryta \u2013 30\u00a0\u00d7\u00a036\u00a0cm, Gem\u00e4ldegalerie, Berlin<br \/>\nOgr\u00f3d Armidy \u2013 27\u00a0\u00d7\u00a039\u00a0cm, Prado, Madryt<br \/>\nOperacja wyj\u0119cia kamienia \u2013 38\u00a0\u00d7\u00a061\u00a0cm, Prado, Madryt<br \/>\nPalacze i hazardzi\u015bci w gospodzie \u2013 40\u00a0\u00d7\u00a062,\u00a0Prado, Madryt<br \/>\nPal\u0105cy fajk\u0119 \u2013 15\u00a0\u00d7\u00a011,5\u00a0cm, Muzeum sztuki Wschodu i Zachodu, Odessa<br \/>\nPasterka \u2013 58\u00a0\u00d7\u00a052\u00a0cm, Ermita\u017c, Sankt Petersburg<br \/>\nPasterz \u2013 58\u00a0\u00d7\u00a052\u00a0cm, Ermita\u017c, Sankt Petersburg<br \/>\nPi\u0119\u0107 zmys\u0142\u00f3w \u2013 37,5\u00a0\u00d7\u00a056\u00a0cm, Kr\u00f3lewskie Muzea Sztuk Pi\u0119knych, Bruksela<br \/>\nPojednanie Rinalda i Armidy \u2013 27\u00a0\u00d7\u00a039\u00a0cm, Prado, Madryt<br \/>\nRozstanie Rinalda i Armidy \u2013 27\u00a0\u00d7\u00a039\u00a0cm, Prado, Madryt<br \/>\nSala stra\u017cy \u2013 67\u00a0\u00d7\u00a052\u00a0cm, Prado, Madryt<br \/>\nSprzedawca w\u00f3dki \u2013 27,5\u00a0\u00d7\u00a019,6\u00a0cm, Muzeum Narodowe w Warszawie (na\u015bladowca)<br \/>\n\u015aw. Hieronim w g\u00f3rach \u2013 36\u00a0\u00d7\u00a027\u00a0cm, Museum der Bildenden K\u00fcnste, Lipsk<br \/>\nUczony \u2013 43\u00a0\u00d7\u00a033\u00a0cm, Wallraf-Richartz-Museum, Kolonia<br \/>\nW gospodzie \u2013 42,5\u00a0\u00d7\u00a055\u00a0cm, Galeria Obraz\u00f3w Starych Mistrz\u00f3w w Dre\u017anie<br \/>\nW stajni \u2013 61\u00a0\u00d7\u00a087,5\u00a0cm, Kunstmuseum, Bazylea<br \/>\nWeso\u0142y \u017co\u0142nierz \u2013 47\u00a0\u00d7\u00a036\u00a0cm, Prado, Madryt<br \/>\nWiejski doktor \u2013 25\u00a0\u00d7\u00a019\u00a0cm, Zamek Kr\u00f3lewski w Warszawie<br \/>\nWie\u015bniacy graj\u0105cy w kule \u2013 62,5\u00a0\u00d7\u00a089,5\u00a0cm, Ermita\u017c, Sankt Petersburg<br \/>\nWn\u0119trze kuchni \u2013 73,5\u00a0\u00d7\u00a0105\u00a0cm, Muzeum Pa\u0142acu Kr\u00f3la Jana III w Wilanowie<br \/>\nUwagi<br \/>\nMianem wijnmeester okre\u015blano syna mistrza gildii \u015bw. \u0141ukasza. &#8220;Wijnmeester&#8221; otrzymywa\u0142 tytu\u0142 mistrza z chwil\u0105 wst\u0105pienia do gildii, bez obowi\u0105zku odbycia wieloletniej praktyki[1].<br \/>\nBy\u0142 najcz\u0119\u015bciej kopiowanym malarzem swoich czas\u00f3w.<br \/>\nPrzypisy<br \/>\nGildia, [w:] Robert\u00a0Genaille, S\u0142ownik malarstwa holenderskiego i flamandzkiego, Warszawa: Wydawnictwa Artystyczne i Filmowe, 1975, s.\u00a083 (pol.).<br \/>\nBibliografia<br \/>\nBeckett\u00a0W., 1000 arcydzie\u0142, E.\u00a0Gorz\u0105dek (t\u0142um.), Warszawa: Arkady, 2001, ISBN\u00a083-213-4218-3, OCLC\u00a0749354342.<br \/>\nAdam Bochnak, Historia sztuki nowo\u017cytnej, t. 2, Warszawa: PWN, 1983.<br \/>\nRobert Genaille: S\u0142ownik malarstwa holenderskiego i flamandzkiego. Warszawa: WAiF, 1975.<br \/>\nRobert Genaille, Sztuka flamandzka i belgijska, Warszawa: WAiF, 1976.<br \/>\nRobert Genaille, Maciej Monkiewicz, Antoni Ziemba: Encyklopedia malarstwa flamandzkiego i holenderskiego, Warszawa: Wydawnictwa Artystyczne i Filmowe; Wydawnictwo Naukowe PWN, 2001, ISBN\u00a083-221-0686-6.<br \/>\nLeksykon malarstwa i grafiki, red. Nauk. Lothar Altmann, Warszawa: Arkady, 2012, ISBN\u00a0978-83-213-4729-5.<br \/>\nLeksykon malarstwa od A do Z, Warszawa: Muza S.A., 1992, ISBN\u00a083-7079-076-3.<br \/>\nJanina Micha\u0142kowa, Holenderskie i flamandzkie malarstwo rodzajowe XVII wieku, Warszawa: Sztuka, 1955.<br \/>\nMuzeum Prado. Arcydzie\u0142a malarstwa, A.\u00a0Bettagno i inni, Warszawa: Arkady, 2011, ISBN\u00a0978-83-213-4421-8, ISBN\u00a0978-83-213-4735-6, OCLC\u00a0802065916.<br \/>\nChristine Stukenbrock, Barbara Toepper, Arcydzie\u0142a malarstwa europejskiego, Koenigswinter: h. f. ullmann, 2007, ISBN\u00a0978-3-8331-2131-9.<br \/>\nSztuka \u015bwiata, t. 13, Leksykon L\u2013Z, Warszawa: Arkady, 2000, ISBN\u00a083-213-4135-7.<\/p>","protected":false},"featured_media":10924,"comment_status":"closed","ping_status":"closed","template":"","meta":[],"product_cat":[41,39,40],"product_tag":[],"class_list":{"0":"post-8306","1":"product","2":"type-product","3":"status-publish","4":"has-post-thumbnail","6":"product_cat-malarstwo-dawne","7":"product_cat-dziela-sztuki","8":"product_cat-malarstwo","10":"entry","11":"has-media","13":"first","14":"instock","15":"taxable","16":"shipping-taxable","17":"purchasable","18":"product-type-simple","19":"has-product-nav","20":"col","21":"span_1_of_3","22":"owp-content-center","23":"owp-thumbs-layout-horizontal","24":"owp-btn-normal","25":"owp-tabs-layout-horizontal"},"aioseo_notices":[],"_links":{"self":[{"href":"https:\/\/antykilion.pl\/fr\/wp-json\/wp\/v2\/product\/8306","targetHints":{"allow":["GET"]}}],"collection":[{"href":"https:\/\/antykilion.pl\/fr\/wp-json\/wp\/v2\/product"}],"about":[{"href":"https:\/\/antykilion.pl\/fr\/wp-json\/wp\/v2\/types\/product"}],"replies":[{"embeddable":true,"href":"https:\/\/antykilion.pl\/fr\/wp-json\/wp\/v2\/comments?post=8306"}],"wp:featuredmedia":[{"embeddable":true,"href":"https:\/\/antykilion.pl\/fr\/wp-json\/wp\/v2\/media\/10924"}],"wp:attachment":[{"href":"https:\/\/antykilion.pl\/fr\/wp-json\/wp\/v2\/media?parent=8306"}],"wp:term":[{"taxonomy":"product_cat","embeddable":true,"href":"https:\/\/antykilion.pl\/fr\/wp-json\/wp\/v2\/product_cat?post=8306"},{"taxonomy":"product_tag","embeddable":true,"href":"https:\/\/antykilion.pl\/fr\/wp-json\/wp\/v2\/product_tag?post=8306"}],"curies":[{"name":"wp","href":"https:\/\/api.w.org\/{rel}","templated":true}]}}