{"id":8317,"date":"2024-05-18T14:02:18","date_gmt":"2024-05-18T12:02:18","guid":{"rendered":"https:\/\/antykilion.pl\/?post_type=product&#038;p=8317"},"modified":"2024-05-18T14:02:19","modified_gmt":"2024-05-18T12:02:19","slug":"yuri-yakovlevich-lehman-russia-1834-1901-dama-z-perlami","status":"publish","type":"product","link":"https:\/\/antykilion.pl\/fr\/product\/yuri-yakovlevich-lehman-russia-1834-1901-dama-z-perlami\/","title":{"rendered":"Yuri Yakovlevich Lehman Russia 1834 1901, dama z per\u0142ami"},"content":{"rendered":"","protected":false},"excerpt":{"rendered":"<p>Yuri Yakovlevich Lehman Russia 1834 1901, dama z per\u0142ami<\/p>\n<p>Egor Jakowlew Leman (1834-1901) &#8211; malarz rosyjski. Malowa\u0142 g\u0142\u00f3wnie portrety, w mniejszym stopniu kompozycje rodzajowe i pejza\u017ce. Urodzony 21 lutego (5 marca) 1834 r.[3]) w mie\u015bcie Elatma w guberni tambowskiej, w rodzinie szlacheckiej. Do 1849 roku kszta\u0142ci\u0142 si\u0119 w moskiewskim Aleksandryjskim Instytucie Sierot, nast\u0119pnie pe\u0142ni\u0142 funkcj\u0119 urz\u0119dnika w biurze wydzia\u0142u Senatu Rz\u0105du w Moskwie. W latach 1850\u20131863 studiowa\u0142 w Cesarskiej Akademii Sztuk na koszt Moskiewskiego Sieroci\u0144ca. W 1862 roku otrzyma\u0142 ma\u0142y z\u0142oty medal za obraz \u201ePo\u017cegnanie pana m\u0142odego\u201d. Podczas studi\u00f3w w Imperial Academy of Arts realizowa\u0142 zam\u00f3wienia na akwarelowe portrety z \u017cycia. W 1863 roku uko\u0144czy\u0142 Cesarsk\u0105 Akademi\u0119 Sztuk Pi\u0119knych z tytu\u0142em artysty klasowego I stopnia, przyznanym za 5 portret\u00f3w akwarelowych. (Po lewej \u201ePortret \u017cony artysty Louise\u201d) W latach 60. XIX wieku Leman zajmowa\u0142 si\u0119 retuszem i kolorowaniem portret\u00f3w fotograficznych dla zak\u0142ad\u00f3w fotograficznych A. I. Denyera i S. L. Levitsky&#8217;ego. Od 1866 roku mieszka\u0142 g\u0142\u00f3wnie w Pary\u017cu, gdzie przez pierwsze trzy lata pracowa\u0142 jako retuszer i malowa\u0142 akwarele portrety z fotografii. Od ko\u0144ca lat 70. XIX wieku zyska\u0142 s\u0142aw\u0119 dzi\u0119ki portretom kobiecym w kr\u0119gach wy\u017cszych sfer Pary\u017ca. W drugiej po\u0142owie lat 70. XIX w. przez kilka miesi\u0119cy pracowa\u0142 w Anglii, gdzie wykona\u0142 na zam\u00f3wienie szereg portret\u00f3w akwarelowych. W 1881 roku uda\u0142 si\u0119 do W\u0142och. Jurij Jakowlew Leman by\u0142 cz\u0142onkiem ORH od 1877 r., cz\u0142onkiem Stowarzyszenia Objazdowych Wystaw Artystycznych od 1881 r. Jurij Jakowlew by\u0142 bardziej znany we Francji ni\u017c w Rosji. Interesuj\u0105ca jest opinia krajowego krytyka V.V. Stasova na temat jednego z dzie\u0142 Yu Ya Lemana na wystawie W\u0119drowc\u00f3w: \u201eWspania\u0142y szkic lub portret przys\u0142a\u0142 z Pary\u017ca rosyjski artysta, kt\u00f3rego Francuzi znakomicie przetestowali ju\u017c na kilku swoich wystawach: pan Leman. Zesz\u0142ego lata na wystawie \u015bwiatowej w naszym dziale by\u0142y dwa portrety, zar\u00f3wno kobiece, jak i urocze, ale ten, kt\u00f3ry teraz zosta\u0142 wys\u0142any do Petersburga i nosi tytu\u0142 Dama w kostiumie z katalogu, przewy\u017csza je wszystkie wdzi\u0119kiem pozy i u\u015bmiechni\u0119tej twarzy, a tak\u017ce doskona\u0142e, bardzo eleganckie (jednak bez cukru i przesady) malowanie twarzy, szyi, klatki piersiowej, go\u0142ych ramion i r\u00f3\u017cowej satyny na sukience i starym kapeluszu z wielkimi, zakrzywionymi rondami. Nie spos\u00f3b nie za\u015bwiadczy\u0107, \u017ce wszyscy uczestnicy wystaw objazdowych szczerze cieszyli si\u0119 z nag\u0142ego, zupe\u0142nie nieoczekiwanego, niespodziewanego sukcesu ma\u0142o znanego dotychczas kolegi i na ich oczach poznali techniki jego eleganckiej techniki francuskiej\u201d.<\/p>\n<p>Bardzo dekoracyjny obraz<\/p>\n<p>Obraz klasy muzealnej !!!<\/p>\n<p>Okazja !!!<\/p>\n<p>Technique: huile sur toile<\/p>\n<p>Stan:\u00a0 Bardzo dobry<\/p>\n<p>Sygnatura: widoczna na zdj\u0119ciu prawy g\u00f3rny r\u00f3g<\/p>\n<p>Wymiary: p\u0142\u00f3tno 56 cm na 46 cm z ram\u0105 76 cm na 66 cm<\/p>\n<p>Obraz oprawiony w przepi\u0119kn\u0105 ram\u0119<\/p>\n<p>Do ka\u017cdego przedmiotu Galeria wystawia certyfikat.<\/p>","protected":false},"featured_media":8318,"comment_status":"closed","ping_status":"closed","template":"","meta":[],"product_cat":[41,39,40],"product_tag":[],"class_list":{"0":"post-8317","1":"product","2":"type-product","3":"status-publish","4":"has-post-thumbnail","6":"product_cat-malarstwo-dawne","7":"product_cat-dziela-sztuki","8":"product_cat-malarstwo","10":"entry","11":"has-media","13":"first","14":"instock","15":"taxable","16":"shipping-taxable","17":"purchasable","18":"product-type-simple","19":"has-product-nav","20":"col","21":"span_1_of_3","22":"owp-content-center","23":"owp-thumbs-layout-horizontal","24":"owp-btn-normal","25":"owp-tabs-layout-horizontal"},"aioseo_notices":[],"_links":{"self":[{"href":"https:\/\/antykilion.pl\/fr\/wp-json\/wp\/v2\/product\/8317","targetHints":{"allow":["GET"]}}],"collection":[{"href":"https:\/\/antykilion.pl\/fr\/wp-json\/wp\/v2\/product"}],"about":[{"href":"https:\/\/antykilion.pl\/fr\/wp-json\/wp\/v2\/types\/product"}],"replies":[{"embeddable":true,"href":"https:\/\/antykilion.pl\/fr\/wp-json\/wp\/v2\/comments?post=8317"}],"wp:featuredmedia":[{"embeddable":true,"href":"https:\/\/antykilion.pl\/fr\/wp-json\/wp\/v2\/media\/8318"}],"wp:attachment":[{"href":"https:\/\/antykilion.pl\/fr\/wp-json\/wp\/v2\/media?parent=8317"}],"wp:term":[{"taxonomy":"product_cat","embeddable":true,"href":"https:\/\/antykilion.pl\/fr\/wp-json\/wp\/v2\/product_cat?post=8317"},{"taxonomy":"product_tag","embeddable":true,"href":"https:\/\/antykilion.pl\/fr\/wp-json\/wp\/v2\/product_tag?post=8317"}],"curies":[{"name":"wp","href":"https:\/\/api.w.org\/{rel}","templated":true}]}}