{"id":8357,"date":"2024-05-19T17:32:43","date_gmt":"2024-05-19T15:32:43","guid":{"rendered":"https:\/\/antykilion.pl\/?post_type=product&#038;p=8357"},"modified":"2025-12-19T10:26:28","modified_gmt":"2025-12-19T09:26:28","slug":"ikona-matka-boska-iworska-srebro-moskwa-1884-r","status":"publish","type":"product","link":"https:\/\/antykilion.pl\/fr\/product\/ikona-matka-boska-iworska-srebro-moskwa-1884-r\/","title":{"rendered":"Ikona Matka Boska Iworska srebro Moskwa 1884 r"},"content":{"rendered":"","protected":false},"excerpt":{"rendered":"<p>Ikona Matka Boska Iworska srebro Moskwa 1884 r<\/p>\n<p>Ikona Matki Bo\u017cej Iwerskiej ze Srebrnym Okladem, Rosja 1884 Matka Bo\u017ca z B\u0142ogos\u0142awi\u0105cym Dzieci\u0105tkiem Jezus, tempera\/drewno, oklad srebrny, rze\u017abiony i inskrypcja cyrylic\u0105, 84 Zolotniki, Moskwa, niezidentyfikowany mistrz passepartout W.P. 1884, mistrz niezidentyfikowany A.C.,<\/p>\n<p>Iwerska Ikona Matki Bo\u017cej \u2013 cudowna ikona Matki Bo\u017cej, reprezentuj\u0105ca typ Hodegetria. Jedna z najbardziej znanych i czczonych ikon Ko\u015bcio\u0142a prawos\u0142awnego, posiadaj\u0105ca szereg r\u00f3wnie\u017c uznanych za cudowne kopii. Jej orygina\u0142 znajduje si\u0119 w monasterze Iwiron na g\u00f3rze Athos, od kt\u00f3rego wzi\u0119\u0142a swoj\u0105 nazw\u0119. Znana r\u00f3wnie\u017c pod greck\u0105 nazw\u0105 \u03a0\u03bf\u03c1\u03c4\u03b1\u0390\u03c4\u03b9\u03c3\u03c3\u03b1 (Portaitissa, pol. Strzeg\u0105ca Wr\u00f3t) od miejsca przebywania w \u015bwi\u0105tyni przy bramie klasztornej[1][2].<\/p>\n<p>Napisy cyrylic\u0105.<\/p>\n<p>Tempera na desce,<\/p>\n<p>Napisy obja\u015bniaj\u0105ce cyrylic\u0105.<\/p>\n<p>Technika: tempra<\/p>\n<p>Stan:bardzo dobry gdzie nie gdzie przetarcia malatury<\/p>\n<p>Artysta : inskrypcja cyrylic\u0105, 84 Zolotniki, Moskwa, niezidentyfikowany inspektor W.P. 1884, mistrz niezidentyfikowany A.C.<\/p>\n<p>Wymiary:  27 cm na 22 cm<\/p>\n<p>Rzadko\u015b\u0107 !!!<\/p>\n<p>Do ka\u017cdego przedmiotu Galeria wystawia certyfikat.<\/p>","protected":false},"featured_media":8358,"comment_status":"closed","ping_status":"closed","template":"","meta":[],"product_cat":[41,39,40],"product_tag":[],"class_list":{"0":"post-8357","1":"product","2":"type-product","3":"status-publish","4":"has-post-thumbnail","6":"product_cat-malarstwo-dawne","7":"product_cat-dziela-sztuki","8":"product_cat-malarstwo","10":"entry","11":"has-media","13":"first","14":"instock","15":"taxable","16":"shipping-taxable","17":"purchasable","18":"product-type-simple","19":"has-product-nav","20":"col","21":"span_1_of_3","22":"owp-content-center","23":"owp-thumbs-layout-horizontal","24":"owp-btn-normal","25":"owp-tabs-layout-horizontal"},"aioseo_notices":[],"_links":{"self":[{"href":"https:\/\/antykilion.pl\/fr\/wp-json\/wp\/v2\/product\/8357","targetHints":{"allow":["GET"]}}],"collection":[{"href":"https:\/\/antykilion.pl\/fr\/wp-json\/wp\/v2\/product"}],"about":[{"href":"https:\/\/antykilion.pl\/fr\/wp-json\/wp\/v2\/types\/product"}],"replies":[{"embeddable":true,"href":"https:\/\/antykilion.pl\/fr\/wp-json\/wp\/v2\/comments?post=8357"}],"wp:featuredmedia":[{"embeddable":true,"href":"https:\/\/antykilion.pl\/fr\/wp-json\/wp\/v2\/media\/8358"}],"wp:attachment":[{"href":"https:\/\/antykilion.pl\/fr\/wp-json\/wp\/v2\/media?parent=8357"}],"wp:term":[{"taxonomy":"product_cat","embeddable":true,"href":"https:\/\/antykilion.pl\/fr\/wp-json\/wp\/v2\/product_cat?post=8357"},{"taxonomy":"product_tag","embeddable":true,"href":"https:\/\/antykilion.pl\/fr\/wp-json\/wp\/v2\/product_tag?post=8357"}],"curies":[{"name":"wp","href":"https:\/\/api.w.org\/{rel}","templated":true}]}}