{"id":8381,"date":"2024-05-20T11:24:41","date_gmt":"2024-05-20T09:24:41","guid":{"rendered":"https:\/\/antykilion.pl\/?post_type=product&#038;p=8381"},"modified":"2024-05-20T12:08:51","modified_gmt":"2024-05-20T10:08:51","slug":"serwis-12-oso-wilhelm-martz-chemnitz-rosenthal-germany-chippendale-1942-r","status":"publish","type":"product","link":"https:\/\/antykilion.pl\/fr\/product\/serwis-12-oso-wilhelm-martz-chemnitz-rosenthal-germany-chippendale-1942-r\/","title":{"rendered":"Serwis 12 oso Wilhelm Martz Chemnitz rosenthal germany chippendale 1942 r"},"content":{"rendered":"","protected":false},"excerpt":{"rendered":"<p>Serwis 12 oso Wilhelm Martz Chemnitz rosenthal germany chippendale 1942 r<\/p>\n<p>D\u00e9cor\u00e9 de roses roses, jolies,<\/p>\n<p>7 talerzy obiadowych p\u0142askich 25 cm<\/p>\n<p>12 talerzy obiadowych g\u0142\u0119bokich 25 cm<\/p>\n<p>5 talerzyk\u00f3w \u015bniadaniowych 19,5 cm<\/p>\n<p>12 talerzyk\u00f3w deserowych 15,5 cm<\/p>\n<p>1 talerz przystawkowy ogromny 34 cm<\/p>\n<p>2 wazy do zupy wysoko\u015b\u0107 18 cm \u015brednica 25 cm z uszami 28 cm<\/p>\n<p>1 sauci\u00e8re, hauteur 12 cm, largeur 18 cm, longueur 24 cm<\/p>\n<p>2 p\u00f3\u0142misek \u015bredni p\u0142askie 33 cm na 15 cm<\/p>\n<p>1 grande assiette plate 38 cm par 21 cm<\/p>\n<p>2 petits plats de 24 cm sur 13 cm de profondeur<\/p>\n<p>1 miska 26 cm wysoko\u015b\u0107 8,5 cm<\/p>\n<p>1 miska 23,5 cm wysoko\u015b\u0107 8 cm<\/p>\n<p>Tr\u00e8s bonne condition<\/p>","protected":false},"featured_media":8382,"comment_status":"closed","ping_status":"closed","template":"","meta":[],"product_cat":[50],"product_tag":[],"class_list":{"0":"post-8381","1":"product","2":"type-product","3":"status-publish","4":"has-post-thumbnail","6":"product_cat-porcelana-i-fajans","8":"entry","9":"has-media","11":"first","12":"instock","13":"taxable","14":"shipping-taxable","15":"purchasable","16":"product-type-simple","17":"has-product-nav","18":"col","19":"span_1_of_3","20":"owp-content-center","21":"owp-thumbs-layout-horizontal","22":"owp-btn-normal","23":"owp-tabs-layout-horizontal"},"aioseo_notices":[],"_links":{"self":[{"href":"https:\/\/antykilion.pl\/fr\/wp-json\/wp\/v2\/product\/8381","targetHints":{"allow":["GET"]}}],"collection":[{"href":"https:\/\/antykilion.pl\/fr\/wp-json\/wp\/v2\/product"}],"about":[{"href":"https:\/\/antykilion.pl\/fr\/wp-json\/wp\/v2\/types\/product"}],"replies":[{"embeddable":true,"href":"https:\/\/antykilion.pl\/fr\/wp-json\/wp\/v2\/comments?post=8381"}],"wp:featuredmedia":[{"embeddable":true,"href":"https:\/\/antykilion.pl\/fr\/wp-json\/wp\/v2\/media\/8382"}],"wp:attachment":[{"href":"https:\/\/antykilion.pl\/fr\/wp-json\/wp\/v2\/media?parent=8381"}],"wp:term":[{"taxonomy":"product_cat","embeddable":true,"href":"https:\/\/antykilion.pl\/fr\/wp-json\/wp\/v2\/product_cat?post=8381"},{"taxonomy":"product_tag","embeddable":true,"href":"https:\/\/antykilion.pl\/fr\/wp-json\/wp\/v2\/product_tag?post=8381"}],"curies":[{"name":"wp","href":"https:\/\/api.w.org\/{rel}","templated":true}]}}