{"id":8429,"date":"2024-06-09T15:29:10","date_gmt":"2024-06-09T13:29:10","guid":{"rendered":"https:\/\/antykilion.pl\/?post_type=product&#038;p=8429"},"modified":"2025-08-20T08:01:34","modified_gmt":"2025-08-20T06:01:34","slug":"misnia-meissen-okres-marcoliniego-xviii-w-okolo-1780-r-filizanki-piekne","status":"publish","type":"product","link":"https:\/\/antykilion.pl\/fr\/product\/misnia-meissen-okres-marcoliniego-xviii-w-okolo-1780-r-filizanki-piekne\/","title":{"rendered":"Mi\u015bnia Meissen, okres marcoliniego XVIII w, oko\u0142o 1780 r, Fili\u017canki pi\u0119kne"},"content":{"rendered":"","protected":false},"excerpt":{"rendered":"<p>Mi\u015bnia Meissen, okres marcoliniego XVIII w, oko\u0142o 1780 r, Fili\u017canki pi\u0119kne<\/p>\n<p>5 spodk\u00f3w pod fili\u017canki 13, 5 cm<\/p>\n<p>5 fili\u017canek \u015brednica bez ucha 4,5 cm, \u015brednica 5 cm<\/p>\n<p>stan: bardzo dobry 2 spodki w\u0142os<\/p>\n<p>Okazja !!!<\/p>\n<p>Cena dotyczy 1 szt.<\/p>","protected":false},"featured_media":8430,"comment_status":"closed","ping_status":"closed","template":"","meta":[],"product_cat":[50],"product_tag":[],"class_list":{"0":"post-8429","1":"product","2":"type-product","3":"status-publish","4":"has-post-thumbnail","6":"product_cat-porcelana-i-fajans","8":"entry","9":"has-media","11":"first","12":"instock","13":"taxable","14":"shipping-taxable","15":"purchasable","16":"product-type-simple","17":"has-product-nav","18":"col","19":"span_1_of_3","20":"owp-content-center","21":"owp-thumbs-layout-horizontal","22":"owp-btn-normal","23":"owp-tabs-layout-horizontal"},"aioseo_notices":[],"_links":{"self":[{"href":"https:\/\/antykilion.pl\/fr\/wp-json\/wp\/v2\/product\/8429","targetHints":{"allow":["GET"]}}],"collection":[{"href":"https:\/\/antykilion.pl\/fr\/wp-json\/wp\/v2\/product"}],"about":[{"href":"https:\/\/antykilion.pl\/fr\/wp-json\/wp\/v2\/types\/product"}],"replies":[{"embeddable":true,"href":"https:\/\/antykilion.pl\/fr\/wp-json\/wp\/v2\/comments?post=8429"}],"wp:featuredmedia":[{"embeddable":true,"href":"https:\/\/antykilion.pl\/fr\/wp-json\/wp\/v2\/media\/8430"}],"wp:attachment":[{"href":"https:\/\/antykilion.pl\/fr\/wp-json\/wp\/v2\/media?parent=8429"}],"wp:term":[{"taxonomy":"product_cat","embeddable":true,"href":"https:\/\/antykilion.pl\/fr\/wp-json\/wp\/v2\/product_cat?post=8429"},{"taxonomy":"product_tag","embeddable":true,"href":"https:\/\/antykilion.pl\/fr\/wp-json\/wp\/v2\/product_tag?post=8429"}],"curies":[{"name":"wp","href":"https:\/\/api.w.org\/{rel}","templated":true}]}}