{"id":8444,"date":"2024-06-11T13:44:33","date_gmt":"2024-06-11T11:44:33","guid":{"rendered":"https:\/\/antykilion.pl\/?post_type=product&#038;p=8444"},"modified":"2025-07-10T06:24:38","modified_gmt":"2025-07-10T04:24:38","slug":"ogromne-filizanki-fraureuth-z-xix-w-rzadkosc","status":"publish","type":"product","link":"https:\/\/antykilion.pl\/fr\/product\/ogromne-filizanki-fraureuth-z-xix-w-rzadkosc\/","title":{"rendered":"Ogromne Fili\u017canki, Fraureuth z XIX w, rzadko\u015b\u0107 !!!"},"content":{"rendered":"","protected":false},"excerpt":{"rendered":"<p>Ogromne Fili\u017canki, Fraureuth z XIX w, rzadko\u015b\u0107 !!!<\/p>\n<p>4 spodk\u00f3w pod fili\u017canki 15, 5 cm<\/p>\n<p>4 fili\u017canek \u015brednica bez ucha 9,5 cm, wysoko\u015b\u0107 8,5 cm<\/p>\n<p>stan: bardzo dobry<\/p>\n<p>Sygnatura: wyciskane F XIX w<\/p>\n<p>Okazja !!!<\/p>\n<p>Cena dotyczy 1 szt.<\/p>","protected":false},"featured_media":8445,"comment_status":"closed","ping_status":"closed","template":"","meta":[],"product_cat":[50],"product_tag":[],"class_list":{"0":"post-8444","1":"product","2":"type-product","3":"status-publish","4":"has-post-thumbnail","6":"product_cat-porcelana-i-fajans","8":"entry","9":"has-media","11":"first","12":"instock","13":"taxable","14":"shipping-taxable","15":"purchasable","16":"product-type-simple","17":"has-product-nav","18":"col","19":"span_1_of_3","20":"owp-content-center","21":"owp-thumbs-layout-horizontal","22":"owp-btn-normal","23":"owp-tabs-layout-horizontal"},"aioseo_notices":[],"_links":{"self":[{"href":"https:\/\/antykilion.pl\/fr\/wp-json\/wp\/v2\/product\/8444","targetHints":{"allow":["GET"]}}],"collection":[{"href":"https:\/\/antykilion.pl\/fr\/wp-json\/wp\/v2\/product"}],"about":[{"href":"https:\/\/antykilion.pl\/fr\/wp-json\/wp\/v2\/types\/product"}],"replies":[{"embeddable":true,"href":"https:\/\/antykilion.pl\/fr\/wp-json\/wp\/v2\/comments?post=8444"}],"wp:featuredmedia":[{"embeddable":true,"href":"https:\/\/antykilion.pl\/fr\/wp-json\/wp\/v2\/media\/8445"}],"wp:attachment":[{"href":"https:\/\/antykilion.pl\/fr\/wp-json\/wp\/v2\/media?parent=8444"}],"wp:term":[{"taxonomy":"product_cat","embeddable":true,"href":"https:\/\/antykilion.pl\/fr\/wp-json\/wp\/v2\/product_cat?post=8444"},{"taxonomy":"product_tag","embeddable":true,"href":"https:\/\/antykilion.pl\/fr\/wp-json\/wp\/v2\/product_tag?post=8444"}],"curies":[{"name":"wp","href":"https:\/\/api.w.org\/{rel}","templated":true}]}}