{"id":8465,"date":"2024-06-12T05:36:27","date_gmt":"2024-06-12T03:36:27","guid":{"rendered":"https:\/\/antykilion.pl\/?post_type=product&#038;p=8465"},"modified":"2024-06-12T05:36:27","modified_gmt":"2024-06-12T03:36:27","slug":"filizanki-z-scenkami-w-stylu-empir-xix-w-okolo-1810-30-r-francja","status":"publish","type":"product","link":"https:\/\/antykilion.pl\/fr\/product\/filizanki-z-scenkami-w-stylu-empir-xix-w-okolo-1810-30-r-francja\/","title":{"rendered":"Fili\u017canki z scenkami w stylu Empir XIX w oko\u0142o 1810\/30 r Francja !!!"},"content":{"rendered":"","protected":false},"excerpt":{"rendered":"<p>Fili\u017canki z scenkami w stylu Empir XIX w oko\u0142o 1810\/30 r Francja !!!<\/p>\n<p>Ka\u017cda fili\u017canka z inn\u0105 scen\u0105 malowane r\u0119cznie<\/p>\n<p>10 spodk\u00f3w pod fili\u017canki 12,5 cm<\/p>\n<p>10 fili\u017canek \u015brednica bez ucha 7,8 cm, wysoko\u015b\u0107 7,2 cm<\/p>\n<p>stan: bardzo dobry, drobne przetarcia najcz\u0119\u015bciej na obrze\u017cach<\/p>\n<p>Okazja !!!<\/p>\n<p>Cena dotyczy jednej fili\u017canki dost\u0119pne 10 szt <\/p>","protected":false},"featured_media":8466,"comment_status":"closed","ping_status":"closed","template":"","meta":[],"product_cat":[50],"product_tag":[],"class_list":{"0":"post-8465","1":"product","2":"type-product","3":"status-publish","4":"has-post-thumbnail","6":"product_cat-porcelana-i-fajans","8":"entry","9":"has-media","11":"first","12":"instock","13":"taxable","14":"shipping-taxable","15":"purchasable","16":"product-type-simple","17":"has-product-nav","18":"col","19":"span_1_of_3","20":"owp-content-center","21":"owp-thumbs-layout-horizontal","22":"owp-btn-normal","23":"owp-tabs-layout-horizontal"},"aioseo_notices":[],"_links":{"self":[{"href":"https:\/\/antykilion.pl\/fr\/wp-json\/wp\/v2\/product\/8465","targetHints":{"allow":["GET"]}}],"collection":[{"href":"https:\/\/antykilion.pl\/fr\/wp-json\/wp\/v2\/product"}],"about":[{"href":"https:\/\/antykilion.pl\/fr\/wp-json\/wp\/v2\/types\/product"}],"replies":[{"embeddable":true,"href":"https:\/\/antykilion.pl\/fr\/wp-json\/wp\/v2\/comments?post=8465"}],"wp:featuredmedia":[{"embeddable":true,"href":"https:\/\/antykilion.pl\/fr\/wp-json\/wp\/v2\/media\/8466"}],"wp:attachment":[{"href":"https:\/\/antykilion.pl\/fr\/wp-json\/wp\/v2\/media?parent=8465"}],"wp:term":[{"taxonomy":"product_cat","embeddable":true,"href":"https:\/\/antykilion.pl\/fr\/wp-json\/wp\/v2\/product_cat?post=8465"},{"taxonomy":"product_tag","embeddable":true,"href":"https:\/\/antykilion.pl\/fr\/wp-json\/wp\/v2\/product_tag?post=8465"}],"curies":[{"name":"wp","href":"https:\/\/api.w.org\/{rel}","templated":true}]}}