{"id":8519,"date":"2024-06-23T13:30:03","date_gmt":"2024-06-23T11:30:03","guid":{"rendered":"https:\/\/antykilion.pl\/?post_type=product&#038;p=8519"},"modified":"2024-06-23T13:30:03","modified_gmt":"2024-06-23T11:30:03","slug":"witryna-w-stylu-barokowym-xviii-w-1740-60-r-bardzo-wysokiej-klasy-obledna","status":"publish","type":"product","link":"https:\/\/antykilion.pl\/fr\/product\/witryna-w-stylu-barokowym-xviii-w-1740-60-r-bardzo-wysokiej-klasy-obledna\/","title":{"rendered":"Witryna w stylu Barokowym XVIII w, 1740\/60 r, bardzo wysokiej klasy ob\u0142\u0119dna"},"content":{"rendered":"","protected":false},"excerpt":{"rendered":"<p>Witryna w stylu Barokowym XVIII w, 1740\/60 r, bardzo wysokiej klasy ob\u0142\u0119dna<\/p>\n<p>Barokowa komoda z witryn\u0105, ok. 1760 r., Witryna z drzwiami przeszklonymi i zakrzywionym gzymsem. Szybki w szprotach mocowane na specjalne \u015brubki z epoki. Komoda wsparta na czterech sp\u0142aszczonych kulach; czteroszufladowa, o prostych bokach i wkl\u0119s\u0142o-wypuk\u0142ym froncie; lica szuflad zdobione intarsjowanym ornamentem geometryczno &#8211; wst\u0119gowo &#8211; ta\u015bmowym; blat ze sp\u0142aszczonego \u0107wier\u0107wa\u0142ka; uchwyty szuflad mosi\u0119\u017cne kute.<\/p>\n<p>Masywna serwantka o bogatym i dekoracyjnym rozcz\u0142onkowaniu frontu, elegancka, na\u00a0 bardzo wysokim poziomie wykonawczym, muzealny eksponat.<\/p>\n<p>Stan: bardzo dobry, \u015blady u\u017cytkowania i co najwa\u017cniejsze stan orginalny !!! obiekt muzealny bardzo rzadki, niestety w jednej z szuflad zamek wymieniony<\/p>\n<p>Materia\u0142: orzech w\u0142oski i korze\u0144 z orzecha oraz intarsje z innych rodzai drzew<\/p>\n<p>Wymiary: wysoko\u015b\u0107 190 cm, d\u0142ugo\u015b\u0107 135 cm, szeroko\u015b\u0107 65 cm<\/p>\n<p>Okazja cenowa !!!<\/p>","protected":false},"featured_media":8521,"comment_status":"closed","ping_status":"closed","template":"","meta":[],"product_cat":[26,17,37],"product_tag":[],"class_list":{"0":"post-8519","1":"product","2":"type-product","3":"status-publish","4":"has-post-thumbnail","6":"product_cat-komody","7":"product_cat-meble","8":"product_cat-witryny-serwantki","10":"entry","11":"has-media","13":"first","14":"instock","15":"taxable","16":"shipping-taxable","17":"purchasable","18":"product-type-simple","19":"has-product-nav","20":"col","21":"span_1_of_3","22":"owp-content-center","23":"owp-thumbs-layout-horizontal","24":"owp-btn-normal","25":"owp-tabs-layout-horizontal"},"aioseo_notices":[],"_links":{"self":[{"href":"https:\/\/antykilion.pl\/fr\/wp-json\/wp\/v2\/product\/8519","targetHints":{"allow":["GET"]}}],"collection":[{"href":"https:\/\/antykilion.pl\/fr\/wp-json\/wp\/v2\/product"}],"about":[{"href":"https:\/\/antykilion.pl\/fr\/wp-json\/wp\/v2\/types\/product"}],"replies":[{"embeddable":true,"href":"https:\/\/antykilion.pl\/fr\/wp-json\/wp\/v2\/comments?post=8519"}],"wp:featuredmedia":[{"embeddable":true,"href":"https:\/\/antykilion.pl\/fr\/wp-json\/wp\/v2\/media\/8521"}],"wp:attachment":[{"href":"https:\/\/antykilion.pl\/fr\/wp-json\/wp\/v2\/media?parent=8519"}],"wp:term":[{"taxonomy":"product_cat","embeddable":true,"href":"https:\/\/antykilion.pl\/fr\/wp-json\/wp\/v2\/product_cat?post=8519"},{"taxonomy":"product_tag","embeddable":true,"href":"https:\/\/antykilion.pl\/fr\/wp-json\/wp\/v2\/product_tag?post=8519"}],"curies":[{"name":"wp","href":"https:\/\/api.w.org\/{rel}","templated":true}]}}