{"id":8549,"date":"2024-06-23T20:56:58","date_gmt":"2024-06-23T18:56:58","guid":{"rendered":"https:\/\/antykilion.pl\/?post_type=product&#038;p=8549"},"modified":"2026-03-22T19:44:33","modified_gmt":"2026-03-22T18:44:33","slug":"henry-dasson-paryz-serwantka-w-stylu-ludwika-xvi-wysokiej-klasy-obledna","status":"publish","type":"product","link":"https:\/\/antykilion.pl\/fr\/product\/henry-dasson-paryz-serwantka-w-stylu-ludwika-xvi-wysokiej-klasy-obledna\/","title":{"rendered":"HENRY DASSON Pary\u017c, Serwantka w stylu Ludwika XVI, wysokiej klasy ob\u0142\u0119dna"},"content":{"rendered":"","protected":false},"excerpt":{"rendered":"<p>HENRY DASSON Pary\u017c, Serwantka w stylu Ludwika XVI, wysokiej klasy ob\u0142\u0119dna<\/p>\n<p>Henry dasson atrybucja<\/p>\n<p>Z prostopad\u0142o\u015bcienna i przeszklona z trzech stron zamykan\u0105 jednoskrzyd\u0142owo, o falistym froncie, o powierzchniach intarsjowanych w sceny my\u015bliwskie, wsparta na czterech esowatych n\u00f3\u017ckach. We wn\u0119trzu trzy p\u00f3\u0142ki. Frontowe naro\u017ca podstawy okute br\u0105zami z\u0142oconymi. Na g\u00f3rze bardzo dekoracyjny galeryjka.<\/p>\n<p>Sygnatura: Sygnowane zamki HD<\/p>\n<p>Stan: bardzo dobry, \u015blady u\u017cytkowania i co najwa\u017cniejsze stan orginalny !!!<\/p>\n<p>Materia\u0142: drzewo r\u00f3\u017cane, intarsje cytryna, bukszpan, klon, br\u0105zy i br\u0105zy z\u0142ocone<\/p>\n<p>Wymiary: wysoko\u015b\u0107 160 cm, d\u0142ugo\u015b\u0107 68 cm, szeroko\u015b\u0107 39 cm<\/p>","protected":false},"featured_media":8552,"comment_status":"closed","ping_status":"closed","template":"","meta":[],"product_cat":[17,37],"product_tag":[],"class_list":{"0":"post-8549","1":"product","2":"type-product","3":"status-publish","4":"has-post-thumbnail","6":"product_cat-meble","7":"product_cat-witryny-serwantki","9":"entry","10":"has-media","12":"first","13":"instock","14":"taxable","15":"shipping-taxable","16":"purchasable","17":"product-type-simple","18":"has-product-nav","19":"col","20":"span_1_of_3","21":"owp-content-center","22":"owp-thumbs-layout-horizontal","23":"owp-btn-normal","24":"owp-tabs-layout-horizontal"},"aioseo_notices":[],"_links":{"self":[{"href":"https:\/\/antykilion.pl\/fr\/wp-json\/wp\/v2\/product\/8549","targetHints":{"allow":["GET"]}}],"collection":[{"href":"https:\/\/antykilion.pl\/fr\/wp-json\/wp\/v2\/product"}],"about":[{"href":"https:\/\/antykilion.pl\/fr\/wp-json\/wp\/v2\/types\/product"}],"replies":[{"embeddable":true,"href":"https:\/\/antykilion.pl\/fr\/wp-json\/wp\/v2\/comments?post=8549"}],"wp:featuredmedia":[{"embeddable":true,"href":"https:\/\/antykilion.pl\/fr\/wp-json\/wp\/v2\/media\/8552"}],"wp:attachment":[{"href":"https:\/\/antykilion.pl\/fr\/wp-json\/wp\/v2\/media?parent=8549"}],"wp:term":[{"taxonomy":"product_cat","embeddable":true,"href":"https:\/\/antykilion.pl\/fr\/wp-json\/wp\/v2\/product_cat?post=8549"},{"taxonomy":"product_tag","embeddable":true,"href":"https:\/\/antykilion.pl\/fr\/wp-json\/wp\/v2\/product_tag?post=8549"}],"curies":[{"name":"wp","href":"https:\/\/api.w.org\/{rel}","templated":true}]}}