{"id":8590,"date":"2024-06-25T11:54:46","date_gmt":"2024-06-25T09:54:46","guid":{"rendered":"https:\/\/antykilion.pl\/?post_type=product&#038;p=8590"},"modified":"2024-06-25T14:41:24","modified_gmt":"2024-06-25T12:41:24","slug":"lustro-z-okresu-krola-slonce-xvii-w-styl-ludwika-xiv-obledne","status":"publish","type":"product","link":"https:\/\/antykilion.pl\/fr\/product\/lustro-z-okresu-krola-slonce-xvii-w-styl-ludwika-xiv-obledne\/","title":{"rendered":"Lustro z okresu Kr\u00f3la S\u0142o\u0144ce XVII w, Styl Ludwika XIV ob\u0142\u0119dne !!!"},"content":{"rendered":"","protected":false},"excerpt":{"rendered":"<p>Lustro z okresu Kr\u00f3la S\u0142o\u0144ce XVII w, Styl Ludwika XIV ob\u0142\u0119dne !!!<\/p>\n<p>lustro przeszklone poz\u0142acane, rze\u017abione z tak zwanymi listwami \u201eBerain\u201d, li\u015b\u0107mi, koszami oraz du\u017c\u0105 muszl\u0105.<\/p>\n<p>Konstrukcja &#8211;\u00a0 drewno oraz kredowo klejowe<\/p>\n<p>Wymiary:\u00a0 ca\u0142o\u015b\u0107 wys. 180 cm, szer. 90 cm, g\u0142\u0119b. 20 cm;<\/p>\n<p>Pochodzenie: Francja okres Ludwika XV czyli XVII w<\/p>\n<p>Stan: bardzo dobry orginalny widoczne lekkie \u015blady u\u017cytkowania<\/p>\n<p>Ogromna rzadko\u015b\u0107 tafla zachowana orginalna niestety mleczna, ale w tym ca\u0142y urok!<\/p>\n<p>Okazja cenowa !!!<\/p>","protected":false},"featured_media":8612,"comment_status":"closed","ping_status":"closed","template":"","meta":[],"product_cat":[30,17],"product_tag":[],"class_list":{"0":"post-8590","1":"product","2":"type-product","3":"status-publish","4":"has-post-thumbnail","6":"product_cat-lustra","7":"product_cat-meble","9":"entry","10":"has-media","12":"first","13":"instock","14":"taxable","15":"shipping-taxable","16":"purchasable","17":"product-type-simple","18":"has-product-nav","19":"col","20":"span_1_of_3","21":"owp-content-center","22":"owp-thumbs-layout-horizontal","23":"owp-btn-normal","24":"owp-tabs-layout-horizontal"},"aioseo_notices":[],"_links":{"self":[{"href":"https:\/\/antykilion.pl\/fr\/wp-json\/wp\/v2\/product\/8590","targetHints":{"allow":["GET"]}}],"collection":[{"href":"https:\/\/antykilion.pl\/fr\/wp-json\/wp\/v2\/product"}],"about":[{"href":"https:\/\/antykilion.pl\/fr\/wp-json\/wp\/v2\/types\/product"}],"replies":[{"embeddable":true,"href":"https:\/\/antykilion.pl\/fr\/wp-json\/wp\/v2\/comments?post=8590"}],"wp:featuredmedia":[{"embeddable":true,"href":"https:\/\/antykilion.pl\/fr\/wp-json\/wp\/v2\/media\/8612"}],"wp:attachment":[{"href":"https:\/\/antykilion.pl\/fr\/wp-json\/wp\/v2\/media?parent=8590"}],"wp:term":[{"taxonomy":"product_cat","embeddable":true,"href":"https:\/\/antykilion.pl\/fr\/wp-json\/wp\/v2\/product_cat?post=8590"},{"taxonomy":"product_tag","embeddable":true,"href":"https:\/\/antykilion.pl\/fr\/wp-json\/wp\/v2\/product_tag?post=8590"}],"curies":[{"name":"wp","href":"https:\/\/api.w.org\/{rel}","templated":true}]}}