{"id":8643,"date":"2024-07-23T12:03:52","date_gmt":"2024-07-23T10:03:52","guid":{"rendered":"https:\/\/antykilion.pl\/?post_type=product&#038;p=8643"},"modified":"2024-07-23T12:03:53","modified_gmt":"2024-07-23T10:03:53","slug":"serwis-12-osob-obiad-i-kawa-rosenthal-barok-1920-w-ogromny","status":"publish","type":"product","link":"https:\/\/antykilion.pl\/fr\/product\/serwis-12-osob-obiad-i-kawa-rosenthal-barok-1920-w-ogromny\/","title":{"rendered":"Serwis 12 os\u00f3b obiad i kawa Rosenthal Barok 1920 w ogromny"},"content":{"rendered":"","protected":false},"excerpt":{"rendered":"<p>GALERIA ANTYKI I SZTUKA LION<\/p>\n<p>Serwis 12 os\u00f3b obiad kawa\u00a0 Rosenthal Barok 1920 r w ogromny<\/p>\n<p>Ogromna rzadko\u015b\u0107 Okazja !!!<\/p>\n<p>Le site Web comprend:<\/p>\n<p>12 talerzy obiadowych p\u0142askich 25.5 cm.<\/p>\n<p>12 talerzy obiadowych g\u0142\u0119bokich 25.5 cm.<\/p>\n<p>12 talerzy przystawkowych 21 cm.<\/p>\n<p>9 talerzyk\u00f3w \u015bniadaniowo \/ deserowych 17,5 cm.<\/p>\n<p>2 miski sa\u0142atkowe o wymiarach 25 cm i\u00a0 23 cm \u015brednicy<\/p>\n<p>1 sosjerka o d\u0142ugo\u015bci 22,5 cm<\/p>\n<p>2 p\u00f3\u0142miski g\u0142\u0119bokie o d\u0142ugo\u015bci 26 cm<\/p>\n<p>2 p\u00f3\u0142miski do serwowania o d\u0142ugo\u015bci 24cm<\/p>\n<p>1 p\u00f3\u0142misek do serwowania o d\u0142ugo\u015bci 37,5 cm<\/p>\n<p>1 p\u00f3\u0142misek do serwowania o d\u0142ugo\u015bci 28,5 cm.<\/p>\n<p>2 talerze ciasta 27 cm<\/p>\n<p>12 spodk\u00f3w pod fili\u017canki do kawy 15 cm<\/p>\n<p>12 fili\u017canek do kawy \u015brednica bez ucha 11,5 cm, wysoko\u015b\u0107 6,5 cm<\/p>\n<p>1 cukiernica wysoko\u015b\u0107 12 cm<\/p>\n<p>1 dzbanek do kawy wysoko\u015b\u0107 23 cm<\/p>\n<p>1 dzbanek do herbaty wysoko\u015b\u0107 18 cm<\/p>\n<p>Pi\u0119kna klasyka z 1920\/30 roku!!!<\/p>\n<p>stan: bardzo dobry uszkodzenia wymienione<\/p>\n<p>okazjonalna cena !!!<\/p>","protected":false},"featured_media":8644,"comment_status":"closed","ping_status":"closed","template":"","meta":[],"product_cat":[50],"product_tag":[],"class_list":{"0":"post-8643","1":"product","2":"type-product","3":"status-publish","4":"has-post-thumbnail","6":"product_cat-porcelana-i-fajans","8":"entry","9":"has-media","11":"first","12":"instock","13":"taxable","14":"shipping-taxable","15":"purchasable","16":"product-type-simple","17":"has-product-nav","18":"col","19":"span_1_of_3","20":"owp-content-center","21":"owp-thumbs-layout-horizontal","22":"owp-btn-normal","23":"owp-tabs-layout-horizontal"},"aioseo_notices":[],"_links":{"self":[{"href":"https:\/\/antykilion.pl\/fr\/wp-json\/wp\/v2\/product\/8643","targetHints":{"allow":["GET"]}}],"collection":[{"href":"https:\/\/antykilion.pl\/fr\/wp-json\/wp\/v2\/product"}],"about":[{"href":"https:\/\/antykilion.pl\/fr\/wp-json\/wp\/v2\/types\/product"}],"replies":[{"embeddable":true,"href":"https:\/\/antykilion.pl\/fr\/wp-json\/wp\/v2\/comments?post=8643"}],"wp:featuredmedia":[{"embeddable":true,"href":"https:\/\/antykilion.pl\/fr\/wp-json\/wp\/v2\/media\/8644"}],"wp:attachment":[{"href":"https:\/\/antykilion.pl\/fr\/wp-json\/wp\/v2\/media?parent=8643"}],"wp:term":[{"taxonomy":"product_cat","embeddable":true,"href":"https:\/\/antykilion.pl\/fr\/wp-json\/wp\/v2\/product_cat?post=8643"},{"taxonomy":"product_tag","embeddable":true,"href":"https:\/\/antykilion.pl\/fr\/wp-json\/wp\/v2\/product_tag?post=8643"}],"curies":[{"name":"wp","href":"https:\/\/api.w.org\/{rel}","templated":true}]}}