{"id":8646,"date":"2024-07-23T14:33:27","date_gmt":"2024-07-23T12:33:27","guid":{"rendered":"https:\/\/antykilion.pl\/?post_type=product&#038;p=8646"},"modified":"2024-07-28T11:00:48","modified_gmt":"2024-07-28T09:00:48","slug":"8646","status":"publish","type":"product","link":"https:\/\/antykilion.pl\/fr\/product\/8646\/","title":{"rendered":"Alfred Meakin belmont zestaw toaletowy oko\u0142o 1897-1906"},"content":{"rendered":"","protected":false},"excerpt":{"rendered":"<p>Alfred Meakin belmont zestaw toaletowy oko\u0142o 1897-1906<\/p>\n<p>Dzban wys. 32 cm<\/p>\n<p>Misa \u015brednica 42 cm<\/p>\n<p>kubek na szczoteczki\u00a0 wysoko\u015b\u0107 13 cm<\/p>\n<p>nocnik<\/p>\n<p>stan: bardzo dobry, drobne przetarcia najcz\u0119\u015bciej na obrze\u017cach<\/p>\n<p>ceny takich zestaw\u00f3w tej firmy sprzedawane s\u0105 zagranic\u0105 nawet za 2000 usd<\/p>\n<p>Okazja !!!<\/p>\n<p>Cena dotyczy jednego zestawu<\/p>","protected":false},"featured_media":8647,"comment_status":"closed","ping_status":"closed","template":"","meta":[],"product_cat":[50],"product_tag":[],"class_list":{"0":"post-8646","1":"product","2":"type-product","3":"status-publish","4":"has-post-thumbnail","6":"product_cat-porcelana-i-fajans","8":"entry","9":"has-media","11":"first","12":"instock","13":"taxable","14":"shipping-taxable","15":"purchasable","16":"product-type-simple","17":"has-product-nav","18":"col","19":"span_1_of_3","20":"owp-content-center","21":"owp-thumbs-layout-horizontal","22":"owp-btn-normal","23":"owp-tabs-layout-horizontal"},"aioseo_notices":[],"_links":{"self":[{"href":"https:\/\/antykilion.pl\/fr\/wp-json\/wp\/v2\/product\/8646","targetHints":{"allow":["GET"]}}],"collection":[{"href":"https:\/\/antykilion.pl\/fr\/wp-json\/wp\/v2\/product"}],"about":[{"href":"https:\/\/antykilion.pl\/fr\/wp-json\/wp\/v2\/types\/product"}],"replies":[{"embeddable":true,"href":"https:\/\/antykilion.pl\/fr\/wp-json\/wp\/v2\/comments?post=8646"}],"wp:featuredmedia":[{"embeddable":true,"href":"https:\/\/antykilion.pl\/fr\/wp-json\/wp\/v2\/media\/8647"}],"wp:attachment":[{"href":"https:\/\/antykilion.pl\/fr\/wp-json\/wp\/v2\/media?parent=8646"}],"wp:term":[{"taxonomy":"product_cat","embeddable":true,"href":"https:\/\/antykilion.pl\/fr\/wp-json\/wp\/v2\/product_cat?post=8646"},{"taxonomy":"product_tag","embeddable":true,"href":"https:\/\/antykilion.pl\/fr\/wp-json\/wp\/v2\/product_tag?post=8646"}],"curies":[{"name":"wp","href":"https:\/\/api.w.org\/{rel}","templated":true}]}}