{"id":869,"date":"2020-02-02T15:07:45","date_gmt":"2020-02-02T14:07:45","guid":{"rendered":"https:\/\/antykilion.pl\/?post_type=product&#038;p=869"},"modified":"2026-04-08T13:52:06","modified_gmt":"2026-04-08T11:52:06","slug":"fritz-raupp-1871-1949-polowy","status":"publish","type":"product","link":"https:\/\/antykilion.pl\/fr\/product\/fritz-raupp-1871-1949-polowy\/","title":{"rendered":"Fritz Raupp 1871-1949, milieu"},"content":{"rendered":"","protected":false},"excerpt":{"rendered":"<p>Fritz Raupp 1871-1949, milieu<br \/>\nTr\u00e8s d\u00e9coratif, encadr\u00e9 dans un cadre tr\u00e8s riche.<br \/>\nDimensions: avec un cadre 74 cm par 98 cm<br \/>\n\u00c9tablissement: d\u00e9but du 20e si\u00e8cle<br \/>\nSignature: comme indiqu\u00e9 sur la photo, coin inf\u00e9rieur droit<br \/>\nTechnique: huile sur toile<br \/>\nEtat: tr\u00e8s bon<br \/>\nhttps:\/\/www.hampel-auctions.com\/archive-catalogue-detail.php?a=66&amp;s=27&amp;id=57728&amp;la=de<\/p>","protected":false},"featured_media":870,"comment_status":"closed","ping_status":"closed","template":"","meta":[],"product_cat":[41,39,40],"product_tag":[],"class_list":{"0":"post-869","1":"product","2":"type-product","3":"status-publish","4":"has-post-thumbnail","6":"product_cat-malarstwo-dawne","7":"product_cat-dziela-sztuki","8":"product_cat-malarstwo","10":"entry","11":"has-media","13":"first","14":"instock","15":"taxable","16":"shipping-taxable","17":"purchasable","18":"product-type-simple","19":"has-product-nav","20":"col","21":"span_1_of_3","22":"owp-content-center","23":"owp-thumbs-layout-horizontal","24":"owp-btn-normal","25":"owp-tabs-layout-horizontal"},"aioseo_notices":[],"_links":{"self":[{"href":"https:\/\/antykilion.pl\/fr\/wp-json\/wp\/v2\/product\/869","targetHints":{"allow":["GET"]}}],"collection":[{"href":"https:\/\/antykilion.pl\/fr\/wp-json\/wp\/v2\/product"}],"about":[{"href":"https:\/\/antykilion.pl\/fr\/wp-json\/wp\/v2\/types\/product"}],"replies":[{"embeddable":true,"href":"https:\/\/antykilion.pl\/fr\/wp-json\/wp\/v2\/comments?post=869"}],"wp:featuredmedia":[{"embeddable":true,"href":"https:\/\/antykilion.pl\/fr\/wp-json\/wp\/v2\/media\/870"}],"wp:attachment":[{"href":"https:\/\/antykilion.pl\/fr\/wp-json\/wp\/v2\/media?parent=869"}],"wp:term":[{"taxonomy":"product_cat","embeddable":true,"href":"https:\/\/antykilion.pl\/fr\/wp-json\/wp\/v2\/product_cat?post=869"},{"taxonomy":"product_tag","embeddable":true,"href":"https:\/\/antykilion.pl\/fr\/wp-json\/wp\/v2\/product_tag?post=869"}],"curies":[{"name":"wp","href":"https:\/\/api.w.org\/{rel}","templated":true}]}}