{"id":8715,"date":"2024-08-04T11:17:14","date_gmt":"2024-08-04T09:17:14","guid":{"rendered":"https:\/\/antykilion.pl\/?post_type=product&#038;p=8715"},"modified":"2026-03-14T13:13:04","modified_gmt":"2026-03-14T12:13:04","slug":"piekna-witryna-biblioteka-sauteuse-okres-i-styl-ludwika-xv-okolo-1740-r","status":"publish","type":"product","link":"https:\/\/antykilion.pl\/fr\/product\/piekna-witryna-biblioteka-sauteuse-okres-i-styl-ludwika-xv-okolo-1740-r\/","title":{"rendered":"Pi\u0119kna Witryna, biblioteka Sauteuse\u00a0 okres i styl Ludwika XV oko\u0142o 1740 r"},"content":{"rendered":"","protected":false},"excerpt":{"rendered":"<p>Szeroki wyb\u00f3r ekskluzywnych mebli i przedmiot\u00f3w w bardzo atrakcyjnych cenach<\/p>\n<p>Pi\u0119kna Witryna, biblioteka Sauteuse\u00a0 okres i styl Ludwika XV oko\u0142o 1740 r<\/p>\n<p>o prostych bokach i froncie, przeszklona od frontu, dwuskrzyd\u0142owa. We wn\u0119trzu pi\u0119\u0107 p\u00f3\u0142ek; Okucia z br\u0105zu z\u0142oconego. Witryna sygnowana wyt\u0142oczenie literowe niestety nie do odczytania niestety.\u00a0<\/p>\n<p>Du\u017ca a zarazem delikatna i bardzo elegancka serwantka o bogatym i dekoracyjnym rozcz\u0142onkowaniu frontu, elegancka, na\u00a0 bardzo wysokim poziomie.\u00a0 Eksponat muzealny, jeden z najbardziej poszukiwanych mebli.<\/p>\n<p>Stan: bardzo dobry, \u015blady u\u017cytkowania, drobne stare naprawy przy brzegach forniru, ale to normalne i co najwa\u017cniejsze stan orginalny !!!<\/p>\n<p>Materia\u0142: Konstrukcja d\u0119bowa, forniry tulipanowiec i r\u00f3\u017ca !!!!<\/p>\n<p>Wymiary: wysoko\u015b\u0107 200 cm, d\u0142ugo\u015b\u0107 84 cm, szeroko\u015b\u0107 34 cm bardzo du\u017ca<\/p>","protected":false},"featured_media":8779,"comment_status":"closed","ping_status":"closed","template":"","meta":[],"product_cat":[23,17,37],"product_tag":[],"class_list":{"0":"post-8715","1":"product","2":"type-product","3":"status-publish","4":"has-post-thumbnail","6":"product_cat-biblioteki","7":"product_cat-meble","8":"product_cat-witryny-serwantki","10":"entry","11":"has-media","13":"first","14":"instock","15":"taxable","16":"shipping-taxable","17":"purchasable","18":"product-type-simple","19":"has-product-nav","20":"col","21":"span_1_of_3","22":"owp-content-center","23":"owp-thumbs-layout-horizontal","24":"owp-btn-normal","25":"owp-tabs-layout-horizontal"},"aioseo_notices":[],"_links":{"self":[{"href":"https:\/\/antykilion.pl\/fr\/wp-json\/wp\/v2\/product\/8715","targetHints":{"allow":["GET"]}}],"collection":[{"href":"https:\/\/antykilion.pl\/fr\/wp-json\/wp\/v2\/product"}],"about":[{"href":"https:\/\/antykilion.pl\/fr\/wp-json\/wp\/v2\/types\/product"}],"replies":[{"embeddable":true,"href":"https:\/\/antykilion.pl\/fr\/wp-json\/wp\/v2\/comments?post=8715"}],"wp:featuredmedia":[{"embeddable":true,"href":"https:\/\/antykilion.pl\/fr\/wp-json\/wp\/v2\/media\/8779"}],"wp:attachment":[{"href":"https:\/\/antykilion.pl\/fr\/wp-json\/wp\/v2\/media?parent=8715"}],"wp:term":[{"taxonomy":"product_cat","embeddable":true,"href":"https:\/\/antykilion.pl\/fr\/wp-json\/wp\/v2\/product_cat?post=8715"},{"taxonomy":"product_tag","embeddable":true,"href":"https:\/\/antykilion.pl\/fr\/wp-json\/wp\/v2\/product_tag?post=8715"}],"curies":[{"name":"wp","href":"https:\/\/api.w.org\/{rel}","templated":true}]}}