{"id":876,"date":"2020-02-02T15:36:26","date_gmt":"2020-02-02T14:36:26","guid":{"rendered":"https:\/\/antykilion.pl\/?post_type=product&#038;p=876"},"modified":"2021-09-03T14:16:38","modified_gmt":"2021-09-03T12:16:38","slug":"johan-jungbluth-zima","status":"publish","type":"product","link":"https:\/\/antykilion.pl\/fr\/product\/johan-jungbluth-zima\/","title":{"rendered":"Johan Jungbluth hiver"},"content":{"rendered":"<p>Jungblut a d&#039;abord travaill\u00e9 comme artisan chez Villeroy &amp; Boch \u00e0 Mettlach. En tant qu&#039;artiste autodidacte, il s&#039;est occup\u00e9 de la peinture artistique. En 1885, il a d\u00e9m\u00e9nag\u00e9 \u00e0 D\u00fcsseldorf, o\u00f9 il \u00e9tait probablement un solitaire, et en 1889, il a v\u00e9cu dans le quartier de Pempelfort. Son fils, plus tard sculpteur Emil Jungblut, est n\u00e9 \u00e0 D\u00fcsseldorf en 1888. Les peintres Walter (1892-1941) et Hans Jungblut \u00e9taient ses fils.<\/p>\n<p>La peinture de Jungblut \u00e9tait fortement bas\u00e9e sur des mod\u00e8les anciens hollandais. Sa sp\u00e9cialit\u00e9 \u00e9tait de peindre de fa\u00e7on impressionniste, des paysages hivernaux brumeux sur les eaux hollandaises au soleil bas. Fjords norv\u00e9giens et autres motifs qu&#039;il peint souvent de cette fa\u00e7on. Certaines de ses photos ont \u00e9t\u00e9 dessin\u00e9es sous le pseudonyme de J. Sander. On pense qu&#039;il pourrait \u00e9galement \u00eatre sous le pseudonyme de J.Metzler, Ev Wendlinger<\/p>","protected":false},"excerpt":{"rendered":"<p>Johann Jungblut, \u00e9galement Johann Jungbluth (n\u00e9 le 16 avril 1860 \u00e0 Saarburg, le 17 d\u00e9cembre 1912 \u00e0 D\u00fcsseldorf), \u00e9tait un peintre paysagiste allemand de l&#039;\u00e9cole de D\u00fcsseldorf.<br \/>\nProbablement sous le pseudonyme Ev Wendlinger, Winter<br \/>\nDimensions: avec le cadre il mesure 165 cm sur 110 cm<br \/>\nTechnique: huile sur toile<br \/>\nEtat: tr\u00e8s bon, seule une petite rayure sur le tableau sur le c\u00f4t\u00e9 du tableau est pratiquement invisible.<\/p>\n<p>De belles peintures pittoresques de ce peintre se trouvent dans de nombreux mus\u00e9es et galeries du monde entier.<br \/>\nInformations compl\u00e9mentaires sur l&#039;artiste ci-dessous.<\/p>","protected":false},"featured_media":877,"comment_status":"closed","ping_status":"closed","template":"","meta":[],"product_cat":[41,39,40],"product_tag":[],"class_list":{"0":"post-876","1":"product","2":"type-product","3":"status-publish","4":"has-post-thumbnail","6":"product_cat-malarstwo-dawne","7":"product_cat-dziela-sztuki","8":"product_cat-malarstwo","10":"entry","11":"has-media","13":"first","14":"instock","15":"taxable","16":"shipping-taxable","17":"purchasable","18":"product-type-simple","19":"has-product-nav","20":"col","21":"span_1_of_3","22":"owp-content-center","23":"owp-thumbs-layout-horizontal","24":"owp-btn-normal","25":"owp-tabs-layout-horizontal"},"aioseo_notices":[],"_links":{"self":[{"href":"https:\/\/antykilion.pl\/fr\/wp-json\/wp\/v2\/product\/876","targetHints":{"allow":["GET"]}}],"collection":[{"href":"https:\/\/antykilion.pl\/fr\/wp-json\/wp\/v2\/product"}],"about":[{"href":"https:\/\/antykilion.pl\/fr\/wp-json\/wp\/v2\/types\/product"}],"replies":[{"embeddable":true,"href":"https:\/\/antykilion.pl\/fr\/wp-json\/wp\/v2\/comments?post=876"}],"wp:featuredmedia":[{"embeddable":true,"href":"https:\/\/antykilion.pl\/fr\/wp-json\/wp\/v2\/media\/877"}],"wp:attachment":[{"href":"https:\/\/antykilion.pl\/fr\/wp-json\/wp\/v2\/media?parent=876"}],"wp:term":[{"taxonomy":"product_cat","embeddable":true,"href":"https:\/\/antykilion.pl\/fr\/wp-json\/wp\/v2\/product_cat?post=876"},{"taxonomy":"product_tag","embeddable":true,"href":"https:\/\/antykilion.pl\/fr\/wp-json\/wp\/v2\/product_tag?post=876"}],"curies":[{"name":"wp","href":"https:\/\/api.w.org\/{rel}","templated":true}]}}