{"id":8772,"date":"2024-08-04T15:11:53","date_gmt":"2024-08-04T13:11:53","guid":{"rendered":"https:\/\/antykilion.pl\/?post_type=product&#038;p=8772"},"modified":"2024-08-04T15:11:54","modified_gmt":"2024-08-04T13:11:54","slug":"stolik-pomocniczy-w-stylu-klasycystycznym-xix-w-okolo-1800-r-piekny","status":"publish","type":"product","link":"https:\/\/antykilion.pl\/fr\/product\/stolik-pomocniczy-w-stylu-klasycystycznym-xix-w-okolo-1800-r-piekny\/","title":{"rendered":"Stolik pomocniczy w stylu klasycystycznym XIX w oko\u0142o 1800 r Pi\u0119kny"},"content":{"rendered":"","protected":false},"excerpt":{"rendered":"<p>Stolik pomocniczy w stylu klasycystycznym XIX w oko\u0142o 1800 r Pi\u0119kny<\/p>\n<p>Stolik prostok\u0105tny, z otwieran\u0105 klap\u0105 w \u015brodku przegrody do rob\u00f3tek oraz lusterko, wsparty na czterech graniastych, zbie\u017cnych ku do\u0142owi  n\u00f3\u017ckach. Fornirowany i bogato intarsjowany.<\/p>\n<p>Stan: Bardzo dobry orgiinalny , wr\u0119cz idealny tafla lusterka wymieniona i lu\u017ane na zawiasach, ale to drobiazg. Pi\u0119kny stolik to ju\u017c ogroman rzadko\u015b\u0107.<\/p>\n<p>Origine: Europe<\/p>\n<p>Materia\u0142: okleina Maho\u0144 oraz inne w intarsjach<\/p>\n<p>Wymiary:Wysoko\u015b\u0107 76 cm, d\u0142ugo\u015b\u0107 54 cm, szer. 37 cm<\/p>\n<p>Stolik niesamowicie elegancki w formie.<\/p>","protected":false},"featured_media":8773,"comment_status":"closed","ping_status":"closed","template":"","meta":[],"product_cat":[17,33],"product_tag":[],"class_list":{"0":"post-8772","1":"product","2":"type-product","3":"status-publish","4":"has-post-thumbnail","6":"product_cat-meble","7":"product_cat-stoly-stoliki","9":"entry","10":"has-media","12":"first","13":"instock","14":"taxable","15":"shipping-taxable","16":"purchasable","17":"product-type-simple","18":"has-product-nav","19":"col","20":"span_1_of_3","21":"owp-content-center","22":"owp-thumbs-layout-horizontal","23":"owp-btn-normal","24":"owp-tabs-layout-horizontal"},"aioseo_notices":[],"_links":{"self":[{"href":"https:\/\/antykilion.pl\/fr\/wp-json\/wp\/v2\/product\/8772","targetHints":{"allow":["GET"]}}],"collection":[{"href":"https:\/\/antykilion.pl\/fr\/wp-json\/wp\/v2\/product"}],"about":[{"href":"https:\/\/antykilion.pl\/fr\/wp-json\/wp\/v2\/types\/product"}],"replies":[{"embeddable":true,"href":"https:\/\/antykilion.pl\/fr\/wp-json\/wp\/v2\/comments?post=8772"}],"wp:featuredmedia":[{"embeddable":true,"href":"https:\/\/antykilion.pl\/fr\/wp-json\/wp\/v2\/media\/8773"}],"wp:attachment":[{"href":"https:\/\/antykilion.pl\/fr\/wp-json\/wp\/v2\/media?parent=8772"}],"wp:term":[{"taxonomy":"product_cat","embeddable":true,"href":"https:\/\/antykilion.pl\/fr\/wp-json\/wp\/v2\/product_cat?post=8772"},{"taxonomy":"product_tag","embeddable":true,"href":"https:\/\/antykilion.pl\/fr\/wp-json\/wp\/v2\/product_tag?post=8772"}],"curies":[{"name":"wp","href":"https:\/\/api.w.org\/{rel}","templated":true}]}}