{"id":8873,"date":"2024-09-29T19:20:32","date_gmt":"2024-09-29T17:20:32","guid":{"rendered":"https:\/\/antykilion.pl\/?post_type=product&#038;p=8873"},"modified":"2024-09-29T19:20:33","modified_gmt":"2024-09-29T17:20:33","slug":"toaletka-przenosna-na-wysokiej-nodze-w-stylu-ludwika-filipa-xix-w-okolo-1860-r","status":"publish","type":"product","link":"https:\/\/antykilion.pl\/fr\/product\/toaletka-przenosna-na-wysokiej-nodze-w-stylu-ludwika-filipa-xix-w-okolo-1860-r\/","title":{"rendered":"Toaletka przeno\u015bna na wysokiej nodze w stylu Ludwika Filipa XIX w oko\u0142o 1860 r"},"content":{"rendered":"","protected":false},"excerpt":{"rendered":"<p>Toaletka przeno\u015bna na wysokiej nodze w stylu Ludwika Filipa XIX w oko\u0142o 1860 r<\/p>\n<p>Toaletka na wysokiej nodze regulowane lusterko w okr\u0105g\u0142ym stoliku szuflada.<\/p>\n<p>Mat\u00e9riel: noyer<\/p>\n<p>Powstanie: Europa<\/p>\n<p>Stan: bardzo dobry konstrukcyjnie, drobne rozeschni\u0119cie na blacie ma\u0142o istotne w wygl\u0105dzie, Stan orginalny!<\/p>\n<p>Wymiary: wysoko\u015b\u0107 153, szeroko\u015b\u0107 46 cm<\/p>\n<p>\u015bliczne !!!<\/p>","protected":false},"featured_media":8874,"comment_status":"closed","ping_status":"closed","template":"","meta":[],"product_cat":[30,17,36],"product_tag":[],"class_list":{"0":"post-8873","1":"product","2":"type-product","3":"status-publish","4":"has-post-thumbnail","6":"product_cat-lustra","7":"product_cat-meble","8":"product_cat-toaletki","10":"entry","11":"has-media","13":"first","14":"instock","15":"taxable","16":"shipping-taxable","17":"purchasable","18":"product-type-simple","19":"has-product-nav","20":"col","21":"span_1_of_3","22":"owp-content-center","23":"owp-thumbs-layout-horizontal","24":"owp-btn-normal","25":"owp-tabs-layout-horizontal"},"aioseo_notices":[],"_links":{"self":[{"href":"https:\/\/antykilion.pl\/fr\/wp-json\/wp\/v2\/product\/8873","targetHints":{"allow":["GET"]}}],"collection":[{"href":"https:\/\/antykilion.pl\/fr\/wp-json\/wp\/v2\/product"}],"about":[{"href":"https:\/\/antykilion.pl\/fr\/wp-json\/wp\/v2\/types\/product"}],"replies":[{"embeddable":true,"href":"https:\/\/antykilion.pl\/fr\/wp-json\/wp\/v2\/comments?post=8873"}],"wp:featuredmedia":[{"embeddable":true,"href":"https:\/\/antykilion.pl\/fr\/wp-json\/wp\/v2\/media\/8874"}],"wp:attachment":[{"href":"https:\/\/antykilion.pl\/fr\/wp-json\/wp\/v2\/media?parent=8873"}],"wp:term":[{"taxonomy":"product_cat","embeddable":true,"href":"https:\/\/antykilion.pl\/fr\/wp-json\/wp\/v2\/product_cat?post=8873"},{"taxonomy":"product_tag","embeddable":true,"href":"https:\/\/antykilion.pl\/fr\/wp-json\/wp\/v2\/product_tag?post=8873"}],"curies":[{"name":"wp","href":"https:\/\/api.w.org\/{rel}","templated":true}]}}