{"id":8893,"date":"2024-09-30T14:33:58","date_gmt":"2024-09-30T12:33:58","guid":{"rendered":"https:\/\/antykilion.pl\/?post_type=product&#038;p=8893"},"modified":"2025-03-10T13:08:38","modified_gmt":"2025-03-10T12:08:38","slug":"para-swiecznikow-lichtarzy-w-stylu-rokokowym-xix-w-kilka-punc","status":"publish","type":"product","link":"https:\/\/antykilion.pl\/fr\/product\/para-swiecznikow-lichtarzy-w-stylu-rokokowym-xix-w-kilka-punc\/","title":{"rendered":"Para \u015bwiecznik\u00f3w lichtarzy w stylu rokokowym XIX w, kilka Punc"},"content":{"rendered":"","protected":false},"excerpt":{"rendered":"<p>Para \u015bwiecznik\u00f3w lichtarzy w stylu rokokowym XIX w, kilka Punc<\/p>\n<p>na wielolistnych stopach, wywy\u017cszonych, puklowanych i pionowo \u017cebrowanych, z trzonami tralkowymi zako\u0144czonymi wazonowymi, wysokimi tulejkami z  profitk\u0105.<\/p>\n<p>Sygnatura: Punce widoczne na zdj\u0119ciu<\/p>\n<p>Materia\u0142;  Metal ? Plater ?<\/p>\n<p>Tr\u00e8s bonne condition<\/p>\n<p>Wymiary: Wysoko\u015b\u0107 25 cm,<\/p>","protected":false},"featured_media":8894,"comment_status":"closed","ping_status":"closed","template":"","meta":[],"product_cat":[47,46],"product_tag":[],"class_list":{"0":"post-8893","1":"product","2":"type-product","3":"status-publish","4":"has-post-thumbnail","6":"product_cat-oswietlenie","7":"product_cat-srebra-i-platery","9":"entry","10":"has-media","12":"first","13":"instock","14":"taxable","15":"shipping-taxable","16":"purchasable","17":"product-type-simple","18":"has-product-nav","19":"col","20":"span_1_of_3","21":"owp-content-center","22":"owp-thumbs-layout-horizontal","23":"owp-btn-normal","24":"owp-tabs-layout-horizontal"},"aioseo_notices":[],"_links":{"self":[{"href":"https:\/\/antykilion.pl\/fr\/wp-json\/wp\/v2\/product\/8893","targetHints":{"allow":["GET"]}}],"collection":[{"href":"https:\/\/antykilion.pl\/fr\/wp-json\/wp\/v2\/product"}],"about":[{"href":"https:\/\/antykilion.pl\/fr\/wp-json\/wp\/v2\/types\/product"}],"replies":[{"embeddable":true,"href":"https:\/\/antykilion.pl\/fr\/wp-json\/wp\/v2\/comments?post=8893"}],"wp:featuredmedia":[{"embeddable":true,"href":"https:\/\/antykilion.pl\/fr\/wp-json\/wp\/v2\/media\/8894"}],"wp:attachment":[{"href":"https:\/\/antykilion.pl\/fr\/wp-json\/wp\/v2\/media?parent=8893"}],"wp:term":[{"taxonomy":"product_cat","embeddable":true,"href":"https:\/\/antykilion.pl\/fr\/wp-json\/wp\/v2\/product_cat?post=8893"},{"taxonomy":"product_tag","embeddable":true,"href":"https:\/\/antykilion.pl\/fr\/wp-json\/wp\/v2\/product_tag?post=8893"}],"curies":[{"name":"wp","href":"https:\/\/api.w.org\/{rel}","templated":true}]}}