{"id":8899,"date":"2024-09-30T16:47:04","date_gmt":"2024-09-30T14:47:04","guid":{"rendered":"https:\/\/antykilion.pl\/?post_type=product&#038;p=8899"},"modified":"2025-01-03T18:19:30","modified_gmt":"2025-01-03T17:19:30","slug":"para-swiecznikow-lichtarzy-z-puttami-i-w-stylu-rokokowym-xix-w","status":"publish","type":"product","link":"https:\/\/antykilion.pl\/fr\/product\/para-swiecznikow-lichtarzy-z-puttami-i-w-stylu-rokokowym-xix-w\/","title":{"rendered":"Para \u015bwiecznik\u00f3w lichtarzy\u00a0 z puttami i w stylu rokokowym XIX w,"},"content":{"rendered":"","protected":false},"excerpt":{"rendered":"<p>Para \u015bwiecznik\u00f3w lichtarzy\u00a0 z puttami i w stylu rokokowym XIX w,<\/p>\n<p>Podstawa na planie ko\u0142a o \u0142ukowych bokach, z li\u015b\u0107mi akantu u nasady. Wn\u0119trze podstawy wyko\u0144czonej malachitem\u00a0 z kolistym zarysem stopy uj\u0119tym profilami przewi\u0105zanymi pere\u0142kami. Trzon uformowany z postaci nagich putt\u00f3w.<\/p>\n<p>Signature: aucune<\/p>\n<p>Materia\u0142;\u00a0 br\u0105z z\u0142ocony malachit<\/p>\n<p>Stan: jeden ze \u015bwiecznik\u00f3w ma ubytki malachitu<\/p>\n<p>Wymiary: Wysoko\u015b\u0107 20,5 cm<\/p>\n<p>\u015bliczne !!!<\/p>","protected":false},"featured_media":8900,"comment_status":"closed","ping_status":"closed","template":"","meta":[],"product_cat":[47],"product_tag":[],"class_list":{"0":"post-8899","1":"product","2":"type-product","3":"status-publish","4":"has-post-thumbnail","6":"product_cat-oswietlenie","8":"entry","9":"has-media","11":"first","12":"instock","13":"taxable","14":"shipping-taxable","15":"purchasable","16":"product-type-simple","17":"has-product-nav","18":"col","19":"span_1_of_3","20":"owp-content-center","21":"owp-thumbs-layout-horizontal","22":"owp-btn-normal","23":"owp-tabs-layout-horizontal"},"aioseo_notices":[],"_links":{"self":[{"href":"https:\/\/antykilion.pl\/fr\/wp-json\/wp\/v2\/product\/8899","targetHints":{"allow":["GET"]}}],"collection":[{"href":"https:\/\/antykilion.pl\/fr\/wp-json\/wp\/v2\/product"}],"about":[{"href":"https:\/\/antykilion.pl\/fr\/wp-json\/wp\/v2\/types\/product"}],"replies":[{"embeddable":true,"href":"https:\/\/antykilion.pl\/fr\/wp-json\/wp\/v2\/comments?post=8899"}],"wp:featuredmedia":[{"embeddable":true,"href":"https:\/\/antykilion.pl\/fr\/wp-json\/wp\/v2\/media\/8900"}],"wp:attachment":[{"href":"https:\/\/antykilion.pl\/fr\/wp-json\/wp\/v2\/media?parent=8899"}],"wp:term":[{"taxonomy":"product_cat","embeddable":true,"href":"https:\/\/antykilion.pl\/fr\/wp-json\/wp\/v2\/product_cat?post=8899"},{"taxonomy":"product_tag","embeddable":true,"href":"https:\/\/antykilion.pl\/fr\/wp-json\/wp\/v2\/product_tag?post=8899"}],"curies":[{"name":"wp","href":"https:\/\/api.w.org\/{rel}","templated":true}]}}