{"id":8938,"date":"2024-11-18T14:50:21","date_gmt":"2024-11-18T13:50:21","guid":{"rendered":"https:\/\/antykilion.pl\/?post_type=product&#038;p=8938"},"modified":"2024-11-18T14:50:22","modified_gmt":"2024-11-18T13:50:22","slug":"rzadkosc-orginal-serwantka-francois-linke-przypisywana-jest-to-w-100-mebel-tego-ebonisty","status":"publish","type":"product","link":"https:\/\/antykilion.pl\/fr\/product\/rzadkosc-orginal-serwantka-francois-linke-przypisywana-jest-to-w-100-mebel-tego-ebonisty\/","title":{"rendered":"RZADKO\u015a\u0106 ORGINA\u0141 serwantka Francois Linke przypisywana jest to w 100% mebel tego ebonisty"},"content":{"rendered":"","protected":false},"excerpt":{"rendered":"<p>RZADKO\u015a\u0106 ORGINA\u0141 serwantka Francois Linke przypisywana jest to w 100% mebel tego ebonisty<\/p>\n<p>\u00c9tat: d&#039;origine, tr\u00e8s bon<\/p>\n<p>Mat\u00e9riel; acajou, palissandre, rose, bronze dor\u00e9<\/p>\n<p>Wymiary: wysoko\u015b\u0107 140 cm, d\u0142ugo\u015b\u0107 140 cm, szeroko\u015b\u0107 40 cm<\/p>\n<p>poni\u017cej informacje o meblu<\/p>\n<p>Une vitrine en bois (vitrine) se dresse sur les pieds d&#039;une cabriole, qui est d\u00e9cor\u00e9e de montures florales en ormol (bronze dor\u00e9) et pos\u00e9e sur les pieds d&#039;un sabot d&#039;ormol. Les parties inf\u00e9rieures de la vitrine sont mont\u00e9es avec des panneaux de Vernis Martin, repr\u00e9sentant des couples de parade nuptiale, des anges et des animaux dans des paysages \u00e0 arcades. Ces panneaux sont sign\u00e9s &quot;V. GOSSENS &quot;.<\/p>\n<p>Vitrine a trois \u00e9tag\u00e8res, dont deux en verre. Ils sont affich\u00e9s derri\u00e8re des c\u00f4t\u00e9s vitr\u00e9s et des portes verrouillables. Les sommets de la vitrine ont des frises fix\u00e9es par des bandes de rinceau d&#039;ormol, compos\u00e9es de feuilles feuillues et fruit\u00e9es enroul\u00e9es en rubans torsad\u00e9s. Les frises avant sont d\u00e9cor\u00e9es de plaques d&#039;ormol centrales repr\u00e9sentant des bas-reliefs repr\u00e9sentant les putti bacchiens jouant en plein air. Des arcs en ruban d&#039;Ormol et des chemins de fleurs ornent les coins sup\u00e9rieurs du site. Les plateaux de table Vitrina pr\u00e9sentent des bandes en ormol de Vitruve \u00e0 volutes et sont recouverts de marbre rouge multicolore.<\/p>\n<p>\u00abCT LINKE \/ SERRURERIE \/ PARIS\u00bb est estampill\u00e9 sur les serrures des vitrines. Fran\u00e7ois Linke \u00e9tait l&#039;un des charpentiers les plus importants de tous les temps. Il \u00e9tait actif \u00e0 Paris au tournant des 19e et 20e si\u00e8cles, cr\u00e9ant de beaux meubles dans le style du design fran\u00e7ais du 18e si\u00e8cle.<\/p>\n<p>Czytaj wi\u0119cej<\/p>\n<p>En savoir plus sur cet artiste \/ cr\u00e9ateur<\/p>\n<p>Linke est n\u00e9 le 17 juin 1855 dans le petit village tch\u00e8que de Deutsch Pankraz, maintenant connu sous le nom de J\u00edtrava en R\u00e9publique tch\u00e8que. Les donn\u00e9es montrent que Linke avait un apprentissage chez un charpentier du nom de Neumann, qu&#039;il a obtenu en 1877. [1] Le livre de travail de Linke ou Arbeits-Buch enregistre qu&#039;il est rest\u00e9 \u00e0 Vienne de juillet 1872. Jusqu&#039;en octobre 1873 [1] ] lors de l&#039;Exposition internationale, qui a eu lieu en 1873.<\/p>\n<p>Linke a ensuite voyag\u00e9 \u00e0 Prague, Budapest et Weimar avant d&#039;arriver finalement \u00e0 Paris en 1875. Il a \u00e9t\u00e9 document\u00e9 qu&#039;il a obtenu un emploi chez un menuisier allemand inconnu \u00e0 Paris, et les similitudes stylistiques, les photographies et la proximit\u00e9 g\u00e9ographique ont conduit certains [3] \u00e0 sugg\u00e9rer qu&#039;Emmanuel Zwiener \u00e9tait le candidat le plus probable. Apr\u00e8s avoir pass\u00e9 quelque temps dans sa ville natale, il revient une fois pour toutes \u00e0 Paris en 1877. En 1878, la troisi\u00e8me grande exposition internationale se tient \u00e0 Paris, succ\u00e8s remarquable pour un pays ravag\u00e9 par la guerre sept ans plus t\u00f4t. On sait que les ateliers Linke nouvellement \u00e9tablis fonctionnaient \u00e0 Faubourg St. D\u00e9j\u00e0 en 1881, Antoine [4] fournissait des meubles \u00e0 d&#039;autres designers plus c\u00e9l\u00e8bres, tels que Jansen et Krieger.<\/p>\n<p>En 1889, une autre exposition universelle a eu lieu \u00e0 Paris, dont on parlait souvent en Am\u00e9rique. Gustave Eiffel a \u00e9rig\u00e9 ce qui est devenu le b\u00e2timent le plus embl\u00e9matique de Paris pour l&#039;exposition, et une atmosph\u00e8re de richesse et de confiance aurait pu inciter Linke \u00e0 penser qu&#039;il pourrait apporter une contribution importante \u00e0 la prochaine grande exposition. D\u00e8s 1892, on annon\u00e7a qu&#039;elle se d\u00e9roulait \u00e0 la fin du si\u00e8cle pour tenter d&#039;emp\u00eacher Berlin de pr\u00e9senter le dernier grand spectacle du si\u00e8cle<\/p>\n<p>En 1892, Victor Champier [fr], l&#039;un des commissaires de la Foire de Paris en 1900, lance un appel: &quot;Cr\u00e9ez \u00e0 la mani\u00e8re des ma\u00eetres, ne copiez pas ce qu&#039;ils ont fait&quot; [5]. C&#039;\u00e9tait un appel contre la simple reproduction, et Linke a relev\u00e9 ce d\u00e9fi d&#039;une mani\u00e8re sans pr\u00e9c\u00e9dent avec son affichage unique, qui devait inclure le Grand Bureau. [6]<\/p>\n<p>D\u00e9termin\u00e9 \u00e0 surpasser la concurrence de l&#039;Exposition, Linke a d\u00e9cid\u00e9 de cr\u00e9er les \u0153uvres les plus ambitieuses qu&#039;il puisse imaginer et plus extravagantes que jamais. Les objets qu&#039;il a pr\u00e9sent\u00e9s ont marqu\u00e9 une transition d&#039;une interpr\u00e9tation historique des styles de Louis XV et de Louis XVI, une interpr\u00e9tation qui \u00e9tait la base de ses plus proches rivaux, \u00e0 quelque chose d&#039;\u00e9tonnant nouveau et essentiel dans sa franchise [7]. Avec L\u00e9on Messag\u00e9, il d\u00e9veloppe un nouveau style pour l&#039;exposition de 1900 qui rend hommage \u00e0 Louis XV en rococo dans la fluidit\u00e9 de sa d\u00e9marche, mais cette approche se conjugue aux lignes fluides et vibrantes de l&#039;Art nouveau contemporain et progressiste. L&#039;Art Journal publi\u00e9 en 1900 sur le stand Linke:<\/p>\n<p>L&#039;\u0153uvre de M. Linke ... \u00e9tait un exemple de ce qui peut \u00eatre fait en cherchant l&#039;inspiration parmi les exemples classiques de Louis XV et XVI sans copier ces grandes \u0153uvres dans un grand sens. L&#039;\u0153uvre de M. Linke \u00e9tait originale dans le vrai sens du mot et, \u00e0 ce titre, se recommandait \u00e0 un chercheur intelligent pour les choses vraiment artistiques de l&#039;exposition. Un grand talent a \u00e9t\u00e9 utilis\u00e9 pour produire les magnifiques meubles expos\u00e9s \u00bb[8].<\/p>\n<p>La position de Linke aurait sembl\u00e9 rafra\u00eechissante pour les observateurs contemporains, les conceptions traditionnelles du 18\u00e8me si\u00e8cle se fondant parfaitement dans un naturalisme exub\u00e9rant. La Revue a d\u00e9crit le style de Linke comme \u00abenti\u00e8rement nouveau\u00bb et a not\u00e9: \u00abCette opinion est largement accept\u00e9e. Le stand Linke est le plus grand salon de l&#039;histoire du mobilier artistique en 1900 \u00bb[9].<\/p>\n<p>C&#039;est peut-\u00eatre l&#039;aspect le plus remarquable et le plus extraordinaire de l&#039;histoire personnelle de Linke qu&#039;il a produit des meubles si chers et luxueux d&#039;une qualit\u00e9 exceptionnelle pour une exposition en 1900, sans commission ni acheteur potentiel [10]. Alors que d&#039;autres entreprises de meubles plus c\u00e9l\u00e8bres, telles que Beurdeley et Dasson, fermaient, il a investi \u00e9norm\u00e9ment dans son stand et le mobilier qu&#039;il a fourni. Linke s&#039;est rendu compte que pour d\u00e9velopper son entreprise, il devait faire appel \u00e0 une client\u00e8le plus internationale et \u00e0 de nouvelles personnes \u00e9mergentes riches qui accumulaient des fortunes \u00e0 une \u00e9chelle sans pr\u00e9c\u00e9dent pendant cette p\u00e9riode. Pour cette raison, il a jou\u00e9 tout ce qu&#039;il avait au spectacle de 1900. Si cela \u00e9chouait, il ferait presque certainement faillite. Le carnet de Linke enregistre les visiteurs de son stand d&#039;Angleterre, d&#039;Europe, des Am\u00e9riques, d&#039;Egypte et du Japon, dont: le roi de Su\u00e8de, trois visites du roi de Belgique, le prince Radziwi\u0142\u0142, le prince d&#039;Arenberg, le comte Alberic du Chastel, Mlle Anna May Gould, am\u00e9ricaine h\u00e9riti\u00e8re, \u00e9minent fabricant de meubles et pr\u00e9sident fran\u00e7ais Emile Loubet.<\/p>\n<p>Cette aventure risqu\u00e9e a \u00e9t\u00e9 un \u00e9norme succ\u00e8s, et gr\u00e2ce \u00e0 sa r\u00e9putation, La Maison Linke est devenue une maison de meubles hors pair jusqu&#039;au d\u00e9clenchement de la Seconde Guerre mondiale. La splendeur technique de son travail et le changement artistique qu&#039;il repr\u00e9sente ne se r\u00e9p\u00e9teront jamais. Ses salons se sont agrandis en salles prestigieuses \u00e0 Paris sur la place Vend\u00f4me, ainsi qu&#039;au Faubourg St. Antoine, o\u00f9 ses ateliers ont \u00e9t\u00e9 \u00e9tablis. Il a entrepris de nombreuses commandes importantes dans les ann\u00e9es qui ont pr\u00e9c\u00e9d\u00e9 le d\u00e9clenchement de la Premi\u00e8re Guerre mondiale, cr\u00e9ant et concevant des meubles pour les principaux industriels et banquiers internationaux.<\/p>\n<p>Apr\u00e8s la Premi\u00e8re Guerre mondiale, Linke a entrepris une commission d&#039;ameublement d&#039;urgence pour le palais de Ras al-Tin \u00e0 Alexandrie pour le roi d&#039;Egypte, Fuad, sans doute la plus grande commission de meubles jamais con\u00e7ue, \u00e9clipsant m\u00eame Versailles. Linke a prosp\u00e9r\u00e9 et est rest\u00e9 actif jusqu&#039;au milieu des ann\u00e9es 1930 et est mort en 1946 [11].<\/p>","protected":false},"featured_media":8939,"comment_status":"closed","ping_status":"closed","template":"","meta":[],"product_cat":[17,37],"product_tag":[],"class_list":{"0":"post-8938","1":"product","2":"type-product","3":"status-publish","4":"has-post-thumbnail","6":"product_cat-meble","7":"product_cat-witryny-serwantki","9":"entry","10":"has-media","12":"first","13":"instock","14":"taxable","15":"shipping-taxable","16":"purchasable","17":"product-type-simple","18":"has-product-nav","19":"col","20":"span_1_of_3","21":"owp-content-center","22":"owp-thumbs-layout-horizontal","23":"owp-btn-normal","24":"owp-tabs-layout-horizontal"},"aioseo_notices":[],"_links":{"self":[{"href":"https:\/\/antykilion.pl\/fr\/wp-json\/wp\/v2\/product\/8938","targetHints":{"allow":["GET"]}}],"collection":[{"href":"https:\/\/antykilion.pl\/fr\/wp-json\/wp\/v2\/product"}],"about":[{"href":"https:\/\/antykilion.pl\/fr\/wp-json\/wp\/v2\/types\/product"}],"replies":[{"embeddable":true,"href":"https:\/\/antykilion.pl\/fr\/wp-json\/wp\/v2\/comments?post=8938"}],"wp:featuredmedia":[{"embeddable":true,"href":"https:\/\/antykilion.pl\/fr\/wp-json\/wp\/v2\/media\/8939"}],"wp:attachment":[{"href":"https:\/\/antykilion.pl\/fr\/wp-json\/wp\/v2\/media?parent=8938"}],"wp:term":[{"taxonomy":"product_cat","embeddable":true,"href":"https:\/\/antykilion.pl\/fr\/wp-json\/wp\/v2\/product_cat?post=8938"},{"taxonomy":"product_tag","embeddable":true,"href":"https:\/\/antykilion.pl\/fr\/wp-json\/wp\/v2\/product_tag?post=8938"}],"curies":[{"name":"wp","href":"https:\/\/api.w.org\/{rel}","templated":true}]}}