{"id":8952,"date":"2024-11-20T15:04:37","date_gmt":"2024-11-20T14:04:37","guid":{"rendered":"https:\/\/antykilion.pl\/?post_type=product&#038;p=8952"},"modified":"2024-11-20T15:04:37","modified_gmt":"2024-11-20T14:04:37","slug":"szafka-bielizniarka-w-stylu-eklektycznym-z-poczatkiem-secesji-okolo-1890-r","status":"publish","type":"product","link":"https:\/\/antykilion.pl\/fr\/product\/szafka-bielizniarka-w-stylu-eklektycznym-z-poczatkiem-secesji-okolo-1890-r\/","title":{"rendered":"Szafka bieli\u017aniarka w stylu eklektycznym z pocz\u0105tkiem secesji oko\u0142o 1890 r"},"content":{"rendered":"","protected":false},"excerpt":{"rendered":"<p>Szafka bieli\u017aniarka w stylu eklektycznym z pocz\u0105tkiem secesji oko\u0142o 1890 r<\/p>\n<p>z szuflad\u0105, zamkni\u0119ta dwoma skrzyd\u0142ami drzwi, fornirowana, p\u0142askorze\u017abiona, wsparta na czterech nogach, przednich toczonych, tylnych graniastych. Skrzyd\u0142a drzwi na bokach uj\u0119te tralkami. Lico skrzyde\u0142 drzwi dekorowany p\u0142askorze\u017abion\u0105 wici\u0105 i kwiatami, to ju\u017c pi\u0119kny przyk\u0142ad poczatku secesji floralnej.<\/p>\n<p>Stan: bardzo dobry na stan orginalny !!! oczywi\u015bcie widoczne \u015blady u\u017cytkowania konstrukcja mocna i zdrowa<\/p>\n<p>Pochodzenie: Europa \u015brodkowa Polska<\/p>\n<p>Mat\u00e9riel: noyer<\/p>\n<p>Wymiary: d\u0142ugo\u015b\u0107 101 cm, g\u0142\u0119boko\u015b\u0107 53 cm, wysoko\u015b\u0107 142 cm<\/p>\n<p>Polecam bardzo atrakcyjna cena mebla, pi\u0119kny!<\/p>","protected":false},"featured_media":8953,"comment_status":"closed","ping_status":"closed","template":"","meta":[],"product_cat":[26,17],"product_tag":[],"class_list":{"0":"post-8952","1":"product","2":"type-product","3":"status-publish","4":"has-post-thumbnail","6":"product_cat-komody","7":"product_cat-meble","9":"entry","10":"has-media","12":"first","13":"instock","14":"taxable","15":"shipping-taxable","16":"purchasable","17":"product-type-simple","18":"has-product-nav","19":"col","20":"span_1_of_3","21":"owp-content-center","22":"owp-thumbs-layout-horizontal","23":"owp-btn-normal","24":"owp-tabs-layout-horizontal"},"aioseo_notices":[],"_links":{"self":[{"href":"https:\/\/antykilion.pl\/fr\/wp-json\/wp\/v2\/product\/8952","targetHints":{"allow":["GET"]}}],"collection":[{"href":"https:\/\/antykilion.pl\/fr\/wp-json\/wp\/v2\/product"}],"about":[{"href":"https:\/\/antykilion.pl\/fr\/wp-json\/wp\/v2\/types\/product"}],"replies":[{"embeddable":true,"href":"https:\/\/antykilion.pl\/fr\/wp-json\/wp\/v2\/comments?post=8952"}],"wp:featuredmedia":[{"embeddable":true,"href":"https:\/\/antykilion.pl\/fr\/wp-json\/wp\/v2\/media\/8953"}],"wp:attachment":[{"href":"https:\/\/antykilion.pl\/fr\/wp-json\/wp\/v2\/media?parent=8952"}],"wp:term":[{"taxonomy":"product_cat","embeddable":true,"href":"https:\/\/antykilion.pl\/fr\/wp-json\/wp\/v2\/product_cat?post=8952"},{"taxonomy":"product_tag","embeddable":true,"href":"https:\/\/antykilion.pl\/fr\/wp-json\/wp\/v2\/product_tag?post=8952"}],"curies":[{"name":"wp","href":"https:\/\/api.w.org\/{rel}","templated":true}]}}