{"id":8966,"date":"2024-11-20T16:48:25","date_gmt":"2024-11-20T15:48:25","guid":{"rendered":"https:\/\/antykilion.pl\/?post_type=product&#038;p=8966"},"modified":"2024-11-20T16:48:26","modified_gmt":"2024-11-20T15:48:26","slug":"wazon-xviii-w-delft-sygnowany-okolo-1750-r","status":"publish","type":"product","link":"https:\/\/antykilion.pl\/fr\/product\/wazon-xviii-w-delft-sygnowany-okolo-1750-r\/","title":{"rendered":"WAZON, XVIII w. Delft, sygnowany oko\u0142o 1750 r"},"content":{"rendered":"","protected":false},"excerpt":{"rendered":"<p>WAZON, XVIII w. Delft, sygnowany oko\u0142o 1750 r<\/p>\n<p>Wazon z pokrywk\u0105 z Delft, oko\u0142o 1750. Niebieski obraz ze stylizowanymi kwiatami, owocami i ptakami. Korpus \u017cebrowany, wieczko z r\u0105czk\u0105 w kszta\u0142cie psa.<\/p>\n<p>Materia\u0142: Fajans (glina kremowa), kobalt podszkliwny, szkliwo cynowe<\/p>\n<p>Sygnatura: widoczna na zdj\u0119ciu nie odgadni\u0119ta XVIII w<\/p>\n<p>Wymiary: wys. 49 cm,<\/p>\n<p>stan zachowania: bardzo minimalne odpryski na kraw\u0119dziach p\u0119kni\u0119cie na wieczku czubek ucha pieska wyszczerbiony ale to wszystko przy tym wieku nie jest tak naprawd\u0119 stanem prawie idealnym\u00a0<\/p>","protected":false},"featured_media":8967,"comment_status":"closed","ping_status":"closed","template":"","meta":[],"product_cat":[50],"product_tag":[],"class_list":{"0":"post-8966","1":"product","2":"type-product","3":"status-publish","4":"has-post-thumbnail","6":"product_cat-porcelana-i-fajans","8":"entry","9":"has-media","11":"first","12":"instock","13":"taxable","14":"shipping-taxable","15":"purchasable","16":"product-type-simple","17":"has-product-nav","18":"col","19":"span_1_of_3","20":"owp-content-center","21":"owp-thumbs-layout-horizontal","22":"owp-btn-normal","23":"owp-tabs-layout-horizontal"},"aioseo_notices":[],"_links":{"self":[{"href":"https:\/\/antykilion.pl\/fr\/wp-json\/wp\/v2\/product\/8966","targetHints":{"allow":["GET"]}}],"collection":[{"href":"https:\/\/antykilion.pl\/fr\/wp-json\/wp\/v2\/product"}],"about":[{"href":"https:\/\/antykilion.pl\/fr\/wp-json\/wp\/v2\/types\/product"}],"replies":[{"embeddable":true,"href":"https:\/\/antykilion.pl\/fr\/wp-json\/wp\/v2\/comments?post=8966"}],"wp:featuredmedia":[{"embeddable":true,"href":"https:\/\/antykilion.pl\/fr\/wp-json\/wp\/v2\/media\/8967"}],"wp:attachment":[{"href":"https:\/\/antykilion.pl\/fr\/wp-json\/wp\/v2\/media?parent=8966"}],"wp:term":[{"taxonomy":"product_cat","embeddable":true,"href":"https:\/\/antykilion.pl\/fr\/wp-json\/wp\/v2\/product_cat?post=8966"},{"taxonomy":"product_tag","embeddable":true,"href":"https:\/\/antykilion.pl\/fr\/wp-json\/wp\/v2\/product_tag?post=8966"}],"curies":[{"name":"wp","href":"https:\/\/api.w.org\/{rel}","templated":true}]}}