{"id":9124,"date":"2024-12-15T15:59:11","date_gmt":"2024-12-15T14:59:11","guid":{"rendered":"https:\/\/antykilion.pl\/?post_type=product&#038;p=9124"},"modified":"2025-11-03T05:24:00","modified_gmt":"2025-11-03T04:24:00","slug":"para-3-swiecowych-kandelabrow-w-manierze-ludwika-xvi-xix-w-okolo-1870-r","status":"publish","type":"product","link":"https:\/\/antykilion.pl\/fr\/product\/para-3-swiecowych-kandelabrow-w-manierze-ludwika-xvi-xix-w-okolo-1870-r\/","title":{"rendered":"Para 3 \u015bwiecowych, kandelabr\u00f3w \u00a0w manierze Ludwika XVI XIX w oko\u0142o 1870 r"},"content":{"rendered":"","protected":false},"excerpt":{"rendered":"<p>Para 3 \u015bwiecowych, kandelabr\u00f3w \u00a0w manierze Ludwika XVI XIX w oko\u0142o 1870 r<\/p>\n<p>Kandelabry w formie waz z bukietami r\u00f3\u017c. Po bokach waz dekoracja w formie g\u0142\u00f3w koguta.<\/p>\n<p>Materia\u0142: Br\u0105z z\u0142ocony, marmur<\/p>\n<p>Wymiary: Wysoko\u015b\u0107 53 cm. szeroko\u015b\u0107\u00a0 oko\u0142o 30 cm<\/p>\n<p>Stan: bardzo dobry. Pi\u0119kne !!!<\/p>","protected":false},"featured_media":9126,"comment_status":"closed","ping_status":"closed","template":"","meta":[],"product_cat":[47,55],"product_tag":[],"class_list":{"0":"post-9124","1":"product","2":"type-product","3":"status-publish","4":"has-post-thumbnail","6":"product_cat-oswietlenie","7":"product_cat-varia","9":"entry","10":"has-media","12":"first","13":"instock","14":"taxable","15":"shipping-taxable","16":"purchasable","17":"product-type-simple","18":"has-product-nav","19":"col","20":"span_1_of_3","21":"owp-content-center","22":"owp-thumbs-layout-horizontal","23":"owp-btn-normal","24":"owp-tabs-layout-horizontal"},"aioseo_notices":[],"_links":{"self":[{"href":"https:\/\/antykilion.pl\/fr\/wp-json\/wp\/v2\/product\/9124","targetHints":{"allow":["GET"]}}],"collection":[{"href":"https:\/\/antykilion.pl\/fr\/wp-json\/wp\/v2\/product"}],"about":[{"href":"https:\/\/antykilion.pl\/fr\/wp-json\/wp\/v2\/types\/product"}],"replies":[{"embeddable":true,"href":"https:\/\/antykilion.pl\/fr\/wp-json\/wp\/v2\/comments?post=9124"}],"wp:featuredmedia":[{"embeddable":true,"href":"https:\/\/antykilion.pl\/fr\/wp-json\/wp\/v2\/media\/9126"}],"wp:attachment":[{"href":"https:\/\/antykilion.pl\/fr\/wp-json\/wp\/v2\/media?parent=9124"}],"wp:term":[{"taxonomy":"product_cat","embeddable":true,"href":"https:\/\/antykilion.pl\/fr\/wp-json\/wp\/v2\/product_cat?post=9124"},{"taxonomy":"product_tag","embeddable":true,"href":"https:\/\/antykilion.pl\/fr\/wp-json\/wp\/v2\/product_tag?post=9124"}],"curies":[{"name":"wp","href":"https:\/\/api.w.org\/{rel}","templated":true}]}}