{"id":9157,"date":"2024-12-17T14:24:40","date_gmt":"2024-12-17T13:24:40","guid":{"rendered":"https:\/\/antykilion.pl\/?post_type=product&#038;p=9157"},"modified":"2024-12-17T14:24:41","modified_gmt":"2024-12-17T13:24:41","slug":"mistrz-flamandzki-xvii-xviii-w-martwa-natura-kwiatowa-z-ptakiem","status":"publish","type":"product","link":"https:\/\/antykilion.pl\/fr\/product\/mistrz-flamandzki-xvii-xviii-w-martwa-natura-kwiatowa-z-ptakiem\/","title":{"rendered":"Mistrz flamandzki XVII\/XVIII w, martwa natura kwiatowa z ptakiem."},"content":{"rendered":"","protected":false},"excerpt":{"rendered":"<p>Mistrz flamandzki XVII\/XVIII w, martwa natura kwiatowa z ptakiem.<\/p>\n<p>Przepi\u0119kna rama typowa dla epoki.<\/p>\n<p>Technique: huile sur toile<\/p>\n<p>Stan: bardzo dobry,<\/p>\n<p>Sygnatura: Nie znaleziono<\/p>\n<p>Wymiary:\u00a0 p\u0142\u00f3tno 61 cm na 81 cm z ram\u0105\u00a0 78 cm na 98 cm ob\u0142\u0119dny!!!<\/p>\n<p>Do ka\u017cdego przedmiotu Galeria wystawia certyfikat.<\/p>","protected":false},"featured_media":9158,"comment_status":"closed","ping_status":"closed","template":"","meta":[],"product_cat":[41,39,40],"product_tag":[],"class_list":{"0":"post-9157","1":"product","2":"type-product","3":"status-publish","4":"has-post-thumbnail","6":"product_cat-malarstwo-dawne","7":"product_cat-dziela-sztuki","8":"product_cat-malarstwo","10":"entry","11":"has-media","13":"first","14":"instock","15":"taxable","16":"shipping-taxable","17":"purchasable","18":"product-type-simple","19":"has-product-nav","20":"col","21":"span_1_of_3","22":"owp-content-center","23":"owp-thumbs-layout-horizontal","24":"owp-btn-normal","25":"owp-tabs-layout-horizontal"},"aioseo_notices":[],"_links":{"self":[{"href":"https:\/\/antykilion.pl\/fr\/wp-json\/wp\/v2\/product\/9157","targetHints":{"allow":["GET"]}}],"collection":[{"href":"https:\/\/antykilion.pl\/fr\/wp-json\/wp\/v2\/product"}],"about":[{"href":"https:\/\/antykilion.pl\/fr\/wp-json\/wp\/v2\/types\/product"}],"replies":[{"embeddable":true,"href":"https:\/\/antykilion.pl\/fr\/wp-json\/wp\/v2\/comments?post=9157"}],"wp:featuredmedia":[{"embeddable":true,"href":"https:\/\/antykilion.pl\/fr\/wp-json\/wp\/v2\/media\/9158"}],"wp:attachment":[{"href":"https:\/\/antykilion.pl\/fr\/wp-json\/wp\/v2\/media?parent=9157"}],"wp:term":[{"taxonomy":"product_cat","embeddable":true,"href":"https:\/\/antykilion.pl\/fr\/wp-json\/wp\/v2\/product_cat?post=9157"},{"taxonomy":"product_tag","embeddable":true,"href":"https:\/\/antykilion.pl\/fr\/wp-json\/wp\/v2\/product_tag?post=9157"}],"curies":[{"name":"wp","href":"https:\/\/api.w.org\/{rel}","templated":true}]}}