{"id":9175,"date":"2024-12-22T08:18:04","date_gmt":"2024-12-22T07:18:04","guid":{"rendered":"https:\/\/antykilion.pl\/?post_type=product&#038;p=9175"},"modified":"2025-06-08T20:30:35","modified_gmt":"2025-06-08T18:30:35","slug":"ikona-zmartwychwstanie-chrystusa-i-swieci-cerkiewni-rosja-xix-w","status":"publish","type":"product","link":"https:\/\/antykilion.pl\/fr\/product\/ikona-zmartwychwstanie-chrystusa-i-swieci-cerkiewni-rosja-xix-w\/","title":{"rendered":"Ikona &#8211; Zmartwychwstanie Chrystusa i \u015awi\u0119ci Cerkiewni Rosja XIX w. ?"},"content":{"rendered":"","protected":false},"excerpt":{"rendered":"<p>Ikona &#8211; Zmartwychwstanie Chrystusa i \u015awi\u0119ci Cerkiewni Rosja XIX w. ?<\/p>\n<p>Tempera na desce, ok\u0142ad plater z\u0142ocony?<\/p>\n<p>Napisy obja\u015bniaj\u0105ce cyrylic\u0105.<\/p>\n<p>Stan: widoczny na zdj\u0119ciu<\/p>\n<p>Artysta : nie odnaleziono<\/p>\n<p>Wymiary: 31.5cm x 15.5cm.<\/p>\n<p>Rzadko\u015b\u0107 !!!<\/p>\n<p>Do ka\u017cdego przedmiotu Galeria wystawia certyfikat.<\/p>","protected":false},"featured_media":9176,"comment_status":"closed","ping_status":"closed","template":"","meta":[],"product_cat":[41,39,40],"product_tag":[],"class_list":{"0":"post-9175","1":"product","2":"type-product","3":"status-publish","4":"has-post-thumbnail","6":"product_cat-malarstwo-dawne","7":"product_cat-dziela-sztuki","8":"product_cat-malarstwo","10":"entry","11":"has-media","13":"first","14":"instock","15":"taxable","16":"shipping-taxable","17":"purchasable","18":"product-type-simple","19":"has-product-nav","20":"col","21":"span_1_of_3","22":"owp-content-center","23":"owp-thumbs-layout-horizontal","24":"owp-btn-normal","25":"owp-tabs-layout-horizontal"},"aioseo_notices":[],"_links":{"self":[{"href":"https:\/\/antykilion.pl\/fr\/wp-json\/wp\/v2\/product\/9175","targetHints":{"allow":["GET"]}}],"collection":[{"href":"https:\/\/antykilion.pl\/fr\/wp-json\/wp\/v2\/product"}],"about":[{"href":"https:\/\/antykilion.pl\/fr\/wp-json\/wp\/v2\/types\/product"}],"replies":[{"embeddable":true,"href":"https:\/\/antykilion.pl\/fr\/wp-json\/wp\/v2\/comments?post=9175"}],"wp:featuredmedia":[{"embeddable":true,"href":"https:\/\/antykilion.pl\/fr\/wp-json\/wp\/v2\/media\/9176"}],"wp:attachment":[{"href":"https:\/\/antykilion.pl\/fr\/wp-json\/wp\/v2\/media?parent=9175"}],"wp:term":[{"taxonomy":"product_cat","embeddable":true,"href":"https:\/\/antykilion.pl\/fr\/wp-json\/wp\/v2\/product_cat?post=9175"},{"taxonomy":"product_tag","embeddable":true,"href":"https:\/\/antykilion.pl\/fr\/wp-json\/wp\/v2\/product_tag?post=9175"}],"curies":[{"name":"wp","href":"https:\/\/api.w.org\/{rel}","templated":true}]}}