{"id":9191,"date":"2024-12-22T12:39:31","date_gmt":"2024-12-22T11:39:31","guid":{"rendered":"https:\/\/antykilion.pl\/?post_type=product&#038;p=9191"},"modified":"2024-12-22T12:39:32","modified_gmt":"2024-12-22T11:39:32","slug":"stolik-pomocniczy-w-stylu-rokokowym-xviii-w-okolo-1770-r","status":"publish","type":"product","link":"https:\/\/antykilion.pl\/fr\/product\/stolik-pomocniczy-w-stylu-rokokowym-xviii-w-okolo-1770-r\/","title":{"rendered":"Stolik pomocniczy w stylu rokokowym XVIII w oko\u0142o 1770 r"},"content":{"rendered":"","protected":false},"excerpt":{"rendered":"<p>Stolik pomocniczy w stylu rokokowym XVIII w oko\u0142o 1770 r<\/p>\n<p>o falistych elementach szkieletu, z blatem zbli\u017conym do prostok\u0105ta o wysuni\u0119tych i zaokr\u0105glonych naro\u017cach, fornirowanym i bogato intarsjowanym, wsparty na czterech esowatych n\u00f3\u017ckach,<\/p>\n<p>Stan: blat odnowiony wiele lat temu, widoczne \u015blady napraw forniru i zwyk\u0142e \u015blady u\u017cytkowania do dopieszczenia ale nie koniecznie<\/p>\n<p>Materia\u0142: \u2013 orzech i inne rodzaje drzewa<\/p>\n<p>Wymiary: wysoko\u015b\u0107 76 cm, g\u0142\u0119boko\u015b\u0107 44,5 cm, d\u0142ugo\u015b\u0107 90 cm<\/p>\n<p>Origine: Europe centrale<\/p>\n<p>Okazja !!!<\/p>","protected":false},"featured_media":9192,"comment_status":"closed","ping_status":"closed","template":"","meta":[],"product_cat":[17,33],"product_tag":[],"class_list":{"0":"post-9191","1":"product","2":"type-product","3":"status-publish","4":"has-post-thumbnail","6":"product_cat-meble","7":"product_cat-stoly-stoliki","9":"entry","10":"has-media","12":"first","13":"instock","14":"taxable","15":"shipping-taxable","16":"purchasable","17":"product-type-simple","18":"has-product-nav","19":"col","20":"span_1_of_3","21":"owp-content-center","22":"owp-thumbs-layout-horizontal","23":"owp-btn-normal","24":"owp-tabs-layout-horizontal"},"aioseo_notices":[],"_links":{"self":[{"href":"https:\/\/antykilion.pl\/fr\/wp-json\/wp\/v2\/product\/9191","targetHints":{"allow":["GET"]}}],"collection":[{"href":"https:\/\/antykilion.pl\/fr\/wp-json\/wp\/v2\/product"}],"about":[{"href":"https:\/\/antykilion.pl\/fr\/wp-json\/wp\/v2\/types\/product"}],"replies":[{"embeddable":true,"href":"https:\/\/antykilion.pl\/fr\/wp-json\/wp\/v2\/comments?post=9191"}],"wp:featuredmedia":[{"embeddable":true,"href":"https:\/\/antykilion.pl\/fr\/wp-json\/wp\/v2\/media\/9192"}],"wp:attachment":[{"href":"https:\/\/antykilion.pl\/fr\/wp-json\/wp\/v2\/media?parent=9191"}],"wp:term":[{"taxonomy":"product_cat","embeddable":true,"href":"https:\/\/antykilion.pl\/fr\/wp-json\/wp\/v2\/product_cat?post=9191"},{"taxonomy":"product_tag","embeddable":true,"href":"https:\/\/antykilion.pl\/fr\/wp-json\/wp\/v2\/product_tag?post=9191"}],"curies":[{"name":"wp","href":"https:\/\/api.w.org\/{rel}","templated":true}]}}