{"id":9260,"date":"2025-03-17T19:21:44","date_gmt":"2025-03-17T18:21:44","guid":{"rendered":"https:\/\/antykilion.pl\/?post_type=product&#038;p=9260"},"modified":"2025-04-06T18:36:37","modified_gmt":"2025-04-06T16:36:37","slug":"szafa-kredensowa-barokowa-xviii-w-okolo-1750-r-bogato-zdobiona-obledna","status":"publish","type":"product","link":"https:\/\/antykilion.pl\/fr\/product\/szafa-kredensowa-barokowa-xviii-w-okolo-1750-r-bogato-zdobiona-obledna\/","title":{"rendered":"Szafa kredensowa barokowa XVIII w oko\u0142o 1750 r bogato zdobiona &#8211; ob\u0142\u0119dna !!"},"content":{"rendered":"","protected":false},"excerpt":{"rendered":"<p>Szafa kredensowa barokowa XVIII w oko\u0142o 1750 r bogato zdobiona &#8211; ob\u0142\u0119dna !!<\/p>\n<p>dwucz\u0119\u015bciowa, z dwuskrzyd\u0142owa nastaw\u0105 o prostych bokach i froncie, \u015bci\u0119tych frontowych naro\u017cach z pilastrami kory\u0144skimi,\u00a0 fali\u015bcie zwie\u0144czon\u0105, wspart\u0105 na komodowej, trzyszufladowej podstawie o falistych bokach i froncie, opartej na czterech nogach w formie lwich \u0142ap. Ca\u0142o\u015b\u0107 fornirowana wzorzyst\u0105 oklein\u0119 i politurowana. Nastawa zwie\u0144czona profilowanym gzymsem z rze\u017abionym kroksztynkiem po \u015brodku. Wn\u0119trze nastawy z dwoma p\u00f3\u0142kami i trzema szufladami. Okucia z br\u0105zu z\u0142oconego, a\u017curowe.<\/p>\n<p>Szafa powsta\u0142a najprawdopodobniej w Niderlandach, o czym \u015bwiadczy typowa dla tego regionu forma szafy kredensowej o prostej dwuskrzyd\u0142owej, zwie\u0144czonej fali\u015bcie nastawie i falistej komodowej podstawie, a tak\u017ce charakterystyczne wykorzystanie w konstrukcji d\u0119biny, a do okleinowania wzorzystego forniru orzechowego.<\/p>\n<p>Materia\u0142: konstrukcja d\u0105b, fornir orzech<\/p>\n<p>Stan: orginalny !!! jak na sw\u00f3j wiek bardzo dobry, boki komody rozeschni\u0119cia, na ka\u017cdym boku po rysie, normalne przy meblach z tej epoki. Nogi tylnie ubytki w fornirze<\/p>\n<p>Wymiary: wysoko\u015b\u0107 237 cm, d\u0142ugo\u015b\u0107 185 cm, szeroko\u015b\u0107 64 cm<\/p>\n<p>Pi\u0119kny monumentalny mebel !!!<\/p>\n<p>Prix tr\u00e8s bas !!!<\/p>","protected":false},"featured_media":9261,"comment_status":"closed","ping_status":"closed","template":"","meta":[],"product_cat":[27,17,34],"product_tag":[],"class_list":{"0":"post-9260","1":"product","2":"type-product","3":"status-publish","4":"has-post-thumbnail","6":"product_cat-kredensy-bufety","7":"product_cat-meble","8":"product_cat-szafy","10":"entry","11":"has-media","13":"first","14":"instock","15":"taxable","16":"shipping-taxable","17":"purchasable","18":"product-type-simple","19":"has-product-nav","20":"col","21":"span_1_of_3","22":"owp-content-center","23":"owp-thumbs-layout-horizontal","24":"owp-btn-normal","25":"owp-tabs-layout-horizontal"},"aioseo_notices":[],"_links":{"self":[{"href":"https:\/\/antykilion.pl\/fr\/wp-json\/wp\/v2\/product\/9260","targetHints":{"allow":["GET"]}}],"collection":[{"href":"https:\/\/antykilion.pl\/fr\/wp-json\/wp\/v2\/product"}],"about":[{"href":"https:\/\/antykilion.pl\/fr\/wp-json\/wp\/v2\/types\/product"}],"replies":[{"embeddable":true,"href":"https:\/\/antykilion.pl\/fr\/wp-json\/wp\/v2\/comments?post=9260"}],"wp:featuredmedia":[{"embeddable":true,"href":"https:\/\/antykilion.pl\/fr\/wp-json\/wp\/v2\/media\/9261"}],"wp:attachment":[{"href":"https:\/\/antykilion.pl\/fr\/wp-json\/wp\/v2\/media?parent=9260"}],"wp:term":[{"taxonomy":"product_cat","embeddable":true,"href":"https:\/\/antykilion.pl\/fr\/wp-json\/wp\/v2\/product_cat?post=9260"},{"taxonomy":"product_tag","embeddable":true,"href":"https:\/\/antykilion.pl\/fr\/wp-json\/wp\/v2\/product_tag?post=9260"}],"curies":[{"name":"wp","href":"https:\/\/api.w.org\/{rel}","templated":true}]}}