{"id":9355,"date":"2025-03-23T19:38:28","date_gmt":"2025-03-23T18:38:28","guid":{"rendered":"https:\/\/antykilion.pl\/?post_type=product&#038;p=9355"},"modified":"2025-03-23T19:38:28","modified_gmt":"2025-03-23T18:38:28","slug":"obledny-zegar-kominkowy-empirowy-z-ruchoma-fontanna-xix-w-okolo-1810-30-r","status":"publish","type":"product","link":"https:\/\/antykilion.pl\/fr\/product\/obledny-zegar-kominkowy-empirowy-z-ruchoma-fontanna-xix-w-okolo-1810-30-r\/","title":{"rendered":"Ob\u0142\u0119dny Zegar kominkowy empirowy z ruchom\u0105 fontann\u0105 XIX w oko\u0142o 1810\/30 r"},"content":{"rendered":"","protected":false},"excerpt":{"rendered":"<p>Ob\u0142\u0119dny Zegar kominkowy empirowy z ruchom\u0105 fontann\u0105 XIX w oko\u0142o 1810\/30 r<\/p>\n<p>Zegar kominkowy w formie fontanny gotyckiej podpartej przez gargulce. Fontanna posiada mechanizm poruszaj\u0105cy strumie\u0144 wody.<\/p>\n<p>Pochodzenie: zegar kominkowy, francuski,<\/p>\n<p>Etat: tr\u00e8s bon apr\u00e8s avis de l&#039;horloger.<\/p>\n<p>Materia\u0142: br\u0105z z\u0142ocony i patynowany szk\u0142o<\/p>\n<p>Wymiary: wysoko\u015b\u0107 41 cm, g\u0142\u0119boko\u015b\u0107 15 cm, d\u0142ugo\u015b\u0107\u00a0 20 cm du\u017cy !!!<\/p>\n<p>Pi\u0119kny dla konesera !!!<\/p>","protected":false},"featured_media":9356,"comment_status":"closed","ping_status":"closed","template":"","meta":[],"product_cat":[54,51],"product_tag":[],"class_list":{"0":"post-9355","1":"product","2":"type-product","3":"status-publish","4":"has-post-thumbnail","6":"product_cat-zegary-kominkowe","7":"product_cat-zegary","9":"entry","10":"has-media","12":"first","13":"instock","14":"taxable","15":"shipping-taxable","16":"purchasable","17":"product-type-simple","18":"has-product-nav","19":"col","20":"span_1_of_3","21":"owp-content-center","22":"owp-thumbs-layout-horizontal","23":"owp-btn-normal","24":"owp-tabs-layout-horizontal"},"aioseo_notices":[],"_links":{"self":[{"href":"https:\/\/antykilion.pl\/fr\/wp-json\/wp\/v2\/product\/9355","targetHints":{"allow":["GET"]}}],"collection":[{"href":"https:\/\/antykilion.pl\/fr\/wp-json\/wp\/v2\/product"}],"about":[{"href":"https:\/\/antykilion.pl\/fr\/wp-json\/wp\/v2\/types\/product"}],"replies":[{"embeddable":true,"href":"https:\/\/antykilion.pl\/fr\/wp-json\/wp\/v2\/comments?post=9355"}],"wp:featuredmedia":[{"embeddable":true,"href":"https:\/\/antykilion.pl\/fr\/wp-json\/wp\/v2\/media\/9356"}],"wp:attachment":[{"href":"https:\/\/antykilion.pl\/fr\/wp-json\/wp\/v2\/media?parent=9355"}],"wp:term":[{"taxonomy":"product_cat","embeddable":true,"href":"https:\/\/antykilion.pl\/fr\/wp-json\/wp\/v2\/product_cat?post=9355"},{"taxonomy":"product_tag","embeddable":true,"href":"https:\/\/antykilion.pl\/fr\/wp-json\/wp\/v2\/product_tag?post=9355"}],"curies":[{"name":"wp","href":"https:\/\/api.w.org\/{rel}","templated":true}]}}