{"id":9373,"date":"2025-03-24T07:33:30","date_gmt":"2025-03-24T06:33:30","guid":{"rendered":"https:\/\/antykilion.pl\/?post_type=product&#038;p=9373"},"modified":"2026-03-22T19:49:22","modified_gmt":"2026-03-22T18:49:22","slug":"zegar-kominkowy-z-puttami-alegoria-wiosny-i-milosci-xix-w-okolo-1860-r","status":"publish","type":"product","link":"https:\/\/antykilion.pl\/fr\/product\/zegar-kominkowy-z-puttami-alegoria-wiosny-i-milosci-xix-w-okolo-1860-r\/","title":{"rendered":"Zegar kominkowy z puttami,  alegori\u0105 wiosny i mi\u0142o\u015bci XIX w oko\u0142o 1860 r"},"content":{"rendered":"","protected":false},"excerpt":{"rendered":"<p>Zegar kominkowy w Puttami XIX w oko\u0142o 1850\/70 r<\/p>\n<p>Zegar kominkowy z scen\u0105 alegoryczn\u0105 wiosny i mi\u0142o\u015bci.<\/p>\n<p>Z postaciami dw\u00f3ch putt bawi\u0105cych si\u0119 kwiatami i ptaszkiem.<\/p>\n<p>Pochodzenie: zegar kominkowy, francuski,<\/p>\n<p>Etat: tr\u00e8s bon apr\u00e8s avis de l&#039;horloger.<\/p>\n<p>Mati\u00e8re: bronze dor\u00e9<\/p>\n<p>Wymiary: wysoko\u015b\u0107 41 cm, g\u0142\u0119boko\u015b\u0107 15 cm, d\u0142ugo\u015b\u0107\u00a0 50 cm du\u017cy !!!<\/p>\n<p>Pi\u0119kny du\u017cy zegar<\/p>","protected":false},"featured_media":9374,"comment_status":"closed","ping_status":"closed","template":"","meta":[],"product_cat":[54,51],"product_tag":[],"class_list":{"0":"post-9373","1":"product","2":"type-product","3":"status-publish","4":"has-post-thumbnail","6":"product_cat-zegary-kominkowe","7":"product_cat-zegary","9":"entry","10":"has-media","12":"first","13":"instock","14":"taxable","15":"shipping-taxable","16":"purchasable","17":"product-type-simple","18":"has-product-nav","19":"col","20":"span_1_of_3","21":"owp-content-center","22":"owp-thumbs-layout-horizontal","23":"owp-btn-normal","24":"owp-tabs-layout-horizontal"},"aioseo_notices":[],"_links":{"self":[{"href":"https:\/\/antykilion.pl\/fr\/wp-json\/wp\/v2\/product\/9373","targetHints":{"allow":["GET"]}}],"collection":[{"href":"https:\/\/antykilion.pl\/fr\/wp-json\/wp\/v2\/product"}],"about":[{"href":"https:\/\/antykilion.pl\/fr\/wp-json\/wp\/v2\/types\/product"}],"replies":[{"embeddable":true,"href":"https:\/\/antykilion.pl\/fr\/wp-json\/wp\/v2\/comments?post=9373"}],"wp:featuredmedia":[{"embeddable":true,"href":"https:\/\/antykilion.pl\/fr\/wp-json\/wp\/v2\/media\/9374"}],"wp:attachment":[{"href":"https:\/\/antykilion.pl\/fr\/wp-json\/wp\/v2\/media?parent=9373"}],"wp:term":[{"taxonomy":"product_cat","embeddable":true,"href":"https:\/\/antykilion.pl\/fr\/wp-json\/wp\/v2\/product_cat?post=9373"},{"taxonomy":"product_tag","embeddable":true,"href":"https:\/\/antykilion.pl\/fr\/wp-json\/wp\/v2\/product_tag?post=9373"}],"curies":[{"name":"wp","href":"https:\/\/api.w.org\/{rel}","templated":true}]}}