{"id":9418,"date":"2025-04-06T18:21:56","date_gmt":"2025-04-06T16:21:56","guid":{"rendered":"https:\/\/antykilion.pl\/?post_type=product&#038;p=9418"},"modified":"2025-04-06T18:21:57","modified_gmt":"2025-04-06T16:21:57","slug":"bogata-komoda-intarsjowana-w-brazach-zloconych-xix-w-okolo-1870-90-obledna","status":"publish","type":"product","link":"https:\/\/antykilion.pl\/fr\/product\/bogata-komoda-intarsjowana-w-brazach-zloconych-xix-w-okolo-1870-90-obledna\/","title":{"rendered":"Bogata komoda intarsjowana w br\u0105zach z\u0142oconych XIX w oko\u0142o 1870\/90 ob\u0142\u0119dna !"},"content":{"rendered":"","protected":false},"excerpt":{"rendered":"<p>Bogata komoda intarsjowana w br\u0105zach z\u0142oconych XIX w oko\u0142o 1870\/90 ob\u0142\u0119dna !<\/p>\n<p>Komoda o froncie i bokach prostych i falistych filarach, wsparta na niskich, konsolowych nogach, fornirowana, zdobiona odlewanymi i z\u0142oconymi okuciami z br\u0105zu, nakryta marmurowym blatem<\/p>\n<p>Pa\u0142acowa ogromna i bardzo bogata komoda. Mebel pierwszej klasy!!!<\/p>\n<p>Pochodzenie; Francja<\/p>\n<p>Stan: orginalny widoczne \u015blady u\u017cytkowania i wieku, konstrukcja zdrowa brak ubytk\u00f3w drobne podklejenia blat orginalny<\/p>\n<p>Wymiary: D\u0142ugo\u015b\u0107 145 cm, g\u0142\u0119boko\u015b\u0107 56 cm, wysoko\u015b\u0107 100 cm<\/p>\n<p>Materia\u0142: Palisander oraz kilka innych fornir\u00f3w wykorzystanych w intarsjach takich jak cytryna, bukszpan r\u00f3\u017ca<\/p>\n<p>Bardzo rzadki mebel !!!!<\/p>\n<p>Okazja !!!<\/p>","protected":false},"featured_media":9419,"comment_status":"closed","ping_status":"closed","template":"","meta":[],"product_cat":[26,17],"product_tag":[],"class_list":{"0":"post-9418","1":"product","2":"type-product","3":"status-publish","4":"has-post-thumbnail","6":"product_cat-komody","7":"product_cat-meble","9":"entry","10":"has-media","12":"first","13":"instock","14":"taxable","15":"shipping-taxable","16":"purchasable","17":"product-type-simple","18":"has-product-nav","19":"col","20":"span_1_of_3","21":"owp-content-center","22":"owp-thumbs-layout-horizontal","23":"owp-btn-normal","24":"owp-tabs-layout-horizontal"},"aioseo_notices":[],"_links":{"self":[{"href":"https:\/\/antykilion.pl\/fr\/wp-json\/wp\/v2\/product\/9418","targetHints":{"allow":["GET"]}}],"collection":[{"href":"https:\/\/antykilion.pl\/fr\/wp-json\/wp\/v2\/product"}],"about":[{"href":"https:\/\/antykilion.pl\/fr\/wp-json\/wp\/v2\/types\/product"}],"replies":[{"embeddable":true,"href":"https:\/\/antykilion.pl\/fr\/wp-json\/wp\/v2\/comments?post=9418"}],"wp:featuredmedia":[{"embeddable":true,"href":"https:\/\/antykilion.pl\/fr\/wp-json\/wp\/v2\/media\/9419"}],"wp:attachment":[{"href":"https:\/\/antykilion.pl\/fr\/wp-json\/wp\/v2\/media?parent=9418"}],"wp:term":[{"taxonomy":"product_cat","embeddable":true,"href":"https:\/\/antykilion.pl\/fr\/wp-json\/wp\/v2\/product_cat?post=9418"},{"taxonomy":"product_tag","embeddable":true,"href":"https:\/\/antykilion.pl\/fr\/wp-json\/wp\/v2\/product_tag?post=9418"}],"curies":[{"name":"wp","href":"https:\/\/api.w.org\/{rel}","templated":true}]}}