{"id":9474,"date":"2025-06-04T10:26:07","date_gmt":"2025-06-04T08:26:07","guid":{"rendered":"https:\/\/antykilion.pl\/?post_type=product&#038;p=9474"},"modified":"2025-06-04T15:32:11","modified_gmt":"2025-06-04T13:32:11","slug":"szabla-francuska-lekkiej-kawalerii-w-pochwie-wz-1822-orginal","status":"publish","type":"product","link":"https:\/\/antykilion.pl\/fr\/product\/szabla-francuska-lekkiej-kawalerii-w-pochwie-wz-1822-orginal\/","title":{"rendered":"Szabla Francuska oficera lekkiej kawalerii, w pochwie, wz. 1822 orgina\u0142 ! U\u017cywana w Polsce"},"content":{"rendered":"","protected":false},"excerpt":{"rendered":"<p>Szabla Francuska oficera lekkiej kawalerii, w pochwie, wz. 1822<\/p>\n<p>stal, mosi\u0105dz, drewno, sk\u00f3ra, oplot mosi\u0119\u017cny; d\u0142ugo\u015b\u0107 ca\u0142kowita w pochwie: 110 cm, d\u0142ugo\u015b\u0107: 106,5cm, d\u0142ugo\u015b\u0107 g\u0142owni: 92 cm; krzywizna: 3,5 cm;<\/p>\n<p>na grzbiecie grawerowana: model i rok produkcji;<\/p>\n<p>Francja, Napis grawerowany\u00a0 1851 lub 1857.<\/p>\n<p>G\u0142ownia stalowa z szerokim zbroczem i przygrzbietow\u0105 bruzdeczk\u0105 si\u0119gaj\u0105c\u0105 sztychu. Na grzbiecie napis kursyw\u0105 z data \u201c1851\u201d . Na p\u0142azie, u nasady znaki w owalu: ? Jelec mosi\u0119\u017cny, tarczowo-kab\u0142\u0105kowy z dwoma ob\u0142\u0119kami. R\u0119koje\u015b\u0107 drewniana, w sk\u00f3rze, z 20 karbami w oplocie z mosi\u0119\u017cnego drutu dwupokr\u0119tkowego. G\u0142owiczka owalna, wypuk\u0142a, kapturek kr\u00f3tki. Pochwa stalowa, z ostrog\u0105 i dwiema ryfkami z brajcarkami.<\/p>\n<p>Szabla zyska\u0142a ogromn\u0105 popularno\u015b\u0107 w Polsce W XVII w., co doprowadzi\u0142o do powstania jej kultu jako jedynej broni godnej polskiego szlachcica. Jako bro\u0144, popularna do ko\u0144ca XIX w. a nawet pocz\u0105tk\u00f3w wieku XX.<br \/>\nStan do czyszczenia: Pi\u0119kna<\/p>","protected":false},"featured_media":9475,"comment_status":"closed","ping_status":"closed","template":"","meta":[],"product_cat":[70],"product_tag":[],"class_list":{"0":"post-9474","1":"product","2":"type-product","3":"status-publish","4":"has-post-thumbnail","6":"product_cat-bron","8":"entry","9":"has-media","11":"first","12":"instock","13":"taxable","14":"shipping-taxable","15":"purchasable","16":"product-type-simple","17":"has-product-nav","18":"col","19":"span_1_of_3","20":"owp-content-center","21":"owp-thumbs-layout-horizontal","22":"owp-btn-normal","23":"owp-tabs-layout-horizontal"},"aioseo_notices":[],"_links":{"self":[{"href":"https:\/\/antykilion.pl\/fr\/wp-json\/wp\/v2\/product\/9474","targetHints":{"allow":["GET"]}}],"collection":[{"href":"https:\/\/antykilion.pl\/fr\/wp-json\/wp\/v2\/product"}],"about":[{"href":"https:\/\/antykilion.pl\/fr\/wp-json\/wp\/v2\/types\/product"}],"replies":[{"embeddable":true,"href":"https:\/\/antykilion.pl\/fr\/wp-json\/wp\/v2\/comments?post=9474"}],"wp:featuredmedia":[{"embeddable":true,"href":"https:\/\/antykilion.pl\/fr\/wp-json\/wp\/v2\/media\/9475"}],"wp:attachment":[{"href":"https:\/\/antykilion.pl\/fr\/wp-json\/wp\/v2\/media?parent=9474"}],"wp:term":[{"taxonomy":"product_cat","embeddable":true,"href":"https:\/\/antykilion.pl\/fr\/wp-json\/wp\/v2\/product_cat?post=9474"},{"taxonomy":"product_tag","embeddable":true,"href":"https:\/\/antykilion.pl\/fr\/wp-json\/wp\/v2\/product_tag?post=9474"}],"curies":[{"name":"wp","href":"https:\/\/api.w.org\/{rel}","templated":true}]}}