{"id":9501,"date":"2025-06-04T13:48:08","date_gmt":"2025-06-04T11:48:08","guid":{"rendered":"https:\/\/antykilion.pl\/?post_type=product&#038;p=9501"},"modified":"2026-03-19T09:48:23","modified_gmt":"2026-03-19T08:48:23","slug":"szpada-francuska-oficera-dragonow-le-peton-a-rouen-xviii-w-1750-r-piekna","status":"publish","type":"product","link":"https:\/\/antykilion.pl\/fr\/product\/szpada-francuska-oficera-dragonow-le-peton-a-rouen-xviii-w-1750-r-piekna\/","title":{"rendered":"Szpada Francuska oficera dragon\u00f3w Le Peton a Rouen XVIII w, 1750 r Pi\u0119kna"},"content":{"rendered":"","protected":false},"excerpt":{"rendered":"<p>Szpada Francuska oficera dragon\u00f3w Le Peton a Rouen XVIII w, 1750 r Pi\u0119kna<\/p>\n<p>Smuk\u0142e, tr\u00f3jk\u0105tne ostrze do pchni\u0119\u0107 ze znakiem producenta \u201eLe Peton a Rouen\u201d u podstawy.<\/p>\n<p>stal, mosi\u0105dz, drewno, sk\u00f3ra, oplot mosi\u0119\u017cny; d\u0142ugo\u015b\u0107 ca\u0142kowita : 101 cm,<\/p>\n<p>Francja Le Peton a Rouen<\/p>\n<p>Ostrze bogato grawerowane<\/p>\n<p>Stan do czyszczenia: Pi\u0119kna i znakomity orginalny stan !!!<\/p>","protected":false},"featured_media":9502,"comment_status":"closed","ping_status":"closed","template":"","meta":[],"product_cat":[70],"product_tag":[],"class_list":{"0":"post-9501","1":"product","2":"type-product","3":"status-publish","4":"has-post-thumbnail","6":"product_cat-bron","8":"entry","9":"has-media","11":"first","12":"instock","13":"taxable","14":"shipping-taxable","15":"purchasable","16":"product-type-simple","17":"has-product-nav","18":"col","19":"span_1_of_3","20":"owp-content-center","21":"owp-thumbs-layout-horizontal","22":"owp-btn-normal","23":"owp-tabs-layout-horizontal"},"aioseo_notices":[],"_links":{"self":[{"href":"https:\/\/antykilion.pl\/fr\/wp-json\/wp\/v2\/product\/9501","targetHints":{"allow":["GET"]}}],"collection":[{"href":"https:\/\/antykilion.pl\/fr\/wp-json\/wp\/v2\/product"}],"about":[{"href":"https:\/\/antykilion.pl\/fr\/wp-json\/wp\/v2\/types\/product"}],"replies":[{"embeddable":true,"href":"https:\/\/antykilion.pl\/fr\/wp-json\/wp\/v2\/comments?post=9501"}],"wp:featuredmedia":[{"embeddable":true,"href":"https:\/\/antykilion.pl\/fr\/wp-json\/wp\/v2\/media\/9502"}],"wp:attachment":[{"href":"https:\/\/antykilion.pl\/fr\/wp-json\/wp\/v2\/media?parent=9501"}],"wp:term":[{"taxonomy":"product_cat","embeddable":true,"href":"https:\/\/antykilion.pl\/fr\/wp-json\/wp\/v2\/product_cat?post=9501"},{"taxonomy":"product_tag","embeddable":true,"href":"https:\/\/antykilion.pl\/fr\/wp-json\/wp\/v2\/product_tag?post=9501"}],"curies":[{"name":"wp","href":"https:\/\/api.w.org\/{rel}","templated":true}]}}