{"id":9508,"date":"2025-06-04T14:18:08","date_gmt":"2025-06-04T12:18:08","guid":{"rendered":"https:\/\/antykilion.pl\/?post_type=product&#038;p=9508"},"modified":"2026-03-18T17:50:59","modified_gmt":"2026-03-18T16:50:59","slug":"szpada-francuska-xviii-w-1750-r-okazja","status":"publish","type":"product","link":"https:\/\/antykilion.pl\/fr\/product\/szpada-francuska-xviii-w-1750-r-okazja\/","title":{"rendered":"Szpada Francuska XVIII w, 1750 r okazja"},"content":{"rendered":"","protected":false},"excerpt":{"rendered":"<p>Szpada Francuska XVIII w, 1750 r okazja<\/p>\n<p>Smuk\u0142e, tr\u00f3jk\u0105tne ostrze do pchni\u0119\u0107 .<\/p>\n<p>stal, mosi\u0105dz, drewno, sk\u00f3ra, oplot mosi\u0119\u017cny; d\u0142ugo\u015b\u0107 ca\u0142kowita : 89,5 cm,<\/p>\n<p>Francja<\/p>\n<p>Ostrze bogato grawerowane<\/p>\n<p>Stan wyszczerbienia i do czyszczenia: Okazja !!!<\/p>","protected":false},"featured_media":9509,"comment_status":"closed","ping_status":"closed","template":"","meta":[],"product_cat":[70],"product_tag":[],"class_list":{"0":"post-9508","1":"product","2":"type-product","3":"status-publish","4":"has-post-thumbnail","6":"product_cat-bron","8":"entry","9":"has-media","11":"first","12":"instock","13":"taxable","14":"shipping-taxable","15":"purchasable","16":"product-type-simple","17":"has-product-nav","18":"col","19":"span_1_of_3","20":"owp-content-center","21":"owp-thumbs-layout-horizontal","22":"owp-btn-normal","23":"owp-tabs-layout-horizontal"},"aioseo_notices":[],"_links":{"self":[{"href":"https:\/\/antykilion.pl\/fr\/wp-json\/wp\/v2\/product\/9508","targetHints":{"allow":["GET"]}}],"collection":[{"href":"https:\/\/antykilion.pl\/fr\/wp-json\/wp\/v2\/product"}],"about":[{"href":"https:\/\/antykilion.pl\/fr\/wp-json\/wp\/v2\/types\/product"}],"replies":[{"embeddable":true,"href":"https:\/\/antykilion.pl\/fr\/wp-json\/wp\/v2\/comments?post=9508"}],"wp:featuredmedia":[{"embeddable":true,"href":"https:\/\/antykilion.pl\/fr\/wp-json\/wp\/v2\/media\/9509"}],"wp:attachment":[{"href":"https:\/\/antykilion.pl\/fr\/wp-json\/wp\/v2\/media?parent=9508"}],"wp:term":[{"taxonomy":"product_cat","embeddable":true,"href":"https:\/\/antykilion.pl\/fr\/wp-json\/wp\/v2\/product_cat?post=9508"},{"taxonomy":"product_tag","embeddable":true,"href":"https:\/\/antykilion.pl\/fr\/wp-json\/wp\/v2\/product_tag?post=9508"}],"curies":[{"name":"wp","href":"https:\/\/api.w.org\/{rel}","templated":true}]}}