{"id":9518,"date":"2025-06-04T15:24:35","date_gmt":"2025-06-04T13:24:35","guid":{"rendered":"https:\/\/antykilion.pl\/?post_type=product&#038;p=9518"},"modified":"2025-06-04T15:24:35","modified_gmt":"2025-06-04T13:24:35","slug":"szpada-francuska-oficera-piechoty-1822-klingenthal-manufaktura-krolewska","status":"publish","type":"product","link":"https:\/\/antykilion.pl\/fr\/product\/szpada-francuska-oficera-piechoty-1822-klingenthal-manufaktura-krolewska\/","title":{"rendered":"Szpada Francuska oficera piechoty 1822 Klingenthal manufaktura kr\u00f3lewska"},"content":{"rendered":"","protected":false},"excerpt":{"rendered":"<p>Szpada Francuska oficera piechoty 1822 Klingenthal manufaktura kr\u00f3lewska<\/p>\n<p>Oznaczenia na r\u0119koje\u015bci Manceaux and FM<\/p>\n<p>D\u0142ugo\u015b\u0107 98 cm.<\/p>\n<p>Stan do czyszczenia<\/p>\n<p>Francja Napis grawerowany Klingenthal 1822, manufaktura kr\u00f3lewska w Klingenthal,<\/p>","protected":false},"featured_media":9519,"comment_status":"closed","ping_status":"closed","template":"","meta":[],"product_cat":[70],"product_tag":[],"class_list":{"0":"post-9518","1":"product","2":"type-product","3":"status-publish","4":"has-post-thumbnail","6":"product_cat-bron","8":"entry","9":"has-media","11":"first","12":"instock","13":"taxable","14":"shipping-taxable","15":"purchasable","16":"product-type-simple","17":"has-product-nav","18":"col","19":"span_1_of_3","20":"owp-content-center","21":"owp-thumbs-layout-horizontal","22":"owp-btn-normal","23":"owp-tabs-layout-horizontal"},"aioseo_notices":[],"_links":{"self":[{"href":"https:\/\/antykilion.pl\/fr\/wp-json\/wp\/v2\/product\/9518","targetHints":{"allow":["GET"]}}],"collection":[{"href":"https:\/\/antykilion.pl\/fr\/wp-json\/wp\/v2\/product"}],"about":[{"href":"https:\/\/antykilion.pl\/fr\/wp-json\/wp\/v2\/types\/product"}],"replies":[{"embeddable":true,"href":"https:\/\/antykilion.pl\/fr\/wp-json\/wp\/v2\/comments?post=9518"}],"wp:featuredmedia":[{"embeddable":true,"href":"https:\/\/antykilion.pl\/fr\/wp-json\/wp\/v2\/media\/9519"}],"wp:attachment":[{"href":"https:\/\/antykilion.pl\/fr\/wp-json\/wp\/v2\/media?parent=9518"}],"wp:term":[{"taxonomy":"product_cat","embeddable":true,"href":"https:\/\/antykilion.pl\/fr\/wp-json\/wp\/v2\/product_cat?post=9518"},{"taxonomy":"product_tag","embeddable":true,"href":"https:\/\/antykilion.pl\/fr\/wp-json\/wp\/v2\/product_tag?post=9518"}],"curies":[{"name":"wp","href":"https:\/\/api.w.org\/{rel}","templated":true}]}}