{"id":955,"date":"2020-02-02T18:30:42","date_gmt":"2020-02-02T17:30:42","guid":{"rendered":"https:\/\/antykilion.pl\/?post_type=product&#038;p=955"},"modified":"2026-04-08T13:45:37","modified_gmt":"2026-04-08T11:45:37","slug":"ernst-hugo-lorenz-murowana-pojezierze","status":"publish","type":"product","link":"https:\/\/antykilion.pl\/fr\/product\/ernst-hugo-lorenz-murowana-pojezierze\/","title":{"rendered":"Ernst Hugo Lorenz-Murowana Lake District"},"content":{"rendered":"<p>Ernst Hugo Lorenz-Murowana (n\u00e9 le 27 octobre 1872 \u00e0 Murowana Go\u015blina, mort en 1950 \u00e0 Berlin ou \u00e0 R\u00fcgen [1]) - peintre allemand.<\/p>\n<p>Il est issu d&#039;une famille nombreuse aux traditions artistiques profondes, dans laquelle les surnoms se sont donn\u00e9s par leur lieu de naissance. Il quitte la province de Pozna\u0144 et se rend \u00e0 Berlin, o\u00f9 il \u00e9tudie la peinture et le graphisme. Apr\u00e8s avoir termin\u00e9 ses \u00e9tudes, il y est rest\u00e9 d\u00e9finitivement, en dehors de la peinture, il \u00e9tait \u00e9galement conservateur d&#039;art.<\/p>\n<p>Une grande partie de son travail est la peinture \u00e0 l&#039;huile, les sujets des peintures \u00e9taient des int\u00e9rieurs et des natures mortes, mais le motif le plus courant pr\u00e9sent\u00e9 \u00e9tait les paysages marins de la Pom\u00e9ranie et de la mer Baltique, ainsi que les paysages idylliques du Brandebourg. Beaucoup moins souvent, il immortalisait les veduta et le paysage urbain de Berlin et Potsdam, o\u00f9 les rivi\u00e8res ou les r\u00e9servoirs d&#039;eau sont visibles au premier plan, souvent nocturnes.<\/p>","protected":false},"excerpt":{"rendered":"<p>Ernst Hugo Lorenz-Murowana (n\u00e9 le 27 octobre 1872 \u00e0 Murowana Go\u015blina<br \/>\nUne belle vue sur la r\u00e9gion des lacs, dans une palette de couleurs tr\u00e8s int\u00e9ressante.<br \/>\nPhoto grand format, tr\u00e8s d\u00e9corative, mauvaise qualit\u00e9 des photos dont nous nous excusons.<br \/>\nTechnique: huile sur toile.<br \/>\nTr\u00e8s bon \u00e9tat de la toile, l\u00e9g\u00e8res rayures sur le cadre.<br \/>\nEpoque: fin XIX d\u00e9but XX si\u00e8cle<br \/>\nDimensions: avec un cadre 124 cm par 84 cm <\/p>","protected":false},"featured_media":10941,"comment_status":"closed","ping_status":"closed","template":"","meta":[],"product_cat":[41,39,40],"product_tag":[],"class_list":{"0":"post-955","1":"product","2":"type-product","3":"status-publish","4":"has-post-thumbnail","6":"product_cat-malarstwo-dawne","7":"product_cat-dziela-sztuki","8":"product_cat-malarstwo","10":"entry","11":"has-media","13":"first","14":"instock","15":"taxable","16":"shipping-taxable","17":"purchasable","18":"product-type-simple","19":"has-product-nav","20":"col","21":"span_1_of_3","22":"owp-content-center","23":"owp-thumbs-layout-horizontal","24":"owp-btn-normal","25":"owp-tabs-layout-horizontal"},"aioseo_notices":[],"_links":{"self":[{"href":"https:\/\/antykilion.pl\/fr\/wp-json\/wp\/v2\/product\/955","targetHints":{"allow":["GET"]}}],"collection":[{"href":"https:\/\/antykilion.pl\/fr\/wp-json\/wp\/v2\/product"}],"about":[{"href":"https:\/\/antykilion.pl\/fr\/wp-json\/wp\/v2\/types\/product"}],"replies":[{"embeddable":true,"href":"https:\/\/antykilion.pl\/fr\/wp-json\/wp\/v2\/comments?post=955"}],"wp:featuredmedia":[{"embeddable":true,"href":"https:\/\/antykilion.pl\/fr\/wp-json\/wp\/v2\/media\/10941"}],"wp:attachment":[{"href":"https:\/\/antykilion.pl\/fr\/wp-json\/wp\/v2\/media?parent=955"}],"wp:term":[{"taxonomy":"product_cat","embeddable":true,"href":"https:\/\/antykilion.pl\/fr\/wp-json\/wp\/v2\/product_cat?post=955"},{"taxonomy":"product_tag","embeddable":true,"href":"https:\/\/antykilion.pl\/fr\/wp-json\/wp\/v2\/product_tag?post=955"}],"curies":[{"name":"wp","href":"https:\/\/api.w.org\/{rel}","templated":true}]}}