{"id":9599,"date":"2025-06-24T12:45:05","date_gmt":"2025-06-24T10:45:05","guid":{"rendered":"https:\/\/antykilion.pl\/?post_type=product&#038;p=9599"},"modified":"2025-06-24T12:45:06","modified_gmt":"2025-06-24T10:45:06","slug":"sem-charles-guenardeau-taca-z-pozlacanego-brazu-zdobiona-galazkami-debu-xix-w","status":"publish","type":"product","link":"https:\/\/antykilion.pl\/fr\/product\/sem-charles-guenardeau-taca-z-pozlacanego-brazu-zdobiona-galazkami-debu-xix-w\/","title":{"rendered":"Sem Charles Guenardeau taca z poz\u0142acanego br\u0105zu zdobiona ga\u0142\u0105zkami d\u0119bu XIX w"},"content":{"rendered":"","protected":false},"excerpt":{"rendered":"<p>Sem Charles Guenardeau taca z poz\u0142acanego br\u0105zu zdobiona ga\u0142\u0105zkami d\u0119bu XIX<\/p>\n<p>Owalna taca z poz\u0142acanego br\u0105zu z dwoma uchwytami zdobionymi reliefem z ga\u0142\u0105zek d\u0119bu i lauru. Edycja odlana przez Colina. Sygnowana \u201eGu\u00e9nardeau\u201d<\/p>\n<p>Sem Charles Guenardeau to<\/p>\n<p>francuski artysta, kt\u00f3ry \u017cy\u0142 w latach 1866-1930<\/p>\n<p>Origine: France<\/p>\n<p>Materia\u0142: Br\u0105z z\u0142ocony<\/p>\n<p>Stan: bardzo dobry, normalne zu\u017cycie<\/p>\n<p>Signature: visible sur la photo<\/p>\n<p>Wymiary: 29 cm<\/p>\n<p>Beau !!!<\/p>","protected":false},"featured_media":9600,"comment_status":"closed","ping_status":"closed","template":"","meta":[],"product_cat":[44,39,43,55],"product_tag":[],"class_list":{"0":"post-9599","1":"product","2":"type-product","3":"status-publish","4":"has-post-thumbnail","6":"product_cat-rzezba-dawna","7":"product_cat-dziela-sztuki","8":"product_cat-rzezba","9":"product_cat-varia","11":"entry","12":"has-media","14":"first","15":"instock","16":"taxable","17":"shipping-taxable","18":"purchasable","19":"product-type-simple","20":"has-product-nav","21":"col","22":"span_1_of_3","23":"owp-content-center","24":"owp-thumbs-layout-horizontal","25":"owp-btn-normal","26":"owp-tabs-layout-horizontal"},"aioseo_notices":[],"_links":{"self":[{"href":"https:\/\/antykilion.pl\/fr\/wp-json\/wp\/v2\/product\/9599","targetHints":{"allow":["GET"]}}],"collection":[{"href":"https:\/\/antykilion.pl\/fr\/wp-json\/wp\/v2\/product"}],"about":[{"href":"https:\/\/antykilion.pl\/fr\/wp-json\/wp\/v2\/types\/product"}],"replies":[{"embeddable":true,"href":"https:\/\/antykilion.pl\/fr\/wp-json\/wp\/v2\/comments?post=9599"}],"wp:featuredmedia":[{"embeddable":true,"href":"https:\/\/antykilion.pl\/fr\/wp-json\/wp\/v2\/media\/9600"}],"wp:attachment":[{"href":"https:\/\/antykilion.pl\/fr\/wp-json\/wp\/v2\/media?parent=9599"}],"wp:term":[{"taxonomy":"product_cat","embeddable":true,"href":"https:\/\/antykilion.pl\/fr\/wp-json\/wp\/v2\/product_cat?post=9599"},{"taxonomy":"product_tag","embeddable":true,"href":"https:\/\/antykilion.pl\/fr\/wp-json\/wp\/v2\/product_tag?post=9599"}],"curies":[{"name":"wp","href":"https:\/\/api.w.org\/{rel}","templated":true}]}}