{"id":9616,"date":"2025-06-24T15:56:59","date_gmt":"2025-06-24T13:56:59","guid":{"rendered":"https:\/\/antykilion.pl\/?post_type=product&#038;p=9616"},"modified":"2025-06-24T15:56:59","modified_gmt":"2025-06-24T13:56:59","slug":"zestaw-toaletowy-piec-czesci-srebro-800-niemcy-lata-1900","status":"publish","type":"product","link":"https:\/\/antykilion.pl\/fr\/product\/zestaw-toaletowy-piec-czesci-srebro-800-niemcy-lata-1900\/","title":{"rendered":"Zestaw toaletowy, pi\u0119\u0107 cz\u0119\u015bci, srebro 800. Niemcy. Lata 1900."},"content":{"rendered":"","protected":false},"excerpt":{"rendered":"<p>Zestaw toaletowy, pi\u0119\u0107 cz\u0119\u015bci, srebro 800. Niemcy. Lata 1900.<\/p>\n<p>Wymiary: Sk\u0142ada si\u0119 z lusterka r\u0119cznego (d\u0142. 31 cm), trzech szczotek (d\u0142. 16-24 cm), grzebienia (d\u0142. 19 cm).<\/p>\n<p>Srebro punce na rancie , oko\u0142o 1900 XX w<\/p>\n<p>Stan bardzo dobry oczywiste \u015blady u\u017cytkowania<\/p>\n<p>Orginalne etui<\/p>\n<p>Do ka\u017cdego przedmiotu galeria wystawia certyfikat<\/p>","protected":false},"featured_media":9617,"comment_status":"closed","ping_status":"closed","template":"","meta":[],"product_cat":[46],"product_tag":[],"class_list":{"0":"post-9616","1":"product","2":"type-product","3":"status-publish","4":"has-post-thumbnail","6":"product_cat-srebra-i-platery","8":"entry","9":"has-media","11":"first","12":"instock","13":"taxable","14":"shipping-taxable","15":"purchasable","16":"product-type-simple","17":"has-product-nav","18":"col","19":"span_1_of_3","20":"owp-content-center","21":"owp-thumbs-layout-horizontal","22":"owp-btn-normal","23":"owp-tabs-layout-horizontal"},"aioseo_notices":[],"_links":{"self":[{"href":"https:\/\/antykilion.pl\/fr\/wp-json\/wp\/v2\/product\/9616","targetHints":{"allow":["GET"]}}],"collection":[{"href":"https:\/\/antykilion.pl\/fr\/wp-json\/wp\/v2\/product"}],"about":[{"href":"https:\/\/antykilion.pl\/fr\/wp-json\/wp\/v2\/types\/product"}],"replies":[{"embeddable":true,"href":"https:\/\/antykilion.pl\/fr\/wp-json\/wp\/v2\/comments?post=9616"}],"wp:featuredmedia":[{"embeddable":true,"href":"https:\/\/antykilion.pl\/fr\/wp-json\/wp\/v2\/media\/9617"}],"wp:attachment":[{"href":"https:\/\/antykilion.pl\/fr\/wp-json\/wp\/v2\/media?parent=9616"}],"wp:term":[{"taxonomy":"product_cat","embeddable":true,"href":"https:\/\/antykilion.pl\/fr\/wp-json\/wp\/v2\/product_cat?post=9616"},{"taxonomy":"product_tag","embeddable":true,"href":"https:\/\/antykilion.pl\/fr\/wp-json\/wp\/v2\/product_tag?post=9616"}],"curies":[{"name":"wp","href":"https:\/\/api.w.org\/{rel}","templated":true}]}}