{"id":9629,"date":"2025-07-03T08:20:47","date_gmt":"2025-07-03T06:20:47","guid":{"rendered":"https:\/\/antykilion.pl\/?post_type=product&#038;p=9629"},"modified":"2025-07-03T10:22:40","modified_gmt":"2025-07-03T08:22:40","slug":"szafa-barokowa-ubraniowa-w-ksztalcie-fali-z-frankfurtu-z-xviii-w-1730-r","status":"publish","type":"product","link":"https:\/\/antykilion.pl\/fr\/product\/szafa-barokowa-ubraniowa-w-ksztalcie-fali-z-frankfurtu-z-xviii-w-1730-r\/","title":{"rendered":"Szafa barokowa, ubraniowa w kszta\u0142cie fali z Frankfurtu z XVIII w 1730 r"},"content":{"rendered":"","protected":false},"excerpt":{"rendered":"<p>Szafa barokowa, ubraniowa w kszta\u0142cie fali z Frankfurtu z XVIII w 1730 r<\/p>\n<p>O konstrukcji wie\u0144cowej o prostych bokach, \u015bci\u0119tych frontowych naro\u017cach z falistymi poduchami, zamykana dwuskrzyd\u0142owo wyko\u0144czonych falistymi poduchami, zwie\u0144czona rozszerzaj\u0105cym si\u0119 ku g\u00f3rze, profilowanym, prosto zamkni\u0119tym wie\u0144cem g\u00f3rnym, wsparta na wie\u0144cu dolnym tak\u017ce profilowanym i rozszerzonym ku do\u0142owi oraz na czterech toczonych nogach, w formie sp\u0142aszczonych kul, fornirowana wzorzyst\u0105 oklein\u0105 orzechowa, ozdobiona intarsjowanymi geometrycznymi.<\/p>\n<p>Szyldy kluczyn mosi\u0119\u017cne, pod\u0142u\u017cne, faliste na obrze\u017cu, koronkowe z kratk\u0105 regencyjn\u0105 i li\u015b\u0107mi ujmuj\u0105cymi kartuszowy szyld (lewy \u015blepy). Zamek stalowy, przyk\u0142adano wpuszczany z prostok\u0105tn\u0105 puszk\u0105 ozdobion\u0105 na obrze\u017cu koronk\u0105 z ceownic, trzyryglowy. Wygrawerowane przez p\u00f3\u017aniejszych w\u0142a\u015bcicieli inicja\u0142y i data 1789 r Zasuwki na lewym skrzydle stalowe, zwyk\u0142e, nak\u0142adane, na ozdobnym, a\u017curowym szyldzie, z d\u0142ugim ramieniem rygla zako\u0144czonym kuleczk\u0105. Plecy deskowe, kto\u015b zamontowa\u0142 stela\u017ce drewniane na p\u00f3\u0142ki mo\u017cna zdemontowa\u0107 lub zostawi\u0107 jak kto\u015b chce wykorzysta\u0107 szaf\u0119 z p\u00f3\u0142kami.<\/p>\n<p>Szafa wykonana na terenie po\u0142udniowych Niemiec oko\u0142o po\u0142owy XVIII wieku. P\u00f3\u017anobarokow\u0105 form\u0119 ozdobiono r\u00f3\u017cnorodnymi rokokowymi ornamentami intarsjowanymi, w tym pojawiaj\u0105cymi si\u0119 w dekoracjach szaf, tak\u017ce na tym terenie, przedstawieniami kobiet personifikuj\u0105cych pory roku. W prezentowanym egzemplarzu kobiety wyobra\u017cone ze snopkiem i z winn\u0105 ga\u0142\u0105zk\u0105 maj\u0105 charakter dekoracyjny, jednocze\u015bnie charakterystyczny dla tego regionu, w kt\u00f3rym od setek lat uprawiano winoro\u015ble.<\/p>\n<p>Produkcja<\/p>\n<p>Producent: anonim<\/p>\n<p>Miejsce produkcji: Frankfurt<\/p>\n<p>Data: 1730<\/p>\n<p>Materia\u0142: orzech oraz inne w intarsjach<\/p>\n<p>Wymiary: wysoko\u015b\u0107 200, szeroko\u015b\u0107 170, g\u0142\u0119boko\u015b\u0107 74<\/p>\n<p>Stan: bardzo dobry orginalny, !!!!!<\/p>\n<p>Pi\u0119kny mebel!!!<\/p>\n<p>poni\u017cej link podgl\u0105dowy z innej sprzeda\u017cy<\/p>\n<p>https:\/\/antiquitaeten-breitenkamp.de\/products\/frankfurter-wellenschrank-wohl-um-1650-1680<\/p>","protected":false},"featured_media":9630,"comment_status":"closed","ping_status":"closed","template":"","meta":[],"product_cat":[17,34],"product_tag":[],"class_list":{"0":"post-9629","1":"product","2":"type-product","3":"status-publish","4":"has-post-thumbnail","6":"product_cat-meble","7":"product_cat-szafy","9":"entry","10":"has-media","12":"first","13":"instock","14":"taxable","15":"shipping-taxable","16":"purchasable","17":"product-type-simple","18":"has-product-nav","19":"col","20":"span_1_of_3","21":"owp-content-center","22":"owp-thumbs-layout-horizontal","23":"owp-btn-normal","24":"owp-tabs-layout-horizontal"},"aioseo_notices":[],"_links":{"self":[{"href":"https:\/\/antykilion.pl\/fr\/wp-json\/wp\/v2\/product\/9629","targetHints":{"allow":["GET"]}}],"collection":[{"href":"https:\/\/antykilion.pl\/fr\/wp-json\/wp\/v2\/product"}],"about":[{"href":"https:\/\/antykilion.pl\/fr\/wp-json\/wp\/v2\/types\/product"}],"replies":[{"embeddable":true,"href":"https:\/\/antykilion.pl\/fr\/wp-json\/wp\/v2\/comments?post=9629"}],"wp:featuredmedia":[{"embeddable":true,"href":"https:\/\/antykilion.pl\/fr\/wp-json\/wp\/v2\/media\/9630"}],"wp:attachment":[{"href":"https:\/\/antykilion.pl\/fr\/wp-json\/wp\/v2\/media?parent=9629"}],"wp:term":[{"taxonomy":"product_cat","embeddable":true,"href":"https:\/\/antykilion.pl\/fr\/wp-json\/wp\/v2\/product_cat?post=9629"},{"taxonomy":"product_tag","embeddable":true,"href":"https:\/\/antykilion.pl\/fr\/wp-json\/wp\/v2\/product_tag?post=9629"}],"curies":[{"name":"wp","href":"https:\/\/api.w.org\/{rel}","templated":true}]}}