{"id":964,"date":"2020-02-02T19:20:02","date_gmt":"2020-02-02T18:20:02","guid":{"rendered":"https:\/\/antykilion.pl\/?post_type=product&#038;p=964"},"modified":"2023-02-25T11:11:46","modified_gmt":"2023-02-25T10:11:46","slug":"antonie-frederik-zurcher-pozegnanie-xix-wiek","status":"publish","type":"product","link":"https:\/\/antykilion.pl\/fr\/product\/antonie-frederik-zurcher-pozegnanie-xix-wiek\/","title":{"rendered":"Antonie Frederik Z\u00fcrcher &quot;Adieu&quot; XIX si\u00e8cle"},"content":{"rendered":"<p>Antonie Frederik Z\u00fcrcher (n\u00e9 le 2 janvier 1825 au 15 avril 1876) \u00e9tait un peintre, dessinateur, sculpteur et professeur d&#039;art n\u00e9erlandais.<\/p>\n<p>Z\u00fcrcher est n\u00e9 \u00e0 Nieuwer-Amstel en tant que fils a\u00een\u00e9 de Johannes Cornelis Zurcher dans une famille d&#039;artistes. [1] Apr\u00e8s une formation formelle \u00e0 Amsterdam, il est devenu professeur de dessin \u00e0 l&#039;acad\u00e9mie locale. Il se maria \u00e0 Amsterdam en 1850 et le couple eut 14 enfants, dont le peintre Johannes Wilhelm Cornelis Zurcher. Apr\u00e8s la fermeture de l&#039;\u00e9cole, il a \u00e9t\u00e9 transf\u00e9r\u00e9 \u00e0 un poste \u00e0 Maastricht, o\u00f9 il est d\u00e9c\u00e9d\u00e9 plus tard. [1] Son jeune fr\u00e8re Frederik Willem Z\u00fcrcher \u00e9tait \u00e9galement un peintre [1].<\/p>","protected":false},"excerpt":{"rendered":"<p>Antonie Frederik Z\u00fcrcher (ur. 2 stycznia 1825 r. &#8211; 15 kwietnia 1876 r ) &#8220;po\u017cegnanie&#8221;.<br \/>\nBelle peinture de classe de mus\u00e9e, repr\u00e9sentant une sc\u00e8ne de genre.<br \/>\nTechnique: huile sur toile.<br \/>\n\u00c9tat: tr\u00e8s bon, ancien entretien.<br \/>\nSignature visible sur la photo.<br \/>\nDe plus, des autocollants de galerie et des autocollants informant sur la peinture, coll\u00e9s sur la civi\u00e8re.<br \/>\nDimensions: avec cadre environ 82 cm sur 109 cm<br \/>\nVous trouverez ci-dessous des informations sur le peintre.<\/p>","protected":false},"featured_media":973,"comment_status":"closed","ping_status":"closed","template":"","meta":[],"product_cat":[41,39,40],"product_tag":[],"class_list":{"0":"post-964","1":"product","2":"type-product","3":"status-publish","4":"has-post-thumbnail","6":"product_cat-malarstwo-dawne","7":"product_cat-dziela-sztuki","8":"product_cat-malarstwo","10":"entry","11":"has-media","13":"first","14":"instock","15":"taxable","16":"shipping-taxable","17":"purchasable","18":"product-type-simple","19":"has-product-nav","20":"col","21":"span_1_of_3","22":"owp-content-center","23":"owp-thumbs-layout-horizontal","24":"owp-btn-normal","25":"owp-tabs-layout-horizontal"},"aioseo_notices":[],"_links":{"self":[{"href":"https:\/\/antykilion.pl\/fr\/wp-json\/wp\/v2\/product\/964","targetHints":{"allow":["GET"]}}],"collection":[{"href":"https:\/\/antykilion.pl\/fr\/wp-json\/wp\/v2\/product"}],"about":[{"href":"https:\/\/antykilion.pl\/fr\/wp-json\/wp\/v2\/types\/product"}],"replies":[{"embeddable":true,"href":"https:\/\/antykilion.pl\/fr\/wp-json\/wp\/v2\/comments?post=964"}],"wp:featuredmedia":[{"embeddable":true,"href":"https:\/\/antykilion.pl\/fr\/wp-json\/wp\/v2\/media\/973"}],"wp:attachment":[{"href":"https:\/\/antykilion.pl\/fr\/wp-json\/wp\/v2\/media?parent=964"}],"wp:term":[{"taxonomy":"product_cat","embeddable":true,"href":"https:\/\/antykilion.pl\/fr\/wp-json\/wp\/v2\/product_cat?post=964"},{"taxonomy":"product_tag","embeddable":true,"href":"https:\/\/antykilion.pl\/fr\/wp-json\/wp\/v2\/product_tag?post=964"}],"curies":[{"name":"wp","href":"https:\/\/api.w.org\/{rel}","templated":true}]}}