{"id":9648,"date":"2025-07-09T15:20:27","date_gmt":"2025-07-09T13:20:27","guid":{"rendered":"https:\/\/antykilion.pl\/?post_type=product&#038;p=9648"},"modified":"2026-04-08T13:47:04","modified_gmt":"2026-04-08T11:47:04","slug":"giovanni-battista-salvi-sassoferrato-matka-boska-z-dzieciatkiem-xvii-xviiiw","status":"publish","type":"product","link":"https:\/\/antykilion.pl\/fr\/product\/giovanni-battista-salvi-sassoferrato-matka-boska-z-dzieciatkiem-xvii-xviiiw\/","title":{"rendered":"Giovanni Battista Salvi Sassoferrato Matka Boska z dzieci\u0105tkiem XVII\/XVIIIw"},"content":{"rendered":"","protected":false},"excerpt":{"rendered":"<p>W typie Giovanni Battista Salvi Sassoferrato Matka Boska z dzieci\u0105tkiem XVII\/XVIIIw<\/p>\n<p>Technique: huile sur toile<\/p>\n<p>Stan:\u00a0 dobry, p\u0142\u00f3tno dublowane<\/p>\n<p>Sygnatura:\u00a0 Nie znaleziono<\/p>\n<p>Wymiary:\u00a0 p\u0142\u00f3tno 68 cm na 58 cm z ram\u0105\u00a0 91 cm na 71 cm\u00a0 pi\u0119kna rama z patyn\u0105 drobne uszkodzenia warto\u015b\u0107 kilka ty\u015b z\u0142<\/p>\n<p>Do ka\u017cdego przedmiotu Galeria wystawia certyfikat.<\/p>","protected":false},"featured_media":9649,"comment_status":"closed","ping_status":"closed","template":"","meta":[],"product_cat":[41,39,40],"product_tag":[],"class_list":{"0":"post-9648","1":"product","2":"type-product","3":"status-publish","4":"has-post-thumbnail","6":"product_cat-malarstwo-dawne","7":"product_cat-dziela-sztuki","8":"product_cat-malarstwo","10":"entry","11":"has-media","13":"first","14":"instock","15":"taxable","16":"shipping-taxable","17":"purchasable","18":"product-type-simple","19":"has-product-nav","20":"col","21":"span_1_of_3","22":"owp-content-center","23":"owp-thumbs-layout-horizontal","24":"owp-btn-normal","25":"owp-tabs-layout-horizontal"},"aioseo_notices":[],"_links":{"self":[{"href":"https:\/\/antykilion.pl\/fr\/wp-json\/wp\/v2\/product\/9648","targetHints":{"allow":["GET"]}}],"collection":[{"href":"https:\/\/antykilion.pl\/fr\/wp-json\/wp\/v2\/product"}],"about":[{"href":"https:\/\/antykilion.pl\/fr\/wp-json\/wp\/v2\/types\/product"}],"replies":[{"embeddable":true,"href":"https:\/\/antykilion.pl\/fr\/wp-json\/wp\/v2\/comments?post=9648"}],"wp:featuredmedia":[{"embeddable":true,"href":"https:\/\/antykilion.pl\/fr\/wp-json\/wp\/v2\/media\/9649"}],"wp:attachment":[{"href":"https:\/\/antykilion.pl\/fr\/wp-json\/wp\/v2\/media?parent=9648"}],"wp:term":[{"taxonomy":"product_cat","embeddable":true,"href":"https:\/\/antykilion.pl\/fr\/wp-json\/wp\/v2\/product_cat?post=9648"},{"taxonomy":"product_tag","embeddable":true,"href":"https:\/\/antykilion.pl\/fr\/wp-json\/wp\/v2\/product_tag?post=9648"}],"curies":[{"name":"wp","href":"https:\/\/api.w.org\/{rel}","templated":true}]}}