{"id":9654,"date":"2025-07-09T15:41:44","date_gmt":"2025-07-09T13:41:44","guid":{"rendered":"https:\/\/antykilion.pl\/?post_type=product&#038;p=9654"},"modified":"2025-07-09T15:41:45","modified_gmt":"2025-07-09T13:41:45","slug":"lustro-scienne-secesyjne-pelnoplastyczne-floralne-obledne-okolo-1900-r","status":"publish","type":"product","link":"https:\/\/antykilion.pl\/fr\/product\/lustro-scienne-secesyjne-pelnoplastyczne-floralne-obledne-okolo-1900-r\/","title":{"rendered":"Lustro \u015bcienne, secesyjne pe\u0142noplastyczne floralne, ob\u0142\u0119dne oko\u0142o 1900 r"},"content":{"rendered":"","protected":false},"excerpt":{"rendered":"<p>Lustro \u015bcienne, secesyjne pe\u0142noplastyczne floralne, ob\u0142\u0119dne oko\u0142o 1900 r<\/p>\n<p>z prostopad\u0142o\u015bcienn\u0105 tafl\u0105 uj\u0119t\u0105 ozdobn\u0105, z\u0142ot\u0105 ram\u0105, opasan\u0105 wygi\u0119tymi wst\u0119gowo, z\u0142oconymi \u0142odygami, zako\u0144czonymi w zwie\u0144czeniu i <\/p>\n<p>rogach pe\u0142noplastycznymi kwiatami na wachlarzach z li\u015bci;\u00a0 z\u0142ocone<\/p>\n<p>Konstrukcja &#8211;\u00a0 drewno oraz kredowo klejowe dekoracje na drutach<\/p>\n<p>Wymiary:\u00a0 ca\u0142o\u015b\u0107 wys. 120 cm, szer. 69 cm, g\u0142\u0119b. 20 cm;<\/p>\n<p>Pochodzenie: Austro-W\u0119gry<\/p>\n<p>Stan: bardzo dobry orginalna tafla z przebarwieniami jeden z kwiat\u00f3w ubytek zachowane orginalne plecy, stan orginalny rzadko\u015b\u0107<\/p>\n<p>Ogromna rzadko\u015b\u0107 tafla zachowana orginalna z przebarwieniami, ale w tym ca\u0142y urok!<\/p>\n<p>Okazja cenowa !!!<\/p>","protected":false},"featured_media":9655,"comment_status":"closed","ping_status":"closed","template":"","meta":[],"product_cat":[30,17],"product_tag":[],"class_list":{"0":"post-9654","1":"product","2":"type-product","3":"status-publish","4":"has-post-thumbnail","6":"product_cat-lustra","7":"product_cat-meble","9":"entry","10":"has-media","12":"first","13":"instock","14":"taxable","15":"shipping-taxable","16":"purchasable","17":"product-type-simple","18":"has-product-nav","19":"col","20":"span_1_of_3","21":"owp-content-center","22":"owp-thumbs-layout-horizontal","23":"owp-btn-normal","24":"owp-tabs-layout-horizontal","25":"has-no-thumbnails"},"aioseo_notices":[],"_links":{"self":[{"href":"https:\/\/antykilion.pl\/fr\/wp-json\/wp\/v2\/product\/9654","targetHints":{"allow":["GET"]}}],"collection":[{"href":"https:\/\/antykilion.pl\/fr\/wp-json\/wp\/v2\/product"}],"about":[{"href":"https:\/\/antykilion.pl\/fr\/wp-json\/wp\/v2\/types\/product"}],"replies":[{"embeddable":true,"href":"https:\/\/antykilion.pl\/fr\/wp-json\/wp\/v2\/comments?post=9654"}],"wp:featuredmedia":[{"embeddable":true,"href":"https:\/\/antykilion.pl\/fr\/wp-json\/wp\/v2\/media\/9655"}],"wp:attachment":[{"href":"https:\/\/antykilion.pl\/fr\/wp-json\/wp\/v2\/media?parent=9654"}],"wp:term":[{"taxonomy":"product_cat","embeddable":true,"href":"https:\/\/antykilion.pl\/fr\/wp-json\/wp\/v2\/product_cat?post=9654"},{"taxonomy":"product_tag","embeddable":true,"href":"https:\/\/antykilion.pl\/fr\/wp-json\/wp\/v2\/product_tag?post=9654"}],"curies":[{"name":"wp","href":"https:\/\/api.w.org\/{rel}","templated":true}]}}